{"id":2257,"date":"2020-03-31T18:12:18","date_gmt":"2020-03-31T16:12:18","guid":{"rendered":"http:\/\/bergerlebnisse.com\/inverno\/inverno-fine-settimana-prolungato\/"},"modified":"2025-04-13T10:40:10","modified_gmt":"2025-04-13T08:40:10","slug":"inverno-fine-settimana-prolungato","status":"publish","type":"page","link":"https:\/\/bergerlebnisse.com\/it\/inverno\/inverno-fine-settimana-prolungato\/","title":{"rendered":"INVERNO FINE SETTIMANA PROLUNGATO"},"content":{"rendered":"\n<h1>\n\t\tCorsi di neve fresca a Solda il fine settimana\n\t<\/h1>\n\t<p>Lo sci touring apre la strada alle pi\u00f9 grandi esperienze di montagna e natura<\/p>\n\t\t\t\t<img decoding=\"async\" src=\"http:\/\/bergerlebnisse.com\/wp-content\/uploads\/2022\/10\/Skitourenkurs-Reschenpass.jpg\" alt=\"Skitourenkurs-Reschenpass\" itemprop=\"image\" title=\"Skitourenkurs-Reschenpass\" onerror=\"this.style.display='none'\"  \/>\n<h3>\n\t\tCorso di scialpinismo sul Passo Resia\n\t<\/h3>\n\t<p><b>date disiderato<\/b><\/p>\n\t\t\t<a href=\"http:\/\/bergerlebnisse.com\/it\/inverno\/inverno-fine-settimana-prolungato\/vw-04\/\" target=\"_self\">\n\t\t\t\t\t\t\tPer saperne di pi\u00f9\n\t\t\t\t\t<\/a>\n\t\t\t\t<img decoding=\"async\" src=\"http:\/\/bergerlebnisse.com\/wp-content\/uploads\/2020\/01\/P1010833.jpg\" alt=\"P1010833\" itemprop=\"image\" title=\"P1010833\" onerror=\"this.style.display='none'\"  \/>\n<h3>\n\t\tCorso di neve profonda per principianti\n\t<\/h3>\n\t<p><b>data desiderato<\/b><\/p>\n\t\t\t<a href=\"http:\/\/bergerlebnisse.com\/verlaengertes-wochenende-winter\/vw-01\/\" target=\"_self\">\n\t\t\t\t\t\t\tPer saperne di pi\u00f9\n\t\t\t\t\t<\/a>\n\t\t\t\t<img decoding=\"async\" src=\"http:\/\/bergerlebnisse.com\/wp-content\/uploads\/2020\/02\/Schnals2.jpg\" alt=\"Schnals2\" itemprop=\"image\" title=\"Schnals2\" onerror=\"this.style.display='none'\"  \/>\n<h3>\n\t\tTour sciistici &#8211; Val Senales\n\t<\/h3>\n\t<p><strong>2 giorni &#8211; fine settimana &#8211; appuntamento su richiesta<\/strong><\/p>\n\t\t\t<a href=\"http:\/\/bergerlebnisse.com\/verlaengertes-wochenende-winter\/vw-02\/\" target=\"_self\">\n\t\t\t\t\t\t\tPer saperne di pi\u00f9\n\t\t\t\t\t<\/a>\n\t\t\t\t<img decoding=\"async\" src=\"http:\/\/bergerlebnisse.com\/wp-content\/uploads\/2020\/02\/Martell6.jpg\" alt=\"Martell6\" itemprop=\"image\" title=\"Martell6\" onerror=\"this.style.display='none'\"  \/>\n<h3>\n\t\tTour sciistico esclusivo &#8211; Val Martello\n\t<\/h3>\n\t<p><b>3 giorni data desiderato\u00a0<\/b><\/p>\n\t\t\t<a href=\"http:\/\/bergerlebnisse.com\/verlaengertes-wochenende-winter\/vw-03\/\" target=\"_self\">\n\t\t\t\t\t\t\tPer saperne di pi\u00f9\n\t\t\t\t\t<\/a>\n\t\t\t\t<img decoding=\"async\" src=\"http:\/\/bergerlebnisse.com\/wp-content\/uploads\/2023\/02\/Skitouren-Leasertal-.jpg\" alt=\"Skitouren-Leasertal-\" itemprop=\"image\" title=\"Skitouren-Leasertal-\" onerror=\"this.style.display='none'\"  \/>\n<h3>\n\t\tScialpinismo in Val di Lesar\n\t<\/h3>\n\t<p><b>data disiderato<\/b><\/p>\n\n\t\t\t<a href=\"http:\/\/bergerlebnisse.com\/verlaengertes-wochenende-winter\/vw-03\/\" target=\"_self\">\n\t\t\t\t\t\t\tPer saperne di pi\u00f9\n\t\t\t\t\t<\/a>\n<h3>\n\t\tIl tuo tour dei desideri non \u00e8 incluso?\n\t<\/h3>\n\t<p><b>Se chiedi in anticipo, i tour individuali sono possibili in qualsiasi momento, pianifico il tour dei tuoi sogni insieme a te!<\/b><\/p>\n\t\t\t<a href=\"https:\/\/bergerlebnisse.com\/it\/pianificazione-dei-singoli-percorsi\/\" target=\"_self\">\n\t\t\t\t\t\t\tPer saperne di pi\u00f9\n\t\t\t\t\t<\/a>\n<h2>\n\t\tSUGGERIMENTO: Buoni regalo\n\t<\/h2>\n\t<h4>Regalare un&#8217;esperienza indimenticabile<\/h4>\nTutti i tour offerti possono anche essere forniti come voucher di avventura.<br \/>\nBasta selezionare il tour e la data desiderati e ti invieremo il tuo voucher regalo personale in PDF, che puoi semplicemente stampare da solo!\n\t\t\t<a href=\"http:\/\/bergerlebnisse.com\/it\/buono-regalo\/\" target=\"_self\">\n\t\t\t\t\t\tOrdinare un voucher\n\t\t\t\t\t<\/a>\n\t<h2>\n\t\t\t\tI NOSTRI PARTNER\n\t\t\t<\/h2>\n\t\t\t\t<a href=\"http:\/\/www.gasthaus-sonneck.it\/\"  target=\"_blank\" rel=\"noopener\"  itemprop=\"url\">\n\t\t\t\t<img decoding=\"async\" src=\"http:\/\/bergerlebnisse.com\/wp-content\/uploads\/2020\/02\/Logo-Sonneck.jpg\" alt=\"Logo Sonneck\" itemprop=\"image\" title=\"Logo Sonneck\" onerror=\"this.style.display='none'\"  \/>\n\t\t\t\t<\/a>\n\t\t\t\t<a href=\"http:\/\/hochseilgarten-laas.it\"  target=\"_blank\" rel=\"noopener\"  itemprop=\"url\">\n\t\t\t\t<img decoding=\"async\" src=\"http:\/\/bergerlebnisse.com\/wp-content\/uploads\/2020\/02\/Logo-Hochseilgarten.jpg\" alt=\"Logo corde alte corso\" itemprop=\"image\" title=\"Logo corde alte corso\" onerror=\"this.style.display='none'\"  \/>\n\t\t\t\t<\/a>\n\t\t\t\t<a href=\"https:\/\/www.schweitzer-getraenke.it\/\"  target=\"_blank\" rel=\"noopener\"  itemprop=\"url\">\n\t\t\t\t<img decoding=\"async\" src=\"http:\/\/bergerlebnisse.com\/wp-content\/uploads\/2020\/02\/Logo-Schweizer.jpg\" alt=\"Logo-Svizzero\" itemprop=\"image\" title=\"Logo-Svizzero\" onerror=\"this.style.display='none'\"  \/>\n\t\t\t\t<\/a>\n\t\t\t\t<a href=\"https:\/\/www.saegemuehle.it\/de\/\"  target=\"_blank\" rel=\"noopener\"  itemprop=\"url\">\n\t\t\t\t<img decoding=\"async\" src=\"http:\/\/bergerlebnisse.com\/wp-content\/uploads\/2020\/02\/Logo-S\u00e4gem\u00fchle.jpg\" alt=\"Segheria logo\" itemprop=\"image\" title=\"Segheria logo\" onerror=\"this.style.display='none'\"  \/>\n\t\t\t\t<\/a>\n\t\t\t\t<a href=\"https:\/\/www.bergfrieden.com\"  target=\"_blank\" rel=\"noopener\"  itemprop=\"url\">\n\t\t\t\t<img decoding=\"async\" src=\"http:\/\/bergerlebnisse.com\/wp-content\/uploads\/2020\/02\/Bergfrieden-Logo.jpg\" alt=\"Bergfrieden-Logo\" itemprop=\"image\" title=\"Bergfrieden-Logo\" onerror=\"this.style.display='none'\"  \/>\n\t\t\t\t<\/a>\n\t\t\t\t<a href=\"https:\/\/www.odler.it\/pizzeria-odler-laas\/\"  target=\"_blank\" rel=\"noopener\"  itemprop=\"url\">\n\t\t\t\t<img decoding=\"async\" src=\"http:\/\/bergerlebnisse.com\/wp-content\/uploads\/2020\/02\/logo_kl.jpg\" alt=\"logo_kl\" itemprop=\"image\" title=\"logo_kl\" onerror=\"this.style.display='none'\"  \/>\n\t\t\t\t<\/a>\n\n","protected":false},"excerpt":{"rendered":"<p>Corsi di neve fresca a Solda il fine settimana Lo sci touring apre la strada alle pi\u00f9 grandi esperienze di montagna e natura Corso di scialpinismo sul Passo Resia date disiderato Per saperne di pi\u00f9 Corso di neve profonda per principianti data desiderato Per saperne di pi\u00f9 Tour sciistici &#8211; Val Senales 2 giorni &#8211;&hellip;<\/p>\n","protected":false},"author":1,"featured_media":0,"parent":2199,"menu_order":0,"comment_status":"closed","ping_status":"closed","template":"","meta":{"inline_featured_image":false,"footnotes":""},"class_list":["post-2257","page","type-page","status-publish","hentry"],"yoast_head":"<!-- This site is optimized with the Yoast SEO plugin v26.8 - https:\/\/yoast.com\/product\/yoast-seo-wordpress\/ -->\n<title>Corsi di neve profonda e sci touring - corsi di 2 giorni<\/title>\n<meta name=\"description\" content=\"week-end prolungato - ideale per corsi di neve profonda e corsi di sci touring nella val Venosta\" \/>\n<meta name=\"robots\" content=\"index, follow, max-snippet:-1, max-image-preview:large, max-video-preview:-1\" \/>\n<link rel=\"canonical\" href=\"https:\/\/bergerlebnisse.com\/it\/inverno\/inverno-fine-settimana-prolungato\/\" \/>\n<meta property=\"og:locale\" content=\"it_IT\" \/>\n<meta property=\"og:type\" content=\"article\" \/>\n<meta property=\"og:title\" content=\"Corsi di neve profonda e sci touring - corsi di 2 giorni\" \/>\n<meta property=\"og:description\" content=\"week-end prolungato - ideale per corsi di neve profonda e corsi di sci touring nella val Venosta\" \/>\n<meta property=\"og:url\" content=\"https:\/\/bergerlebnisse.com\/it\/inverno\/inverno-fine-settimana-prolungato\/\" \/>\n<meta property=\"og:site_name\" content=\"Bergerlebnisse\" \/>\n<meta property=\"article:publisher\" content=\"https:\/\/www.facebook.com\/skischuletrafoi\" \/>\n<meta property=\"article:modified_time\" content=\"2025-04-13T08:40:10+00:00\" \/>\n<meta property=\"og:image\" content=\"http:\/\/bergerlebnisse.com\/wp-content\/uploads\/2022\/10\/Skitourenkurs-Reschenpass.jpg\" \/>\n<meta name=\"twitter:card\" content=\"summary_large_image\" \/>\n<meta name=\"twitter:label1\" content=\"Tempo di lettura stimato\" \/>\n\t<meta name=\"twitter:data1\" content=\"4 minuti\" \/>\n<script type=\"application\/ld+json\" class=\"yoast-schema-graph\">{\"@context\":\"https:\/\/schema.org\",\"@graph\":[{\"@type\":\"WebPage\",\"@id\":\"https:\/\/bergerlebnisse.com\/it\/inverno\/inverno-fine-settimana-prolungato\/\",\"url\":\"https:\/\/bergerlebnisse.com\/it\/inverno\/inverno-fine-settimana-prolungato\/\",\"name\":\"Corsi di neve profonda e sci touring - corsi di 2 giorni\",\"isPartOf\":{\"@id\":\"https:\/\/bergerlebnisse.com\/it\/#website\"},\"primaryImageOfPage\":{\"@id\":\"https:\/\/bergerlebnisse.com\/it\/inverno\/inverno-fine-settimana-prolungato\/#primaryimage\"},\"image\":{\"@id\":\"https:\/\/bergerlebnisse.com\/it\/inverno\/inverno-fine-settimana-prolungato\/#primaryimage\"},\"thumbnailUrl\":\"http:\/\/bergerlebnisse.com\/wp-content\/uploads\/2022\/10\/Skitourenkurs-Reschenpass.jpg\",\"datePublished\":\"2020-03-31T16:12:18+00:00\",\"dateModified\":\"2025-04-13T08:40:10+00:00\",\"description\":\"week-end prolungato - ideale per corsi di neve profonda e corsi di sci touring nella val Venosta\",\"breadcrumb\":{\"@id\":\"https:\/\/bergerlebnisse.com\/it\/inverno\/inverno-fine-settimana-prolungato\/#breadcrumb\"},\"inLanguage\":\"it-IT\",\"potentialAction\":[{\"@type\":\"ReadAction\",\"target\":[\"https:\/\/bergerlebnisse.com\/it\/inverno\/inverno-fine-settimana-prolungato\/\"]}]},{\"@type\":\"ImageObject\",\"inLanguage\":\"it-IT\",\"@id\":\"https:\/\/bergerlebnisse.com\/it\/inverno\/inverno-fine-settimana-prolungato\/#primaryimage\",\"url\":\"http:\/\/bergerlebnisse.com\/wp-content\/uploads\/2022\/10\/Skitourenkurs-Reschenpass.jpg\",\"contentUrl\":\"http:\/\/bergerlebnisse.com\/wp-content\/uploads\/2022\/10\/Skitourenkurs-Reschenpass.jpg\"},{\"@type\":\"BreadcrumbList\",\"@id\":\"https:\/\/bergerlebnisse.com\/it\/inverno\/inverno-fine-settimana-prolungato\/#breadcrumb\",\"itemListElement\":[{\"@type\":\"ListItem\",\"position\":1,\"name\":\"Startseite\",\"item\":\"https:\/\/bergerlebnisse.com\/it\/\"},{\"@type\":\"ListItem\",\"position\":2,\"name\":\"INVERNO\",\"item\":\"https:\/\/bergerlebnisse.com\/it\/inverno\/\"},{\"@type\":\"ListItem\",\"position\":3,\"name\":\"INVERNO FINE SETTIMANA PROLUNGATO\"}]},{\"@type\":\"WebSite\",\"@id\":\"https:\/\/bergerlebnisse.com\/it\/#website\",\"url\":\"https:\/\/bergerlebnisse.com\/it\/\",\"name\":\"Skischule Trafoi\",\"description\":\"Erlebe die S\u00fcdtiroler Berge mit einem Experten\",\"publisher\":{\"@id\":\"https:\/\/bergerlebnisse.com\/it\/#organization\"},\"potentialAction\":[{\"@type\":\"SearchAction\",\"target\":{\"@type\":\"EntryPoint\",\"urlTemplate\":\"https:\/\/bergerlebnisse.com\/it\/?s={search_term_string}\"},\"query-input\":{\"@type\":\"PropertyValueSpecification\",\"valueRequired\":true,\"valueName\":\"search_term_string\"}}],\"inLanguage\":\"it-IT\"},{\"@type\":\"Organization\",\"@id\":\"https:\/\/bergerlebnisse.com\/it\/#organization\",\"name\":\"Skischule Trafoi\",\"url\":\"https:\/\/bergerlebnisse.com\/it\/\",\"logo\":{\"@type\":\"ImageObject\",\"inLanguage\":\"it-IT\",\"@id\":\"https:\/\/bergerlebnisse.com\/it\/#\/schema\/logo\/image\/\",\"url\":\"\",\"contentUrl\":\"\",\"caption\":\"Skischule Trafoi\"},\"image\":{\"@id\":\"https:\/\/bergerlebnisse.com\/it\/#\/schema\/logo\/image\/\"},\"sameAs\":[\"https:\/\/www.facebook.com\/skischuletrafoi\",\"https:\/\/www.instagram.com\/skischule_trafoi\/\"]}]}<\/script>\n<!-- \/ Yoast SEO plugin. -->","yoast_head_json":{"title":"Corsi di neve profonda e sci touring - corsi di 2 giorni","description":"week-end prolungato - ideale per corsi di neve profonda e corsi di sci touring nella val Venosta","robots":{"index":"index","follow":"follow","max-snippet":"max-snippet:-1","max-image-preview":"max-image-preview:large","max-video-preview":"max-video-preview:-1"},"canonical":"https:\/\/bergerlebnisse.com\/it\/inverno\/inverno-fine-settimana-prolungato\/","og_locale":"it_IT","og_type":"article","og_title":"Corsi di neve profonda e sci touring - corsi di 2 giorni","og_description":"week-end prolungato - ideale per corsi di neve profonda e corsi di sci touring nella val Venosta","og_url":"https:\/\/bergerlebnisse.com\/it\/inverno\/inverno-fine-settimana-prolungato\/","og_site_name":"Bergerlebnisse","article_publisher":"https:\/\/www.facebook.com\/skischuletrafoi","article_modified_time":"2025-04-13T08:40:10+00:00","og_image":[{"url":"http:\/\/bergerlebnisse.com\/wp-content\/uploads\/2022\/10\/Skitourenkurs-Reschenpass.jpg","type":"","width":"","height":""}],"twitter_card":"summary_large_image","twitter_misc":{"Tempo di lettura stimato":"4 minuti"},"schema":{"@context":"https:\/\/schema.org","@graph":[{"@type":"WebPage","@id":"https:\/\/bergerlebnisse.com\/it\/inverno\/inverno-fine-settimana-prolungato\/","url":"https:\/\/bergerlebnisse.com\/it\/inverno\/inverno-fine-settimana-prolungato\/","name":"Corsi di neve profonda e sci touring - corsi di 2 giorni","isPartOf":{"@id":"https:\/\/bergerlebnisse.com\/it\/#website"},"primaryImageOfPage":{"@id":"https:\/\/bergerlebnisse.com\/it\/inverno\/inverno-fine-settimana-prolungato\/#primaryimage"},"image":{"@id":"https:\/\/bergerlebnisse.com\/it\/inverno\/inverno-fine-settimana-prolungato\/#primaryimage"},"thumbnailUrl":"http:\/\/bergerlebnisse.com\/wp-content\/uploads\/2022\/10\/Skitourenkurs-Reschenpass.jpg","datePublished":"2020-03-31T16:12:18+00:00","dateModified":"2025-04-13T08:40:10+00:00","description":"week-end prolungato - ideale per corsi di neve profonda e corsi di sci touring nella val Venosta","breadcrumb":{"@id":"https:\/\/bergerlebnisse.com\/it\/inverno\/inverno-fine-settimana-prolungato\/#breadcrumb"},"inLanguage":"it-IT","potentialAction":[{"@type":"ReadAction","target":["https:\/\/bergerlebnisse.com\/it\/inverno\/inverno-fine-settimana-prolungato\/"]}]},{"@type":"ImageObject","inLanguage":"it-IT","@id":"https:\/\/bergerlebnisse.com\/it\/inverno\/inverno-fine-settimana-prolungato\/#primaryimage","url":"http:\/\/bergerlebnisse.com\/wp-content\/uploads\/2022\/10\/Skitourenkurs-Reschenpass.jpg","contentUrl":"http:\/\/bergerlebnisse.com\/wp-content\/uploads\/2022\/10\/Skitourenkurs-Reschenpass.jpg"},{"@type":"BreadcrumbList","@id":"https:\/\/bergerlebnisse.com\/it\/inverno\/inverno-fine-settimana-prolungato\/#breadcrumb","itemListElement":[{"@type":"ListItem","position":1,"name":"Startseite","item":"https:\/\/bergerlebnisse.com\/it\/"},{"@type":"ListItem","position":2,"name":"INVERNO","item":"https:\/\/bergerlebnisse.com\/it\/inverno\/"},{"@type":"ListItem","position":3,"name":"INVERNO FINE SETTIMANA PROLUNGATO"}]},{"@type":"WebSite","@id":"https:\/\/bergerlebnisse.com\/it\/#website","url":"https:\/\/bergerlebnisse.com\/it\/","name":"Skischule Trafoi","description":"Erlebe die S\u00fcdtiroler Berge mit einem Experten","publisher":{"@id":"https:\/\/bergerlebnisse.com\/it\/#organization"},"potentialAction":[{"@type":"SearchAction","target":{"@type":"EntryPoint","urlTemplate":"https:\/\/bergerlebnisse.com\/it\/?s={search_term_string}"},"query-input":{"@type":"PropertyValueSpecification","valueRequired":true,"valueName":"search_term_string"}}],"inLanguage":"it-IT"},{"@type":"Organization","@id":"https:\/\/bergerlebnisse.com\/it\/#organization","name":"Skischule Trafoi","url":"https:\/\/bergerlebnisse.com\/it\/","logo":{"@type":"ImageObject","inLanguage":"it-IT","@id":"https:\/\/bergerlebnisse.com\/it\/#\/schema\/logo\/image\/","url":"","contentUrl":"","caption":"Skischule Trafoi"},"image":{"@id":"https:\/\/bergerlebnisse.com\/it\/#\/schema\/logo\/image\/"},"sameAs":["https:\/\/www.facebook.com\/skischuletrafoi","https:\/\/www.instagram.com\/skischule_trafoi\/"]}]}},"_links":{"self":[{"href":"https:\/\/bergerlebnisse.com\/it\/wp-json\/wp\/v2\/pages\/2257","targetHints":{"allow":["GET"]}}],"collection":[{"href":"https:\/\/bergerlebnisse.com\/it\/wp-json\/wp\/v2\/pages"}],"about":[{"href":"https:\/\/bergerlebnisse.com\/it\/wp-json\/wp\/v2\/types\/page"}],"author":[{"embeddable":true,"href":"https:\/\/bergerlebnisse.com\/it\/wp-json\/wp\/v2\/users\/1"}],"replies":[{"embeddable":true,"href":"https:\/\/bergerlebnisse.com\/it\/wp-json\/wp\/v2\/comments?post=2257"}],"version-history":[{"count":10,"href":"https:\/\/bergerlebnisse.com\/it\/wp-json\/wp\/v2\/pages\/2257\/revisions"}],"predecessor-version":[{"id":6763,"href":"https:\/\/bergerlebnisse.com\/it\/wp-json\/wp\/v2\/pages\/2257\/revisions\/6763"}],"up":[{"embeddable":true,"href":"https:\/\/bergerlebnisse.com\/it\/wp-json\/wp\/v2\/pages\/2199"}],"wp:attachment":[{"href":"https:\/\/bergerlebnisse.com\/it\/wp-json\/wp\/v2\/media?parent=2257"}],"curies":[{"name":"wp","href":"https:\/\/api.w.org\/{rel}","templated":true}]}}