{"id":2256,"date":"2020-03-31T18:11:24","date_gmt":"2020-03-31T16:11:24","guid":{"rendered":"http:\/\/bergerlebnisse.com\/inverno\/tour-giornalieri-inverno\/tt-06\/"},"modified":"2021-11-15T17:22:58","modified_gmt":"2021-11-15T16:22:58","slug":"tt-06","status":"publish","type":"page","link":"https:\/\/bergerlebnisse.com\/it\/inverno\/tour-giornalieri-inverno\/tt-06\/","title":{"rendered":"tt-06"},"content":{"rendered":"\n<h1>\n\t\tTour di giorno Val Venosta\n\t<\/h1>\n\t<b> 1 giorno<br \/>\nSe \u00e8 possibile registrarsi in anticipo in qualsiasi momento<\/b>\n<p>&nbsp;<\/p>\n<p><strong>Prezzo: <\/strong>per 1 persona \u20ac 250, per 2 persone \u20ac 125 a pers. e da 3 persone &#8211; \u20ac 85 a persona.<\/p>\n<p><strong>Suggerimento:<\/strong> L&#8217;attrezzatura mancante viene fornita gratuitamente!<\/p>\n<p>&nbsp;<\/p>\n<p><strong>attrazioni: <\/strong><\/p>\n<p>Piz Cristanas 3092 m ** (gruppo Sesvenna)<\/p>\n<p>Piz Sesvenna 3.204 m *** (gruppo sesvenna)<\/p>\n<p>Nockenkopf esterna o interna 2.768 m * (Roia)<\/p>\n<p>Griankopf 2.896 m ** (Roia)<\/p>\n<p>Cima Barba d&#8217;Orsa di Fuori 3.471 m *** (Vallelunga)<\/p>\n<p>Wei\u00dfseejoch 2.968 m ** (Vallelunga)<\/p>\n<p>Litznerspitze 3.206 m **<\/p>\n<p>Upiakopf 3.175 m ** (Val di Mazia)<\/p>\n<p>Ramudelkopf 3.340 m ** (Val di Mazia)<\/p>\n<p>Lazaunscharte 3.2253 m ** (Val di Mazia)<\/p>\n\n\n\t\t\t<a href=\"#\" id=\"fl-accordion--label-0\" tabindex=\"0\" aria-controls=\"fl-accordion--panel-0\">*\/**\/***\/**** Descrizione dei Livelli di difficolt\u00e0<\/a>\n\t\t\t\t\t\t\t<a href=\"#\" id=\"fl-accordion--icon-0\" tabindex=\"0\" aria-controls=\"fl-accordion--panel-0\"><i>Expand<\/i><\/a>\n\t\t<p><strong>*<\/strong> Ideale per i nuovi arrivati con salite da 3 a 5 ore in terreni moderatamente inclinati. Padroneggiare lo &#8220;stelo oscillante&#8221; sulla pista \u00e8 un prerequisito. (facile)<\/p>\n<p><strong>**<\/strong>Idealmente, hai gi\u00e0 frequentato un corso di base o hai conoscenze di base sufficienti. Condizioni da medie a buone sono desiderabili. Salite da mt. 800 a 1.100 se si gestiscono discese senza difficolt\u00e0 tecniche. Tuttavia, si dovrebbe gi\u00e0 avere una certa esperienza nello sci di neve profonda nel terreno.<\/p>\n<p><strong>***<\/strong> Buone condizioni e sci sicuro in tutti i tipi di neve, anche in terreni pi\u00f9 ripidi si dovrebbe padroneggiare cos\u00ec come quelli delle spazzature appuntite nel terreno pi\u00f9 ripido durante la salita. Salite giornalieri da 1.100 a 1.500 con tempi giornalieri di percorrenza da 3 a 5 ore<\/p>\n<p><strong>****<\/strong> Ottimo grado e tecnica sciistica, anche su terreni ripidi, camminare con ramponi sono prerequisiti ma non necessari in tutti i tour (allenamento neve profonda senza ramponi). Dovrebbero essere possibili salite fino a 1.800 mt. Buona o molto buona tecnica di sci per le discese in tutti i tipi di neve sono necessari.<\/p>\n\t\t\t<a href=\"#\" id=\"fl-accordion--label-0\" tabindex=\"0\" aria-controls=\"fl-accordion--panel-0\">PRENOTA ORA<\/a>\n\t\t\t\t\t\t\t<a href=\"#\" id=\"fl-accordion--icon-0\" tabindex=\"0\" aria-controls=\"fl-accordion--panel-0\"><i>Expand<\/i><\/a>\n\t\t\n<div class=\"wpcf7 no-js\" id=\"wpcf7-f3211-o1\" lang=\"de-DE\" dir=\"ltr\" data-wpcf7-id=\"3211\">\n<div class=\"screen-reader-response\"><p role=\"status\" aria-live=\"polite\" aria-atomic=\"true\"><\/p> <ul><\/ul><\/div>\n<form action=\"\/it\/wp-json\/wp\/v2\/pages\/2256#wpcf7-f3211-o1\" method=\"post\" class=\"wpcf7-form init\" aria-label=\"Kontaktformular\" novalidate=\"novalidate\" data-status=\"init\">\n<fieldset class=\"hidden-fields-container\"><input type=\"hidden\" name=\"_wpcf7\" value=\"3211\" \/><input type=\"hidden\" name=\"_wpcf7_version\" value=\"6.1.5\" \/><input type=\"hidden\" name=\"_wpcf7_locale\" value=\"de_DE\" \/><input type=\"hidden\" name=\"_wpcf7_unit_tag\" value=\"wpcf7-f3211-o1\" \/><input type=\"hidden\" name=\"_wpcf7_container_post\" value=\"0\" \/><input type=\"hidden\" name=\"_wpcf7_posted_data_hash\" value=\"\" \/><input type=\"hidden\" name=\"_wpcf7_recaptcha_response\" value=\"\" \/>\n<\/fieldset>\n<p><label> Nome*<br \/>\n<span class=\"wpcf7-form-control-wrap\" data-name=\"your-name\"><input size=\"40\" maxlength=\"400\" class=\"wpcf7-form-control wpcf7-text wpcf7-validates-as-required\" aria-required=\"true\" aria-invalid=\"false\" value=\"\" type=\"text\" name=\"your-name\" \/><\/span> <\/label>\n<\/p>\n<p><label> Cognome*<br \/>\n<span class=\"wpcf7-form-control-wrap\" data-name=\"Nachname\"><input size=\"40\" maxlength=\"400\" class=\"wpcf7-form-control wpcf7-text wpcf7-validates-as-required\" aria-required=\"true\" aria-invalid=\"false\" value=\"\" type=\"text\" name=\"Nachname\" \/><\/span> <\/label>\n<\/p>\n<p><label> Email*<br \/>\n<span class=\"wpcf7-form-control-wrap\" data-name=\"your-email\"><input size=\"40\" maxlength=\"400\" class=\"wpcf7-form-control wpcf7-email wpcf7-validates-as-required wpcf7-text wpcf7-validates-as-email\" aria-required=\"true\" aria-invalid=\"false\" value=\"\" type=\"email\" name=\"your-email\" \/><\/span> <\/label>\n<\/p>\n<p><label> Telefono*<br \/>\n<span class=\"wpcf7-form-control-wrap\" data-name=\"tel-896\"><input size=\"40\" maxlength=\"400\" class=\"wpcf7-form-control wpcf7-tel wpcf7-text wpcf7-validates-as-tel\" aria-invalid=\"false\" value=\"\" type=\"tel\" name=\"tel-896\" \/><\/span> <\/label>\n<\/p>\n<p><label> Si prega di specificare il tour desiderato*<br \/>\n<span class=\"wpcf7-form-control-wrap\" data-name=\"Wunschtour\"><input size=\"40\" maxlength=\"400\" class=\"wpcf7-form-control wpcf7-text wpcf7-validates-as-required\" aria-required=\"true\" aria-invalid=\"false\" value=\"\" type=\"text\" name=\"Wunschtour\" \/><\/span> <\/label>\n<\/p>\n<p><label> Partecipanti*<br \/>\n<span class=\"wpcf7-form-control-wrap\" data-name=\"menu-943\"><select class=\"wpcf7-form-control wpcf7-select wpcf7-validates-as-required\" aria-required=\"true\" aria-invalid=\"false\" name=\"menu-943\"><option value=\"\">&#8211; Bitte ausw\u00e4hlen &#8211;<\/option><option value=\"1\">1<\/option><option value=\"2\">2<\/option><option value=\"3\">3<\/option><option value=\"4\">4<\/option><option value=\"5\">5<\/option><option value=\"6\">6<\/option><option value=\"7\">7<\/option><option value=\"8\">8<\/option><option value=\"9\">9<\/option><option value=\"10\">10<\/option><option value=\"&gt;10\">&gt;10<\/option><\/select><\/span> <\/label>\n<\/p>\n<p><label> Messaggio<br \/>\n<span class=\"wpcf7-form-control-wrap\" data-name=\"your-message\"><textarea cols=\"40\" rows=\"10\" maxlength=\"2000\" class=\"wpcf7-form-control wpcf7-textarea\" aria-invalid=\"false\" name=\"your-message\"><\/textarea><\/span> <\/label>\n<\/p>\n<p><span class=\"wpcf7-form-control-wrap\" data-name=\"checkbox-327\"><span class=\"wpcf7-form-control wpcf7-checkbox wpcf7-validates-as-required wpcf7-exclusive-checkbox\"><span class=\"wpcf7-list-item first last\"><input type=\"checkbox\" name=\"checkbox-327\" value=\"Con l&#039;invio si accettano le nostre norme AGB e le norme sulla protezione dei dati.\" \/><span class=\"wpcf7-list-item-label\">Con l&#039;invio si accettano le nostre norme AGB e le norme sulla protezione dei dati.<\/span><\/span><\/span><\/span>\n<\/p>\n<p><input class=\"wpcf7-form-control wpcf7-submit has-spinner\" type=\"submit\" value=\"Inviare\" \/>\n<\/p><div class=\"wpcf7-response-output\" aria-hidden=\"true\"><\/div>\n<\/form>\n<\/div>\n\n\t\t\t<a href=\"http:\/\/bergerlebnisse.com\/it\/inverno\/\" target=\"_self\" role=\"button\" rel=\"noopener noreferrer\">\n\t\t\t\t\t\tIndietro\n\t\t\t\t\t<\/a>\n<h2>\n\t\tSUGGERIMENTO: Buoni regalo\n\t<\/h2>\n\t<h4>Regalare un&#8217;esperienza indimenticabile<\/h4>\nTutti i tour offerti possono anche essere forniti come voucher di avventura.<br \/>\nBasta selezionare il tour e la data desiderati e ti invieremo il tuo voucher regalo personale in PDF, che puoi semplicemente stampare da solo!\n\t\t\t<a href=\"http:\/\/bergerlebnisse.com\/it\/buono-regalo\/\" target=\"_self\" role=\"button\" rel=\"noopener noreferrer\">\n\t\t\t\t\t\tOrdinare un voucher\n\t\t\t\t\t<\/a>\n\t<h2>\n\t\t\t\tI NOSTRI PARTNER\n\t\t\t<\/h2>\n\t\t\t\t<img loading=\"lazy\" decoding=\"async\" src=\"http:\/\/bergerlebnisse.com\/wp-content\/uploads\/2020\/02\/Logo-Sonneck.jpg\" alt=\"Logo Sonneck\" itemprop=\"image\" height=\"80\" width=\"314\" title=\"Logo Sonneck\" onerror=\"this.style.display='none'\"  \/>\n\t\t\t\t<img loading=\"lazy\" decoding=\"async\" src=\"http:\/\/bergerlebnisse.com\/wp-content\/uploads\/2020\/02\/Logo-Schweizer.jpg\" alt=\"Logo-Svizzero\" itemprop=\"image\" height=\"80\" width=\"129\" title=\"Logo-Svizzero\" onerror=\"this.style.display='none'\"  \/>\n\t\t\t\t<img loading=\"lazy\" decoding=\"async\" src=\"http:\/\/bergerlebnisse.com\/wp-content\/uploads\/2020\/02\/Logo-S\u00e4gem\u00fchle.jpg\" alt=\"Segheria logo\" itemprop=\"image\" height=\"80\" width=\"158\" title=\"Segheria logo\" onerror=\"this.style.display='none'\"  \/>\n\t\t\t\t<img loading=\"lazy\" decoding=\"async\" src=\"http:\/\/bergerlebnisse.com\/wp-content\/uploads\/2020\/02\/Logo-Hotel-Bergfrieden.jpg\" alt=\"Logo-Hotel-Bergfrieden\" itemprop=\"image\" height=\"80\" width=\"121\" title=\"Logo-Hotel-Bergfrieden\" onerror=\"this.style.display='none'\"  \/>\n\t\t\t\t<img loading=\"lazy\" decoding=\"async\" src=\"http:\/\/bergerlebnisse.com\/wp-content\/uploads\/2020\/02\/Logo-Odler.jpg\" alt=\"Logo-Odler\" itemprop=\"image\" height=\"80\" width=\"134\" title=\"Logo-Odler\" onerror=\"this.style.display='none'\"  \/>\n\n","protected":false},"excerpt":{"rendered":"<p>Tour di giorno Val Venosta 1 giorno Se \u00e8 possibile registrarsi in anticipo in qualsiasi momento &nbsp; Prezzo: per 1 persona \u20ac 250, per 2 persone \u20ac 125 a pers. e da 3 persone &#8211; \u20ac 85 a persona. Suggerimento: L&#8217;attrezzatura mancante viene fornita gratuitamente! &nbsp; attrazioni: Piz Cristanas 3092 m ** (gruppo Sesvenna) Piz&hellip;<\/p>\n","protected":false},"author":1,"featured_media":0,"parent":2241,"menu_order":0,"comment_status":"closed","ping_status":"closed","template":"","meta":{"inline_featured_image":false,"footnotes":""},"class_list":["post-2256","page","type-page","status-publish","hentry"],"yoast_head":"<!-- This site is optimized with the Yoast SEO plugin v26.8 - https:\/\/yoast.com\/product\/yoast-seo-wordpress\/ -->\n<title>Escursioni in Alto Adige - visite guidate di sci Val Venosta<\/title>\n<meta name=\"description\" content=\"visite guidate di sci \/ tour giornalieri nella val Venosta\" \/>\n<meta name=\"robots\" content=\"index, follow, max-snippet:-1, max-image-preview:large, max-video-preview:-1\" \/>\n<link rel=\"canonical\" href=\"https:\/\/bergerlebnisse.com\/it\/inverno\/tour-giornalieri-inverno\/tt-06\/\" \/>\n<meta property=\"og:locale\" content=\"it_IT\" \/>\n<meta property=\"og:type\" content=\"article\" \/>\n<meta property=\"og:title\" content=\"Escursioni in Alto Adige - visite guidate di sci Val Venosta\" \/>\n<meta property=\"og:description\" content=\"visite guidate di sci \/ tour giornalieri nella val Venosta\" \/>\n<meta property=\"og:url\" content=\"https:\/\/bergerlebnisse.com\/it\/inverno\/tour-giornalieri-inverno\/tt-06\/\" \/>\n<meta property=\"og:site_name\" content=\"Bergerlebnisse\" \/>\n<meta property=\"article:publisher\" content=\"https:\/\/www.facebook.com\/skischuletrafoi\" \/>\n<meta property=\"article:modified_time\" content=\"2021-11-15T16:22:58+00:00\" \/>\n<meta property=\"og:image\" content=\"http:\/\/bergerlebnisse.com\/wp-content\/uploads\/2020\/02\/Logo-Sonneck.jpg\" \/>\n<meta name=\"twitter:card\" content=\"summary_large_image\" \/>\n<meta name=\"twitter:label1\" content=\"Tempo di lettura stimato\" \/>\n\t<meta name=\"twitter:data1\" content=\"2 minuti\" \/>\n<script type=\"application\/ld+json\" class=\"yoast-schema-graph\">{\"@context\":\"https:\/\/schema.org\",\"@graph\":[{\"@type\":\"WebPage\",\"@id\":\"https:\/\/bergerlebnisse.com\/it\/inverno\/tour-giornalieri-inverno\/tt-06\/\",\"url\":\"https:\/\/bergerlebnisse.com\/it\/inverno\/tour-giornalieri-inverno\/tt-06\/\",\"name\":\"Escursioni in Alto Adige - visite guidate di sci Val Venosta\",\"isPartOf\":{\"@id\":\"https:\/\/bergerlebnisse.com\/it\/#website\"},\"primaryImageOfPage\":{\"@id\":\"https:\/\/bergerlebnisse.com\/it\/inverno\/tour-giornalieri-inverno\/tt-06\/#primaryimage\"},\"image\":{\"@id\":\"https:\/\/bergerlebnisse.com\/it\/inverno\/tour-giornalieri-inverno\/tt-06\/#primaryimage\"},\"thumbnailUrl\":\"http:\/\/bergerlebnisse.com\/wp-content\/uploads\/2020\/02\/Logo-Sonneck.jpg\",\"datePublished\":\"2020-03-31T16:11:24+00:00\",\"dateModified\":\"2021-11-15T16:22:58+00:00\",\"description\":\"visite guidate di sci \/ tour giornalieri nella val Venosta\",\"breadcrumb\":{\"@id\":\"https:\/\/bergerlebnisse.com\/it\/inverno\/tour-giornalieri-inverno\/tt-06\/#breadcrumb\"},\"inLanguage\":\"it-IT\",\"potentialAction\":[{\"@type\":\"ReadAction\",\"target\":[\"https:\/\/bergerlebnisse.com\/it\/inverno\/tour-giornalieri-inverno\/tt-06\/\"]}]},{\"@type\":\"ImageObject\",\"inLanguage\":\"it-IT\",\"@id\":\"https:\/\/bergerlebnisse.com\/it\/inverno\/tour-giornalieri-inverno\/tt-06\/#primaryimage\",\"url\":\"http:\/\/bergerlebnisse.com\/wp-content\/uploads\/2020\/02\/Logo-Sonneck.jpg\",\"contentUrl\":\"http:\/\/bergerlebnisse.com\/wp-content\/uploads\/2020\/02\/Logo-Sonneck.jpg\"},{\"@type\":\"BreadcrumbList\",\"@id\":\"https:\/\/bergerlebnisse.com\/it\/inverno\/tour-giornalieri-inverno\/tt-06\/#breadcrumb\",\"itemListElement\":[{\"@type\":\"ListItem\",\"position\":1,\"name\":\"Startseite\",\"item\":\"https:\/\/bergerlebnisse.com\/it\/\"},{\"@type\":\"ListItem\",\"position\":2,\"name\":\"INVERNO\",\"item\":\"https:\/\/bergerlebnisse.com\/it\/inverno\/\"},{\"@type\":\"ListItem\",\"position\":3,\"name\":\"TOUR GIORNALIERI INVERNO\",\"item\":\"https:\/\/bergerlebnisse.com\/it\/inverno\/tour-giornalieri-inverno\/\"},{\"@type\":\"ListItem\",\"position\":4,\"name\":\"tt-06\"}]},{\"@type\":\"WebSite\",\"@id\":\"https:\/\/bergerlebnisse.com\/it\/#website\",\"url\":\"https:\/\/bergerlebnisse.com\/it\/\",\"name\":\"Skischule Trafoi\",\"description\":\"Erlebe die S\u00fcdtiroler Berge mit einem Experten\",\"publisher\":{\"@id\":\"https:\/\/bergerlebnisse.com\/it\/#organization\"},\"potentialAction\":[{\"@type\":\"SearchAction\",\"target\":{\"@type\":\"EntryPoint\",\"urlTemplate\":\"https:\/\/bergerlebnisse.com\/it\/?s={search_term_string}\"},\"query-input\":{\"@type\":\"PropertyValueSpecification\",\"valueRequired\":true,\"valueName\":\"search_term_string\"}}],\"inLanguage\":\"it-IT\"},{\"@type\":\"Organization\",\"@id\":\"https:\/\/bergerlebnisse.com\/it\/#organization\",\"name\":\"Skischule Trafoi\",\"url\":\"https:\/\/bergerlebnisse.com\/it\/\",\"logo\":{\"@type\":\"ImageObject\",\"inLanguage\":\"it-IT\",\"@id\":\"https:\/\/bergerlebnisse.com\/it\/#\/schema\/logo\/image\/\",\"url\":\"\",\"contentUrl\":\"\",\"caption\":\"Skischule Trafoi\"},\"image\":{\"@id\":\"https:\/\/bergerlebnisse.com\/it\/#\/schema\/logo\/image\/\"},\"sameAs\":[\"https:\/\/www.facebook.com\/skischuletrafoi\",\"https:\/\/www.instagram.com\/skischule_trafoi\/\"]}]}<\/script>\n<!-- \/ Yoast SEO plugin. -->","yoast_head_json":{"title":"Escursioni in Alto Adige - visite guidate di sci Val Venosta","description":"visite guidate di sci \/ tour giornalieri nella val Venosta","robots":{"index":"index","follow":"follow","max-snippet":"max-snippet:-1","max-image-preview":"max-image-preview:large","max-video-preview":"max-video-preview:-1"},"canonical":"https:\/\/bergerlebnisse.com\/it\/inverno\/tour-giornalieri-inverno\/tt-06\/","og_locale":"it_IT","og_type":"article","og_title":"Escursioni in Alto Adige - visite guidate di sci Val Venosta","og_description":"visite guidate di sci \/ tour giornalieri nella val Venosta","og_url":"https:\/\/bergerlebnisse.com\/it\/inverno\/tour-giornalieri-inverno\/tt-06\/","og_site_name":"Bergerlebnisse","article_publisher":"https:\/\/www.facebook.com\/skischuletrafoi","article_modified_time":"2021-11-15T16:22:58+00:00","og_image":[{"url":"http:\/\/bergerlebnisse.com\/wp-content\/uploads\/2020\/02\/Logo-Sonneck.jpg","type":"","width":"","height":""}],"twitter_card":"summary_large_image","twitter_misc":{"Tempo di lettura stimato":"2 minuti"},"schema":{"@context":"https:\/\/schema.org","@graph":[{"@type":"WebPage","@id":"https:\/\/bergerlebnisse.com\/it\/inverno\/tour-giornalieri-inverno\/tt-06\/","url":"https:\/\/bergerlebnisse.com\/it\/inverno\/tour-giornalieri-inverno\/tt-06\/","name":"Escursioni in Alto Adige - visite guidate di sci Val Venosta","isPartOf":{"@id":"https:\/\/bergerlebnisse.com\/it\/#website"},"primaryImageOfPage":{"@id":"https:\/\/bergerlebnisse.com\/it\/inverno\/tour-giornalieri-inverno\/tt-06\/#primaryimage"},"image":{"@id":"https:\/\/bergerlebnisse.com\/it\/inverno\/tour-giornalieri-inverno\/tt-06\/#primaryimage"},"thumbnailUrl":"http:\/\/bergerlebnisse.com\/wp-content\/uploads\/2020\/02\/Logo-Sonneck.jpg","datePublished":"2020-03-31T16:11:24+00:00","dateModified":"2021-11-15T16:22:58+00:00","description":"visite guidate di sci \/ tour giornalieri nella val Venosta","breadcrumb":{"@id":"https:\/\/bergerlebnisse.com\/it\/inverno\/tour-giornalieri-inverno\/tt-06\/#breadcrumb"},"inLanguage":"it-IT","potentialAction":[{"@type":"ReadAction","target":["https:\/\/bergerlebnisse.com\/it\/inverno\/tour-giornalieri-inverno\/tt-06\/"]}]},{"@type":"ImageObject","inLanguage":"it-IT","@id":"https:\/\/bergerlebnisse.com\/it\/inverno\/tour-giornalieri-inverno\/tt-06\/#primaryimage","url":"http:\/\/bergerlebnisse.com\/wp-content\/uploads\/2020\/02\/Logo-Sonneck.jpg","contentUrl":"http:\/\/bergerlebnisse.com\/wp-content\/uploads\/2020\/02\/Logo-Sonneck.jpg"},{"@type":"BreadcrumbList","@id":"https:\/\/bergerlebnisse.com\/it\/inverno\/tour-giornalieri-inverno\/tt-06\/#breadcrumb","itemListElement":[{"@type":"ListItem","position":1,"name":"Startseite","item":"https:\/\/bergerlebnisse.com\/it\/"},{"@type":"ListItem","position":2,"name":"INVERNO","item":"https:\/\/bergerlebnisse.com\/it\/inverno\/"},{"@type":"ListItem","position":3,"name":"TOUR GIORNALIERI INVERNO","item":"https:\/\/bergerlebnisse.com\/it\/inverno\/tour-giornalieri-inverno\/"},{"@type":"ListItem","position":4,"name":"tt-06"}]},{"@type":"WebSite","@id":"https:\/\/bergerlebnisse.com\/it\/#website","url":"https:\/\/bergerlebnisse.com\/it\/","name":"Skischule Trafoi","description":"Erlebe die S\u00fcdtiroler Berge mit einem Experten","publisher":{"@id":"https:\/\/bergerlebnisse.com\/it\/#organization"},"potentialAction":[{"@type":"SearchAction","target":{"@type":"EntryPoint","urlTemplate":"https:\/\/bergerlebnisse.com\/it\/?s={search_term_string}"},"query-input":{"@type":"PropertyValueSpecification","valueRequired":true,"valueName":"search_term_string"}}],"inLanguage":"it-IT"},{"@type":"Organization","@id":"https:\/\/bergerlebnisse.com\/it\/#organization","name":"Skischule Trafoi","url":"https:\/\/bergerlebnisse.com\/it\/","logo":{"@type":"ImageObject","inLanguage":"it-IT","@id":"https:\/\/bergerlebnisse.com\/it\/#\/schema\/logo\/image\/","url":"","contentUrl":"","caption":"Skischule Trafoi"},"image":{"@id":"https:\/\/bergerlebnisse.com\/it\/#\/schema\/logo\/image\/"},"sameAs":["https:\/\/www.facebook.com\/skischuletrafoi","https:\/\/www.instagram.com\/skischule_trafoi\/"]}]}},"_links":{"self":[{"href":"https:\/\/bergerlebnisse.com\/it\/wp-json\/wp\/v2\/pages\/2256","targetHints":{"allow":["GET"]}}],"collection":[{"href":"https:\/\/bergerlebnisse.com\/it\/wp-json\/wp\/v2\/pages"}],"about":[{"href":"https:\/\/bergerlebnisse.com\/it\/wp-json\/wp\/v2\/types\/page"}],"author":[{"embeddable":true,"href":"https:\/\/bergerlebnisse.com\/it\/wp-json\/wp\/v2\/users\/1"}],"replies":[{"embeddable":true,"href":"https:\/\/bergerlebnisse.com\/it\/wp-json\/wp\/v2\/comments?post=2256"}],"version-history":[{"count":2,"href":"https:\/\/bergerlebnisse.com\/it\/wp-json\/wp\/v2\/pages\/2256\/revisions"}],"predecessor-version":[{"id":3596,"href":"https:\/\/bergerlebnisse.com\/it\/wp-json\/wp\/v2\/pages\/2256\/revisions\/3596"}],"up":[{"embeddable":true,"href":"https:\/\/bergerlebnisse.com\/it\/wp-json\/wp\/v2\/pages\/2241"}],"wp:attachment":[{"href":"https:\/\/bergerlebnisse.com\/it\/wp-json\/wp\/v2\/media?parent=2256"}],"curies":[{"name":"wp","href":"https:\/\/api.w.org\/{rel}","templated":true}]}}