{"id":2230,"date":"2020-03-31T15:29:22","date_gmt":"2020-03-31T13:29:22","guid":{"rendered":"http:\/\/bergerlebnisse.com\/inverno\/skitourenweeks-courses\/w-06\/"},"modified":"2025-09-02T15:53:56","modified_gmt":"2025-09-02T13:53:56","slug":"w-06","status":"publish","type":"page","link":"https:\/\/bergerlebnisse.com\/it\/inverno\/skitourenweeks-courses\/w-06\/","title":{"rendered":"W-06"},"content":{"rendered":"\n<h1>\n\t\t\tTour ad alta velocit\u00e0 Sci Valle Maria (Piemonte)\t<\/h1>\n\t<p><strong>Data: <\/strong>31.01.-07.02.2026<strong>\u00a0<\/strong><\/p>\n<p><strong>Servizi:<\/strong> Visita guidata, 6 x mezza pensione in un bel Agriturismo<\/p>\n<strong>Partecipanti: <\/strong>4-6 persone<strong><br \/>\nPrezzo:<\/strong> \u20ac 1.350 a persona<br \/>\n<strong>Livello di<br \/>\ndifficolt\u00e0: tempo di percorrent\u00e0: <\/strong>3-4 ore<br \/>\n<strong>Metri di elevazione:<\/strong>da 1.000 a 1.300<strong><br \/>\n<\/strong>\n<p>L&#8217;attrezzatura mancante viene fornita a un cost aggiuntivo !<\/p>\n<b>Arrivo:<\/b><br \/>\nVerona, Milano, Brescia, Alessandria e Cuneo<br \/>\nProgramma accurato su richiesta.\n\n\t\t\t\t\t<a href=\"#\"  id=\"fl-accordion--label-0\" tabindex=\"0\" aria-controls=\"fl-accordion--panel-0\">*\/**\/***\/**** Descrizione dei Livelli di difficolt\u00e0<\/a>\n\t\t\t\t\t\t\t\t\t\t\t<a href=\"#\" id=\"fl-accordion--icon-0\"  tabindex=\"0\"><i title=\"Expand\">Expand<\/i><\/a>\n\t\t\t\t\t<p><strong>*<\/strong> Ideale per i nuovi arrivati con salite da 3 a 5 ore in terreni moderatamente inclinati. Padroneggiare lo &#8220;stelo oscillante&#8221; sulla pista \u00e8 un prerequisito. (facile)<\/p>\n<p><strong>**<\/strong>Idealmente, hai gi\u00e0 frequentato un corso di base o hai conoscenze di base sufficienti. Condizioni da medie a buone sono desiderabili. Salite da mt. 800 a 1.100 se si gestiscono discese senza difficolt\u00e0 tecniche. Tuttavia, si dovrebbe gi\u00e0 avere una certa esperienza nello sci di neve profonda nel terreno.<\/p>\n<p><strong>***<\/strong> Buone condizioni e sci sicuro in tutti i tipi di neve, anche in terreni pi\u00f9 ripidi si dovrebbe padroneggiare cos\u00ec come quelli delle spazzature appuntite nel terreno pi\u00f9 ripido durante la salita. Salite giornalieri da 1.100 a 1.500 con tempi giornalieri di percorrenza da 3 a 5 ore<\/p>\n<p><strong>****<\/strong> Ottimo grado e tecnica sciistica, anche su terreni ripidi, camminare con ramponi sono prerequisiti ma non necessari in tutti i tour (allenamento neve profonda senza ramponi). Dovrebbero essere possibili salite fino a 1.800 mt. Buona o molto buona tecnica di sci per le discese in tutti i tipi di neve sono necessari.<\/p>\n\t\t\t<a href=\"https:\/\/bergerlebnisse.com\/it\/richiesta-prenotazione\/\" target=\"_self\">\n\t\t\t\t\t\t\trichiesta \/ prenotazione\n\t\t\t\t\t<\/a>\n<h2>\n\t\t\tSUGGERIMENTO: Buoni regalo\t<\/h2>\n\t<h4>Regalare un&#8217;esperienza indimenticabile<\/h4>\nTutti i tour offerti possono anche essere forniti come voucher di avventura.<br \/>\nBasta selezionare il tour e la data desiderati e ti invieremo il tuo voucher regalo personale in PDF, che puoi semplicemente stampare da solo!\n\t\t\t<a href=\"http:\/\/bergerlebnisse.com\/it\/buono-regalo\/\" target=\"_self\">\n\t\t\t\t\t\tOrdinare un voucher\n\t\t\t\t\t<\/a>\n\t<h2>\n\t\t\t\tI NOSTRI PARTNER\n\t\t\t<\/h2>\n\t\t\t\t<a href=\"http:\/\/www.gasthaus-sonneck.it\/\"  target=\"_blank\" rel=\"noopener\"  itemprop=\"url\">\n\t\t\t\t<img decoding=\"async\" src=\"http:\/\/bergerlebnisse.com\/wp-content\/uploads\/2020\/02\/Logo-Sonneck.jpg\" alt=\"Logo Sonneck\" itemprop=\"image\" title=\"Logo Sonneck\" onerror=\"this.style.display='none'\" loading=\"lazy\" \/>\n\t\t\t\t<\/a>\n\t\t\t\t<a href=\"http:\/\/hochseilgarten-laas.it\"  target=\"_blank\" rel=\"noopener\"  itemprop=\"url\">\n\t\t\t\t<img decoding=\"async\" src=\"http:\/\/bergerlebnisse.com\/wp-content\/uploads\/2020\/02\/Logo-Hochseilgarten.jpg\" alt=\"Logo corde alte corso\" itemprop=\"image\" title=\"Logo corde alte corso\" onerror=\"this.style.display='none'\" loading=\"lazy\" \/>\n\t\t\t\t<\/a>\n\t\t\t\t<a href=\"https:\/\/www.schweitzer-getraenke.it\/\"  target=\"_blank\" rel=\"noopener\"  itemprop=\"url\">\n\t\t\t\t<img decoding=\"async\" src=\"http:\/\/bergerlebnisse.com\/wp-content\/uploads\/2020\/02\/Logo-Schweizer.jpg\" alt=\"Logo-Svizzero\" itemprop=\"image\" title=\"Logo-Svizzero\" onerror=\"this.style.display='none'\" loading=\"lazy\" \/>\n\t\t\t\t<\/a>\n\t\t\t\t<a href=\"https:\/\/www.saegemuehle.it\/de\/\"  target=\"_blank\" rel=\"noopener\"  itemprop=\"url\">\n\t\t\t\t<img decoding=\"async\" src=\"http:\/\/bergerlebnisse.com\/wp-content\/uploads\/2020\/02\/Logo-S\u00e4gem\u00fchle.jpg\" alt=\"Segheria logo\" itemprop=\"image\" title=\"Segheria logo\" onerror=\"this.style.display='none'\" loading=\"lazy\" \/>\n\t\t\t\t<\/a>\n\t\t\t\t<a href=\"https:\/\/www.bergfrieden.com\"  target=\"_blank\" rel=\"noopener\"  itemprop=\"url\">\n\t\t\t\t<img decoding=\"async\" src=\"http:\/\/bergerlebnisse.com\/wp-content\/uploads\/2020\/02\/Bergfrieden-Logo.jpg\" alt=\"Bergfrieden-Logo\" itemprop=\"image\" title=\"Bergfrieden-Logo\" onerror=\"this.style.display='none'\" loading=\"lazy\" \/>\n\t\t\t\t<\/a>\n\t\t\t\t<a href=\"https:\/\/www.odler.it\/pizzeria-odler-laas\/\"  target=\"_blank\" rel=\"noopener\"  itemprop=\"url\">\n\t\t\t\t<img decoding=\"async\" src=\"http:\/\/bergerlebnisse.com\/wp-content\/uploads\/2020\/02\/logo_kl.jpg\" alt=\"logo_kl\" itemprop=\"image\" title=\"logo_kl\" onerror=\"this.style.display='none'\" loading=\"lazy\" \/>\n\t\t\t\t<\/a>\n\n","protected":false},"excerpt":{"rendered":"<p>Tour ad alta velocit\u00e0 Sci Valle Maria (Piemonte) Data: 31.01.-07.02.2026\u00a0 Servizi: Visita guidata, 6 x mezza pensione in un bel Agriturismo Partecipanti: 4-6 persone Prezzo: \u20ac 1.350 a persona Livello di difficolt\u00e0: tempo di percorrent\u00e0: 3-4 ore Metri di elevazione:da 1.000 a 1.300 L&#8217;attrezzatura mancante viene fornita a un cost aggiuntivo ! Arrivo: Verona, Milano,&hellip;<\/p>\n","protected":false},"author":1,"featured_media":0,"parent":2215,"menu_order":0,"comment_status":"closed","ping_status":"closed","template":"","meta":{"inline_featured_image":false,"footnotes":""},"class_list":["post-2230","page","type-page","status-publish","hentry"],"yoast_head":"<!-- This site is optimized with the Yoast SEO plugin v26.8 - https:\/\/yoast.com\/product\/yoast-seo-wordpress\/ -->\n<title>Ski High Tours Viaggio in Piemonte (Valle Maria)<\/title>\n<meta name=\"description\" content=\"Escursioni in alto sugli sci Viaggio in Piemonte (Valle Maria) con guida sciistica Georg Maschler\" \/>\n<meta name=\"robots\" content=\"index, follow, max-snippet:-1, max-image-preview:large, max-video-preview:-1\" \/>\n<link rel=\"canonical\" href=\"https:\/\/bergerlebnisse.com\/it\/inverno\/skitourenweeks-courses\/w-06\/\" \/>\n<meta property=\"og:locale\" content=\"it_IT\" \/>\n<meta property=\"og:type\" content=\"article\" \/>\n<meta property=\"og:title\" content=\"Ski High Tours Viaggio in Piemonte (Valle Maria)\" \/>\n<meta property=\"og:description\" content=\"Escursioni in alto sugli sci Viaggio in Piemonte (Valle Maria) con guida sciistica Georg Maschler\" \/>\n<meta property=\"og:url\" content=\"https:\/\/bergerlebnisse.com\/it\/inverno\/skitourenweeks-courses\/w-06\/\" \/>\n<meta property=\"og:site_name\" content=\"Bergerlebnisse\" \/>\n<meta property=\"article:publisher\" content=\"https:\/\/www.facebook.com\/skischuletrafoi\" \/>\n<meta property=\"article:modified_time\" content=\"2025-09-02T13:53:56+00:00\" \/>\n<meta property=\"og:image\" content=\"http:\/\/bergerlebnisse.com\/wp-content\/uploads\/2020\/02\/Logo-Sonneck.jpg\" \/>\n<meta name=\"twitter:card\" content=\"summary_large_image\" \/>\n<meta name=\"twitter:label1\" content=\"Tempo di lettura stimato\" \/>\n\t<meta name=\"twitter:data1\" content=\"5 minuti\" \/>\n<script type=\"application\/ld+json\" class=\"yoast-schema-graph\">{\"@context\":\"https:\/\/schema.org\",\"@graph\":[{\"@type\":\"WebPage\",\"@id\":\"https:\/\/bergerlebnisse.com\/it\/inverno\/skitourenweeks-courses\/w-06\/\",\"url\":\"https:\/\/bergerlebnisse.com\/it\/inverno\/skitourenweeks-courses\/w-06\/\",\"name\":\"Ski High Tours Viaggio in Piemonte (Valle Maria)\",\"isPartOf\":{\"@id\":\"https:\/\/bergerlebnisse.com\/it\/#website\"},\"primaryImageOfPage\":{\"@id\":\"https:\/\/bergerlebnisse.com\/it\/inverno\/skitourenweeks-courses\/w-06\/#primaryimage\"},\"image\":{\"@id\":\"https:\/\/bergerlebnisse.com\/it\/inverno\/skitourenweeks-courses\/w-06\/#primaryimage\"},\"thumbnailUrl\":\"http:\/\/bergerlebnisse.com\/wp-content\/uploads\/2020\/02\/Logo-Sonneck.jpg\",\"datePublished\":\"2020-03-31T13:29:22+00:00\",\"dateModified\":\"2025-09-02T13:53:56+00:00\",\"description\":\"Escursioni in alto sugli sci Viaggio in Piemonte (Valle Maria) con guida sciistica Georg Maschler\",\"breadcrumb\":{\"@id\":\"https:\/\/bergerlebnisse.com\/it\/inverno\/skitourenweeks-courses\/w-06\/#breadcrumb\"},\"inLanguage\":\"it-IT\",\"potentialAction\":[{\"@type\":\"ReadAction\",\"target\":[\"https:\/\/bergerlebnisse.com\/it\/inverno\/skitourenweeks-courses\/w-06\/\"]}]},{\"@type\":\"ImageObject\",\"inLanguage\":\"it-IT\",\"@id\":\"https:\/\/bergerlebnisse.com\/it\/inverno\/skitourenweeks-courses\/w-06\/#primaryimage\",\"url\":\"http:\/\/bergerlebnisse.com\/wp-content\/uploads\/2020\/02\/Logo-Sonneck.jpg\",\"contentUrl\":\"http:\/\/bergerlebnisse.com\/wp-content\/uploads\/2020\/02\/Logo-Sonneck.jpg\"},{\"@type\":\"BreadcrumbList\",\"@id\":\"https:\/\/bergerlebnisse.com\/it\/inverno\/skitourenweeks-courses\/w-06\/#breadcrumb\",\"itemListElement\":[{\"@type\":\"ListItem\",\"position\":1,\"name\":\"Startseite\",\"item\":\"https:\/\/bergerlebnisse.com\/it\/\"},{\"@type\":\"ListItem\",\"position\":2,\"name\":\"INVERNO\",\"item\":\"https:\/\/bergerlebnisse.com\/it\/inverno\/\"},{\"@type\":\"ListItem\",\"position\":3,\"name\":\"SKITOURENWEEKS &amp; COURSES\",\"item\":\"https:\/\/bergerlebnisse.com\/it\/inverno\/skitourenweeks-courses\/\"},{\"@type\":\"ListItem\",\"position\":4,\"name\":\"W-06\"}]},{\"@type\":\"WebSite\",\"@id\":\"https:\/\/bergerlebnisse.com\/it\/#website\",\"url\":\"https:\/\/bergerlebnisse.com\/it\/\",\"name\":\"Skischule Trafoi\",\"description\":\"Erlebe die S\u00fcdtiroler Berge mit einem Experten\",\"publisher\":{\"@id\":\"https:\/\/bergerlebnisse.com\/it\/#organization\"},\"potentialAction\":[{\"@type\":\"SearchAction\",\"target\":{\"@type\":\"EntryPoint\",\"urlTemplate\":\"https:\/\/bergerlebnisse.com\/it\/?s={search_term_string}\"},\"query-input\":{\"@type\":\"PropertyValueSpecification\",\"valueRequired\":true,\"valueName\":\"search_term_string\"}}],\"inLanguage\":\"it-IT\"},{\"@type\":\"Organization\",\"@id\":\"https:\/\/bergerlebnisse.com\/it\/#organization\",\"name\":\"Skischule Trafoi\",\"url\":\"https:\/\/bergerlebnisse.com\/it\/\",\"logo\":{\"@type\":\"ImageObject\",\"inLanguage\":\"it-IT\",\"@id\":\"https:\/\/bergerlebnisse.com\/it\/#\/schema\/logo\/image\/\",\"url\":\"\",\"contentUrl\":\"\",\"caption\":\"Skischule Trafoi\"},\"image\":{\"@id\":\"https:\/\/bergerlebnisse.com\/it\/#\/schema\/logo\/image\/\"},\"sameAs\":[\"https:\/\/www.facebook.com\/skischuletrafoi\",\"https:\/\/www.instagram.com\/skischule_trafoi\/\"]}]}<\/script>\n<!-- \/ Yoast SEO plugin. -->","yoast_head_json":{"title":"Ski High Tours Viaggio in Piemonte (Valle Maria)","description":"Escursioni in alto sugli sci Viaggio in Piemonte (Valle Maria) con guida sciistica Georg Maschler","robots":{"index":"index","follow":"follow","max-snippet":"max-snippet:-1","max-image-preview":"max-image-preview:large","max-video-preview":"max-video-preview:-1"},"canonical":"https:\/\/bergerlebnisse.com\/it\/inverno\/skitourenweeks-courses\/w-06\/","og_locale":"it_IT","og_type":"article","og_title":"Ski High Tours Viaggio in Piemonte (Valle Maria)","og_description":"Escursioni in alto sugli sci Viaggio in Piemonte (Valle Maria) con guida sciistica Georg Maschler","og_url":"https:\/\/bergerlebnisse.com\/it\/inverno\/skitourenweeks-courses\/w-06\/","og_site_name":"Bergerlebnisse","article_publisher":"https:\/\/www.facebook.com\/skischuletrafoi","article_modified_time":"2025-09-02T13:53:56+00:00","og_image":[{"url":"http:\/\/bergerlebnisse.com\/wp-content\/uploads\/2020\/02\/Logo-Sonneck.jpg","type":"","width":"","height":""}],"twitter_card":"summary_large_image","twitter_misc":{"Tempo di lettura stimato":"5 minuti"},"schema":{"@context":"https:\/\/schema.org","@graph":[{"@type":"WebPage","@id":"https:\/\/bergerlebnisse.com\/it\/inverno\/skitourenweeks-courses\/w-06\/","url":"https:\/\/bergerlebnisse.com\/it\/inverno\/skitourenweeks-courses\/w-06\/","name":"Ski High Tours Viaggio in Piemonte (Valle Maria)","isPartOf":{"@id":"https:\/\/bergerlebnisse.com\/it\/#website"},"primaryImageOfPage":{"@id":"https:\/\/bergerlebnisse.com\/it\/inverno\/skitourenweeks-courses\/w-06\/#primaryimage"},"image":{"@id":"https:\/\/bergerlebnisse.com\/it\/inverno\/skitourenweeks-courses\/w-06\/#primaryimage"},"thumbnailUrl":"http:\/\/bergerlebnisse.com\/wp-content\/uploads\/2020\/02\/Logo-Sonneck.jpg","datePublished":"2020-03-31T13:29:22+00:00","dateModified":"2025-09-02T13:53:56+00:00","description":"Escursioni in alto sugli sci Viaggio in Piemonte (Valle Maria) con guida sciistica Georg Maschler","breadcrumb":{"@id":"https:\/\/bergerlebnisse.com\/it\/inverno\/skitourenweeks-courses\/w-06\/#breadcrumb"},"inLanguage":"it-IT","potentialAction":[{"@type":"ReadAction","target":["https:\/\/bergerlebnisse.com\/it\/inverno\/skitourenweeks-courses\/w-06\/"]}]},{"@type":"ImageObject","inLanguage":"it-IT","@id":"https:\/\/bergerlebnisse.com\/it\/inverno\/skitourenweeks-courses\/w-06\/#primaryimage","url":"http:\/\/bergerlebnisse.com\/wp-content\/uploads\/2020\/02\/Logo-Sonneck.jpg","contentUrl":"http:\/\/bergerlebnisse.com\/wp-content\/uploads\/2020\/02\/Logo-Sonneck.jpg"},{"@type":"BreadcrumbList","@id":"https:\/\/bergerlebnisse.com\/it\/inverno\/skitourenweeks-courses\/w-06\/#breadcrumb","itemListElement":[{"@type":"ListItem","position":1,"name":"Startseite","item":"https:\/\/bergerlebnisse.com\/it\/"},{"@type":"ListItem","position":2,"name":"INVERNO","item":"https:\/\/bergerlebnisse.com\/it\/inverno\/"},{"@type":"ListItem","position":3,"name":"SKITOURENWEEKS &amp; COURSES","item":"https:\/\/bergerlebnisse.com\/it\/inverno\/skitourenweeks-courses\/"},{"@type":"ListItem","position":4,"name":"W-06"}]},{"@type":"WebSite","@id":"https:\/\/bergerlebnisse.com\/it\/#website","url":"https:\/\/bergerlebnisse.com\/it\/","name":"Skischule Trafoi","description":"Erlebe die S\u00fcdtiroler Berge mit einem Experten","publisher":{"@id":"https:\/\/bergerlebnisse.com\/it\/#organization"},"potentialAction":[{"@type":"SearchAction","target":{"@type":"EntryPoint","urlTemplate":"https:\/\/bergerlebnisse.com\/it\/?s={search_term_string}"},"query-input":{"@type":"PropertyValueSpecification","valueRequired":true,"valueName":"search_term_string"}}],"inLanguage":"it-IT"},{"@type":"Organization","@id":"https:\/\/bergerlebnisse.com\/it\/#organization","name":"Skischule Trafoi","url":"https:\/\/bergerlebnisse.com\/it\/","logo":{"@type":"ImageObject","inLanguage":"it-IT","@id":"https:\/\/bergerlebnisse.com\/it\/#\/schema\/logo\/image\/","url":"","contentUrl":"","caption":"Skischule Trafoi"},"image":{"@id":"https:\/\/bergerlebnisse.com\/it\/#\/schema\/logo\/image\/"},"sameAs":["https:\/\/www.facebook.com\/skischuletrafoi","https:\/\/www.instagram.com\/skischule_trafoi\/"]}]}},"_links":{"self":[{"href":"https:\/\/bergerlebnisse.com\/it\/wp-json\/wp\/v2\/pages\/2230","targetHints":{"allow":["GET"]}}],"collection":[{"href":"https:\/\/bergerlebnisse.com\/it\/wp-json\/wp\/v2\/pages"}],"about":[{"href":"https:\/\/bergerlebnisse.com\/it\/wp-json\/wp\/v2\/types\/page"}],"author":[{"embeddable":true,"href":"https:\/\/bergerlebnisse.com\/it\/wp-json\/wp\/v2\/users\/1"}],"replies":[{"embeddable":true,"href":"https:\/\/bergerlebnisse.com\/it\/wp-json\/wp\/v2\/comments?post=2230"}],"version-history":[{"count":10,"href":"https:\/\/bergerlebnisse.com\/it\/wp-json\/wp\/v2\/pages\/2230\/revisions"}],"predecessor-version":[{"id":7030,"href":"https:\/\/bergerlebnisse.com\/it\/wp-json\/wp\/v2\/pages\/2230\/revisions\/7030"}],"up":[{"embeddable":true,"href":"https:\/\/bergerlebnisse.com\/it\/wp-json\/wp\/v2\/pages\/2215"}],"wp:attachment":[{"href":"https:\/\/bergerlebnisse.com\/it\/wp-json\/wp\/v2\/media?parent=2230"}],"curies":[{"name":"wp","href":"https:\/\/api.w.org\/{rel}","templated":true}]}}