{"id":2227,"date":"2020-03-31T15:23:37","date_gmt":"2020-03-31T13:23:37","guid":{"rendered":"http:\/\/bergerlebnisse.com\/inverno\/skitourenweeks-courses\/w-04\/"},"modified":"2025-09-02T15:23:38","modified_gmt":"2025-09-02T13:23:38","slug":"w-04","status":"publish","type":"page","link":"https:\/\/bergerlebnisse.com\/it\/inverno\/skitourenweeks-courses\/w-04\/","title":{"rendered":"W-04"},"content":{"rendered":"\n<h1>\n\t\t\tCorsi settimanali Neve fresca e scialpinismo a Solda \/ Ortles\t<\/h1>\n\t<p><strong>Date: <\/strong>18.-23.01. \/ 01.-06.03.2026<\/p>\n<p>&nbsp;<\/p>\n<strong>Servizi<\/strong>: Tour guidato, 5 x mezza pensione in\u00a0 *** stelle hotel<br \/>\n<strong>Partecipant<\/strong><strong>i: <\/strong>4-6 \u00a0persone\n<strong>Prezzo:<\/strong> \u20ac 1.200 a persona (ferroviario di montagna non incluso)<br \/>\n<strong>Livello di difficolt\u00e0: *<\/strong>\n<p>L&#8217;attrezzatura mancante viene fornita a un cost aggiuntivo !<\/p>\n<strong>Programma<\/strong>:<br \/>\nQuesto corso \u00e8 ideale per i nuovi arrivati o partecipanti che hanno gi\u00e0 corso fuori dalle piste, ma ancora mancano la necessaria messa a punto.\n<p>1-2 giorni faremo un allenamento intensivo della neve profonda con l&#8217;aiuto di impianti di risalita, ma lontano dal comprensorio sciistico.<\/p>\n<p>Nei giorni successivi intraprendiamo escursioni sciistiche leggere, a partire dalla pianificazione del tour, dalla movimentazione delle attrezzature LVS, dalla corretta creazione di una salita e dai pericoli.<\/p>\n\n\t\t\t\t\t<a href=\"#\"  id=\"fl-accordion--label-0\" tabindex=\"0\" aria-controls=\"fl-accordion--panel-0\">*\/**\/***\/**** Descrizione dei Livelli di difficolt\u00e0<\/a>\n\t\t\t\t\t\t\t\t\t\t\t<a href=\"#\" id=\"fl-accordion--icon-0\"  tabindex=\"0\"><i title=\"Expand\">Expand<\/i><\/a>\n\t\t\t\t\t<p><strong>*<\/strong> Ideale per i nuovi arrivati con salite da 3 a 5 ore in terreni moderatamente inclinati. Padroneggiare lo &#8220;stelo oscillante&#8221; sulla pista \u00e8 un prerequisito. (facile)<\/p>\n<p><strong>**<\/strong>Idealmente, hai gi\u00e0 frequentato un corso di base o hai conoscenze di base sufficienti. Condizioni da medie a buone sono desiderabili. Salite da mt. 800 a 1.100 se si gestiscono discese senza difficolt\u00e0 tecniche. Tuttavia, si dovrebbe gi\u00e0 avere una certa esperienza nello sci di neve profonda nel terreno.<\/p>\n<p><strong>***<\/strong> Buone condizioni e sci sicuro in tutti i tipi di neve, anche in terreni pi\u00f9 ripidi si dovrebbe padroneggiare cos\u00ec come quelli delle spazzature appuntite nel terreno pi\u00f9 ripido durante la salita. Salite giornalieri da 1.100 a 1.500 con tempi giornalieri di percorrenza da 3 a 5 ore<\/p>\n<p><strong>****<\/strong> Ottimo grado e tecnica sciistica, anche su terreni ripidi, camminare con ramponi sono prerequisiti ma non necessari in tutti i tour (allenamento neve profonda senza ramponi). Dovrebbero essere possibili salite fino a 1.800 mt. Buona o molto buona tecnica di sci per le discese in tutti i tipi di neve sono necessari.<\/p>\n\t\t\t<a href=\"https:\/\/bergerlebnisse.com\/it\/richiesta-prenotazione\/\" target=\"_self\">\n\t\t\t\t\t\t\trichiesta \/ prenotazione\n\t\t\t\t\t<\/a>\n\t\t<meta itemprop=\"url\" content=\"http:\/\/laas.fa12.eu\/wp-content\/uploads\/2020\/02\/Grundkurs-Tiefschnee.mp4\" \/><div style=\"width: 640px;\" class=\"wp-video\"><!--[if lt IE 9]><script>document.createElement('video');<\/script><![endif]-->\n<video class=\"wp-video-shortcode\" id=\"video-2227-1\" width=\"640\" height=\"360\" preload=\"metadata\" controls=\"controls\"><source type=\"video\/mp4\" src=\"http:\/\/laas.fa12.eu\/wp-content\/uploads\/2020\/02\/Grundkurs-Tiefschnee.mp4?_=1\" \/><source type=\"video\/mp4\" src=\"http:\/\/laas.fa12.eu\/wp-content\/uploads\/2020\/02\/Grundkurs-Tiefschnee.mp4?_=1\" \/><a href=\"http:\/\/laas.fa12.eu\/wp-content\/uploads\/2020\/02\/Grundkurs-Tiefschnee.mp4\">http:\/\/laas.fa12.eu\/wp-content\/uploads\/2020\/02\/Grundkurs-Tiefschnee.mp4<\/a><\/video><\/div>\t\n<h2>\n\t\t\tSUGGERIMENTO: Buoni regalo\t<\/h2>\n\t<h4>Regalare un&#8217;esperienza indimenticabile<\/h4>\nTutti i tour offerti possono anche essere forniti come voucher di avventura.<br \/>\nBasta selezionare il tour e la data desiderati e ti invieremo il tuo voucher regalo personale in PDF, che puoi semplicemente stampare da solo!\n\t\t\t<a href=\"http:\/\/bergerlebnisse.com\/it\/buono-regalo\/\" target=\"_self\">\n\t\t\t\t\t\tOrdinare un voucher\n\t\t\t\t\t<\/a>\n\t<h2>\n\t\t\t\tI NOSTRI PARTNER\n\t\t\t<\/h2>\n\t\t\t\t<a href=\"http:\/\/www.gasthaus-sonneck.it\/\"  target=\"_blank\" rel=\"noopener\"  itemprop=\"url\">\n\t\t\t\t<img decoding=\"async\" src=\"http:\/\/bergerlebnisse.com\/wp-content\/uploads\/2020\/02\/Logo-Sonneck.jpg\" alt=\"Logo Sonneck\" itemprop=\"image\" title=\"Logo Sonneck\" onerror=\"this.style.display='none'\" loading=\"lazy\" \/>\n\t\t\t\t<\/a>\n\t\t\t\t<a href=\"http:\/\/hochseilgarten-laas.it\"  target=\"_blank\" rel=\"noopener\"  itemprop=\"url\">\n\t\t\t\t<img decoding=\"async\" src=\"http:\/\/bergerlebnisse.com\/wp-content\/uploads\/2020\/02\/Logo-Hochseilgarten.jpg\" alt=\"Logo corde alte corso\" itemprop=\"image\" title=\"Logo corde alte corso\" onerror=\"this.style.display='none'\" loading=\"lazy\" \/>\n\t\t\t\t<\/a>\n\t\t\t\t<a href=\"https:\/\/www.schweitzer-getraenke.it\/\"  target=\"_blank\" rel=\"noopener\"  itemprop=\"url\">\n\t\t\t\t<img decoding=\"async\" src=\"http:\/\/bergerlebnisse.com\/wp-content\/uploads\/2020\/02\/Logo-Schweizer.jpg\" alt=\"Logo-Svizzero\" itemprop=\"image\" title=\"Logo-Svizzero\" onerror=\"this.style.display='none'\" loading=\"lazy\" \/>\n\t\t\t\t<\/a>\n\t\t\t\t<a href=\"https:\/\/www.saegemuehle.it\/de\/\"  target=\"_blank\" rel=\"noopener\"  itemprop=\"url\">\n\t\t\t\t<img decoding=\"async\" src=\"http:\/\/bergerlebnisse.com\/wp-content\/uploads\/2020\/02\/Logo-S\u00e4gem\u00fchle.jpg\" alt=\"Segheria logo\" itemprop=\"image\" title=\"Segheria logo\" onerror=\"this.style.display='none'\" loading=\"lazy\" \/>\n\t\t\t\t<\/a>\n\t\t\t\t<a href=\"https:\/\/www.bergfrieden.com\"  target=\"_blank\" rel=\"noopener\"  itemprop=\"url\">\n\t\t\t\t<img decoding=\"async\" src=\"http:\/\/bergerlebnisse.com\/wp-content\/uploads\/2020\/02\/Bergfrieden-Logo.jpg\" alt=\"Bergfrieden-Logo\" itemprop=\"image\" title=\"Bergfrieden-Logo\" onerror=\"this.style.display='none'\" loading=\"lazy\" \/>\n\t\t\t\t<\/a>\n\t\t\t\t<a href=\"https:\/\/www.odler.it\/pizzeria-odler-laas\/\"  target=\"_blank\" rel=\"noopener\"  itemprop=\"url\">\n\t\t\t\t<img decoding=\"async\" src=\"http:\/\/bergerlebnisse.com\/wp-content\/uploads\/2020\/02\/logo_kl.jpg\" alt=\"logo_kl\" itemprop=\"image\" title=\"logo_kl\" onerror=\"this.style.display='none'\" loading=\"lazy\" \/>\n\t\t\t\t<\/a>\n\n","protected":false},"excerpt":{"rendered":"<p>Corsi settimanali Neve fresca e scialpinismo a Solda \/ Ortles Date: 18.-23.01. \/ 01.-06.03.2026 &nbsp; Servizi: Tour guidato, 5 x mezza pensione in\u00a0 *** stelle hotel Partecipanti: 4-6 \u00a0persone Prezzo: \u20ac 1.200 a persona (ferroviario di montagna non incluso) Livello di difficolt\u00e0: * L&#8217;attrezzatura mancante viene fornita a un cost aggiuntivo ! Programma: Questo corso&hellip;<\/p>\n","protected":false},"author":1,"featured_media":0,"parent":2215,"menu_order":0,"comment_status":"closed","ping_status":"closed","template":"","meta":{"inline_featured_image":false,"footnotes":""},"class_list":["post-2227","page","type-page","status-publish","hentry"],"yoast_head":"<!-- This site is optimized with the Yoast SEO plugin v26.8 - https:\/\/yoast.com\/product\/yoast-seo-wordpress\/ -->\n<title>Corso di neve profonda e corso di sci touring a Sulden am Ortler<\/title>\n<meta name=\"description\" content=\"Questo corso \u00e8 ideale per i nuovi arrivati o partecipanti che hanno gi\u00e0 corso fuori dalle piste, ma ancora mancano la necessaria messa a punto.\" \/>\n<meta name=\"robots\" content=\"index, follow, max-snippet:-1, max-image-preview:large, max-video-preview:-1\" \/>\n<link rel=\"canonical\" href=\"https:\/\/bergerlebnisse.com\/it\/inverno\/skitourenweeks-courses\/w-04\/\" \/>\n<meta property=\"og:locale\" content=\"it_IT\" \/>\n<meta property=\"og:type\" content=\"article\" \/>\n<meta property=\"og:title\" content=\"Corso di neve profonda e corso di sci touring a Sulden am Ortler\" \/>\n<meta property=\"og:description\" content=\"Questo corso \u00e8 ideale per i nuovi arrivati o partecipanti che hanno gi\u00e0 corso fuori dalle piste, ma ancora mancano la necessaria messa a punto.\" \/>\n<meta property=\"og:url\" content=\"https:\/\/bergerlebnisse.com\/it\/inverno\/skitourenweeks-courses\/w-04\/\" \/>\n<meta property=\"og:site_name\" content=\"Bergerlebnisse\" \/>\n<meta property=\"article:publisher\" content=\"https:\/\/www.facebook.com\/skischuletrafoi\" \/>\n<meta property=\"article:modified_time\" content=\"2025-09-02T13:23:38+00:00\" \/>\n<meta property=\"og:image\" content=\"http:\/\/bergerlebnisse.com\/wp-content\/uploads\/2020\/02\/Logo-Sonneck.jpg\" \/>\n<meta name=\"twitter:card\" content=\"summary_large_image\" \/>\n<meta name=\"twitter:label1\" content=\"Tempo di lettura stimato\" \/>\n\t<meta name=\"twitter:data1\" content=\"6 minuti\" \/>\n<script type=\"application\/ld+json\" class=\"yoast-schema-graph\">{\"@context\":\"https:\/\/schema.org\",\"@graph\":[{\"@type\":\"WebPage\",\"@id\":\"https:\/\/bergerlebnisse.com\/it\/inverno\/skitourenweeks-courses\/w-04\/\",\"url\":\"https:\/\/bergerlebnisse.com\/it\/inverno\/skitourenweeks-courses\/w-04\/\",\"name\":\"Corso di neve profonda e corso di sci touring a Sulden am Ortler\",\"isPartOf\":{\"@id\":\"https:\/\/bergerlebnisse.com\/it\/#website\"},\"primaryImageOfPage\":{\"@id\":\"https:\/\/bergerlebnisse.com\/it\/inverno\/skitourenweeks-courses\/w-04\/#primaryimage\"},\"image\":{\"@id\":\"https:\/\/bergerlebnisse.com\/it\/inverno\/skitourenweeks-courses\/w-04\/#primaryimage\"},\"thumbnailUrl\":\"http:\/\/bergerlebnisse.com\/wp-content\/uploads\/2020\/02\/Logo-Sonneck.jpg\",\"datePublished\":\"2020-03-31T13:23:37+00:00\",\"dateModified\":\"2025-09-02T13:23:38+00:00\",\"description\":\"Questo corso \u00e8 ideale per i nuovi arrivati o partecipanti che hanno gi\u00e0 corso fuori dalle piste, ma ancora mancano la necessaria messa a punto.\",\"breadcrumb\":{\"@id\":\"https:\/\/bergerlebnisse.com\/it\/inverno\/skitourenweeks-courses\/w-04\/#breadcrumb\"},\"inLanguage\":\"it-IT\",\"potentialAction\":[{\"@type\":\"ReadAction\",\"target\":[\"https:\/\/bergerlebnisse.com\/it\/inverno\/skitourenweeks-courses\/w-04\/\"]}]},{\"@type\":\"ImageObject\",\"inLanguage\":\"it-IT\",\"@id\":\"https:\/\/bergerlebnisse.com\/it\/inverno\/skitourenweeks-courses\/w-04\/#primaryimage\",\"url\":\"http:\/\/bergerlebnisse.com\/wp-content\/uploads\/2020\/02\/Logo-Sonneck.jpg\",\"contentUrl\":\"http:\/\/bergerlebnisse.com\/wp-content\/uploads\/2020\/02\/Logo-Sonneck.jpg\"},{\"@type\":\"BreadcrumbList\",\"@id\":\"https:\/\/bergerlebnisse.com\/it\/inverno\/skitourenweeks-courses\/w-04\/#breadcrumb\",\"itemListElement\":[{\"@type\":\"ListItem\",\"position\":1,\"name\":\"Startseite\",\"item\":\"https:\/\/bergerlebnisse.com\/it\/\"},{\"@type\":\"ListItem\",\"position\":2,\"name\":\"INVERNO\",\"item\":\"https:\/\/bergerlebnisse.com\/it\/inverno\/\"},{\"@type\":\"ListItem\",\"position\":3,\"name\":\"SKITOURENWEEKS &amp; COURSES\",\"item\":\"https:\/\/bergerlebnisse.com\/it\/inverno\/skitourenweeks-courses\/\"},{\"@type\":\"ListItem\",\"position\":4,\"name\":\"W-04\"}]},{\"@type\":\"WebSite\",\"@id\":\"https:\/\/bergerlebnisse.com\/it\/#website\",\"url\":\"https:\/\/bergerlebnisse.com\/it\/\",\"name\":\"Skischule Trafoi\",\"description\":\"Erlebe die S\u00fcdtiroler Berge mit einem Experten\",\"publisher\":{\"@id\":\"https:\/\/bergerlebnisse.com\/it\/#organization\"},\"potentialAction\":[{\"@type\":\"SearchAction\",\"target\":{\"@type\":\"EntryPoint\",\"urlTemplate\":\"https:\/\/bergerlebnisse.com\/it\/?s={search_term_string}\"},\"query-input\":{\"@type\":\"PropertyValueSpecification\",\"valueRequired\":true,\"valueName\":\"search_term_string\"}}],\"inLanguage\":\"it-IT\"},{\"@type\":\"Organization\",\"@id\":\"https:\/\/bergerlebnisse.com\/it\/#organization\",\"name\":\"Skischule Trafoi\",\"url\":\"https:\/\/bergerlebnisse.com\/it\/\",\"logo\":{\"@type\":\"ImageObject\",\"inLanguage\":\"it-IT\",\"@id\":\"https:\/\/bergerlebnisse.com\/it\/#\/schema\/logo\/image\/\",\"url\":\"\",\"contentUrl\":\"\",\"caption\":\"Skischule Trafoi\"},\"image\":{\"@id\":\"https:\/\/bergerlebnisse.com\/it\/#\/schema\/logo\/image\/\"},\"sameAs\":[\"https:\/\/www.facebook.com\/skischuletrafoi\",\"https:\/\/www.instagram.com\/skischule_trafoi\/\"]}]}<\/script>\n<!-- \/ Yoast SEO plugin. -->","yoast_head_json":{"title":"Corso di neve profonda e corso di sci touring a Sulden am Ortler","description":"Questo corso \u00e8 ideale per i nuovi arrivati o partecipanti che hanno gi\u00e0 corso fuori dalle piste, ma ancora mancano la necessaria messa a punto.","robots":{"index":"index","follow":"follow","max-snippet":"max-snippet:-1","max-image-preview":"max-image-preview:large","max-video-preview":"max-video-preview:-1"},"canonical":"https:\/\/bergerlebnisse.com\/it\/inverno\/skitourenweeks-courses\/w-04\/","og_locale":"it_IT","og_type":"article","og_title":"Corso di neve profonda e corso di sci touring a Sulden am Ortler","og_description":"Questo corso \u00e8 ideale per i nuovi arrivati o partecipanti che hanno gi\u00e0 corso fuori dalle piste, ma ancora mancano la necessaria messa a punto.","og_url":"https:\/\/bergerlebnisse.com\/it\/inverno\/skitourenweeks-courses\/w-04\/","og_site_name":"Bergerlebnisse","article_publisher":"https:\/\/www.facebook.com\/skischuletrafoi","article_modified_time":"2025-09-02T13:23:38+00:00","og_image":[{"url":"http:\/\/bergerlebnisse.com\/wp-content\/uploads\/2020\/02\/Logo-Sonneck.jpg","type":"","width":"","height":""}],"twitter_card":"summary_large_image","twitter_misc":{"Tempo di lettura stimato":"6 minuti"},"schema":{"@context":"https:\/\/schema.org","@graph":[{"@type":"WebPage","@id":"https:\/\/bergerlebnisse.com\/it\/inverno\/skitourenweeks-courses\/w-04\/","url":"https:\/\/bergerlebnisse.com\/it\/inverno\/skitourenweeks-courses\/w-04\/","name":"Corso di neve profonda e corso di sci touring a Sulden am Ortler","isPartOf":{"@id":"https:\/\/bergerlebnisse.com\/it\/#website"},"primaryImageOfPage":{"@id":"https:\/\/bergerlebnisse.com\/it\/inverno\/skitourenweeks-courses\/w-04\/#primaryimage"},"image":{"@id":"https:\/\/bergerlebnisse.com\/it\/inverno\/skitourenweeks-courses\/w-04\/#primaryimage"},"thumbnailUrl":"http:\/\/bergerlebnisse.com\/wp-content\/uploads\/2020\/02\/Logo-Sonneck.jpg","datePublished":"2020-03-31T13:23:37+00:00","dateModified":"2025-09-02T13:23:38+00:00","description":"Questo corso \u00e8 ideale per i nuovi arrivati o partecipanti che hanno gi\u00e0 corso fuori dalle piste, ma ancora mancano la necessaria messa a punto.","breadcrumb":{"@id":"https:\/\/bergerlebnisse.com\/it\/inverno\/skitourenweeks-courses\/w-04\/#breadcrumb"},"inLanguage":"it-IT","potentialAction":[{"@type":"ReadAction","target":["https:\/\/bergerlebnisse.com\/it\/inverno\/skitourenweeks-courses\/w-04\/"]}]},{"@type":"ImageObject","inLanguage":"it-IT","@id":"https:\/\/bergerlebnisse.com\/it\/inverno\/skitourenweeks-courses\/w-04\/#primaryimage","url":"http:\/\/bergerlebnisse.com\/wp-content\/uploads\/2020\/02\/Logo-Sonneck.jpg","contentUrl":"http:\/\/bergerlebnisse.com\/wp-content\/uploads\/2020\/02\/Logo-Sonneck.jpg"},{"@type":"BreadcrumbList","@id":"https:\/\/bergerlebnisse.com\/it\/inverno\/skitourenweeks-courses\/w-04\/#breadcrumb","itemListElement":[{"@type":"ListItem","position":1,"name":"Startseite","item":"https:\/\/bergerlebnisse.com\/it\/"},{"@type":"ListItem","position":2,"name":"INVERNO","item":"https:\/\/bergerlebnisse.com\/it\/inverno\/"},{"@type":"ListItem","position":3,"name":"SKITOURENWEEKS &amp; COURSES","item":"https:\/\/bergerlebnisse.com\/it\/inverno\/skitourenweeks-courses\/"},{"@type":"ListItem","position":4,"name":"W-04"}]},{"@type":"WebSite","@id":"https:\/\/bergerlebnisse.com\/it\/#website","url":"https:\/\/bergerlebnisse.com\/it\/","name":"Skischule Trafoi","description":"Erlebe die S\u00fcdtiroler Berge mit einem Experten","publisher":{"@id":"https:\/\/bergerlebnisse.com\/it\/#organization"},"potentialAction":[{"@type":"SearchAction","target":{"@type":"EntryPoint","urlTemplate":"https:\/\/bergerlebnisse.com\/it\/?s={search_term_string}"},"query-input":{"@type":"PropertyValueSpecification","valueRequired":true,"valueName":"search_term_string"}}],"inLanguage":"it-IT"},{"@type":"Organization","@id":"https:\/\/bergerlebnisse.com\/it\/#organization","name":"Skischule Trafoi","url":"https:\/\/bergerlebnisse.com\/it\/","logo":{"@type":"ImageObject","inLanguage":"it-IT","@id":"https:\/\/bergerlebnisse.com\/it\/#\/schema\/logo\/image\/","url":"","contentUrl":"","caption":"Skischule Trafoi"},"image":{"@id":"https:\/\/bergerlebnisse.com\/it\/#\/schema\/logo\/image\/"},"sameAs":["https:\/\/www.facebook.com\/skischuletrafoi","https:\/\/www.instagram.com\/skischule_trafoi\/"]}]}},"_links":{"self":[{"href":"https:\/\/bergerlebnisse.com\/it\/wp-json\/wp\/v2\/pages\/2227","targetHints":{"allow":["GET"]}}],"collection":[{"href":"https:\/\/bergerlebnisse.com\/it\/wp-json\/wp\/v2\/pages"}],"about":[{"href":"https:\/\/bergerlebnisse.com\/it\/wp-json\/wp\/v2\/types\/page"}],"author":[{"embeddable":true,"href":"https:\/\/bergerlebnisse.com\/it\/wp-json\/wp\/v2\/users\/1"}],"replies":[{"embeddable":true,"href":"https:\/\/bergerlebnisse.com\/it\/wp-json\/wp\/v2\/comments?post=2227"}],"version-history":[{"count":10,"href":"https:\/\/bergerlebnisse.com\/it\/wp-json\/wp\/v2\/pages\/2227\/revisions"}],"predecessor-version":[{"id":7016,"href":"https:\/\/bergerlebnisse.com\/it\/wp-json\/wp\/v2\/pages\/2227\/revisions\/7016"}],"up":[{"embeddable":true,"href":"https:\/\/bergerlebnisse.com\/it\/wp-json\/wp\/v2\/pages\/2215"}],"wp:attachment":[{"href":"https:\/\/bergerlebnisse.com\/it\/wp-json\/wp\/v2\/media?parent=2227"}],"curies":[{"name":"wp","href":"https:\/\/api.w.org\/{rel}","templated":true}]}}