{"id":2214,"date":"2020-03-31T12:49:37","date_gmt":"2020-03-31T10:49:37","guid":{"rendered":"http:\/\/bergerlebnisse.com\/inverno\/freeride\/fr-04\/"},"modified":"2024-09-25T21:39:48","modified_gmt":"2024-09-25T19:39:48","slug":"fr-04","status":"publish","type":"page","link":"https:\/\/bergerlebnisse.com\/it\/inverno\/freeride\/fr-04\/","title":{"rendered":"fr-04"},"content":{"rendered":"\n<h1>\n\t\tSci d&#8217;alpinismo &#8211; Arlberg\n\t<\/h1>\n\t<p><b>3 giorni &#8211; appuntamenti su richiesta<\/b><\/p>\n<strong>Servizi:<\/strong> Visita guidata<strong>, <\/strong>3\u00a0x mezza pensione presso l&#8217;hotel vicino a St.Anton e visita guidata (ski pass extra)<br \/>\n<strong>Partecipanti:<\/strong> 3-5 persone<br \/>\n<strong>Prezzo:<\/strong> 780 \u20ac a persona<br \/>\n<strong>Livello di difficolt\u00e0:<\/strong>**\/***<br \/>\n<strong>Distanza:<\/strong><br \/>\n<strong>Metri di altitudine:<\/strong><b>Condizioni<\/b> e padronanza dell&#8217;altalena parallela sulle piste.\n<p>L&#8217;attrezzatura mancante viene fornita a un cost aggiuntivo !<\/p>\n<strong>Programma<\/strong>:<br \/>\nUn vero Eldorado, la magnifica regione di neve profonda sull&#8217;Arlberg. Uno dei pi\u00f9 grandi e pi\u00f9 bei paradisi Ski-Plus delle Alpi.<br \/>\nChi non li conosce, l&#8217;enorme neve profonda corre lontano dalle piste, spesso ancora su terreni non tracciati.<br \/>\nDopo un&#8217;attenta selezione del tour, offriamo 5 o solo 3 giorni di neve profonda, a seconda dell&#8217;abilit\u00e0 dei partecipanti, con difficolt\u00e0 diverse.<br \/>\nIdeali sono queste offerte per gli sciatori che corrono lungo ogni pista, ma non hanno mai cavalcato nella neve profonda, ma anche per coloro che possono andare sulla neve profonda molto bene, in quanto la scelta \u00e8 enorme. Sono inoltre possibili tour sciistici aggiuntivi con salite da 1 a 3 ore.<br \/>\nVi aiuteremo a imparare la tecnica necessaria anche nella neve profonda. Allo stesso tempo, vengono effettuate registrazioni video, che analizziamo la sera.\n\n\t\t\t\t\t<a href=\"#\" id=\"fl-accordion--label-0\" tabindex=\"0\" aria-controls=\"fl-accordion--panel-0\">Note importanti sulla ciasssiglia<\/a>\n\t\t\t\t\t\t\t\t\t\t\t<a href=\"#\" id=\"fl-accordion--icon-0\" tabindex=\"-1\"><i>Expand<\/i><\/a>\n\t\t\t\t\t<p><strong>*<\/strong> ideal f\u00fcr Anf\u00e4nger, keine Voraussetzungen n\u00f6tig. Tempi di percorrenza da 3 a 4 ore.<\/p>\n<p><strong>**<\/strong> E` richiesta una condizione media, in terreni moderatamente inclinati. A piedi da 3 a 5 ore.<\/p>\n<p><strong>**<\/strong> E` necessaria una condizione molto buona. Sale fino a 1.300 mt. anche su terreni pi\u00f9 ripidi. A piedi da 5 a 7 ore.<\/p>\n\t\t\t\t\t<a href=\"#\" id=\"fl-accordion--label-1\" tabindex=\"0\" aria-controls=\"fl-accordion--panel-1\">Note importanti per le escursioni sugli sci<\/a>\n\t\t\t\t\t\t\t\t\t\t\t<a href=\"#\" id=\"fl-accordion--icon-1\" tabindex=\"-1\"><i>Expand<\/i><\/a>\n\t\t\t\t\t<p><strong>*<\/strong> ideale per i nuovi arrivati con salite da 3 a 5 ore in terreni moderatamente inclinati. Padroneggiare lo &#8220;stelo oscillante&#8221; sulla pista \u00e8 un prerequisito. (facile)<\/p>\n<p><strong>** Idealmente,<\/strong> hai gi\u00e0 frequentato un corso di base o hai conoscenze di base sufficienti. Condizioni da medie a buone sono desiderabili. Salite da mt. 800 a 1.100 se si gestiscono discese senza difficolt\u00e0 tecniche. Tuttavia, si dovrebbe gi\u00e0 avere esperienza in neve profonda sci nel terreno.<\/p>\n<p><strong>***<\/strong> Buone condizioni e sci sicuro in tutti i tipi di neve, anche in terreni pi\u00f9 ripidi si dovrebbe padroneggiare cos\u00ec come quelli delle spazzature appuntite nel terreno pi\u00f9 ripido durante la salita. Ogni giorno mt. 1,100 a 1.500 con tempi giornalieri a piedi da 3 a 5 ore.<\/p>\n<p><strong>****<\/strong> Ottimo grado e tecnica sciistica, anche su terreni ripidi, camminare con ramponi sono prerequisiti ma non necessari in tutti i tour (allenamento neve profonda senza ramponi). Dovrebbero essere possibili ascensioni fino a 1.800 mt. Buona o molto buona tecnica di sci per le discese in tutti i tipi di neve sono necessari.<\/p>\n\t\t\t<a href=\"http:\/\/bergerlebnisse.com\/it\/contatto\/\" target=\"_self\" rel=\"noopener\">\n\t\t\t\t\t\tprenotazione vincolante\n\t\t\t\t\t<\/a>\n\t\t\t<a href=\"http:\/\/bergerlebnisse.com\/it\/inverno\/freeride\/\" target=\"_self\" rel=\"noopener\">\n\t\t\t\t\t\tTorna alla panoramica\n\t\t\t\t\t<\/a>\n<h2>\n\t\tSUGGERIMENTO: Buoni regalo\n\t<\/h2>\n\t<h4>Regalare un&#8217;esperienza indimenticabile<\/h4>\nTutti i tour offerti possono anche essere forniti come voucher di avventura.<br \/>\nBasta selezionare il tour e la data desiderati e ti invieremo il tuo voucher regalo personale in PDF, che puoi semplicemente stampare da solo!\n\t\t\t<a href=\"http:\/\/bergerlebnisse.com\/it\/buono-regalo\/\" target=\"_self\" rel=\"noopener\">\n\t\t\t\t\t\tOrdinare un voucher\n\t\t\t\t\t<\/a>\n\t<h2>\n\t\t\t\tI NOSTRI PARTNER\n\t\t\t<\/h2>\n\t\t\t\t<a href=\"http:\/\/www.gasthaus-sonneck.it\/\" target=\"_blank\" rel=\"noopener\" itemprop=\"url\">\n\t\t\t\t<img decoding=\"async\" src=\"http:\/\/bergerlebnisse.com\/wp-content\/uploads\/2020\/02\/Logo-Sonneck.jpg\" alt=\"Logo Sonneck\" itemprop=\"image\" title=\"Logo Sonneck\" onerror=\"this.style.display='none'\"  \/>\n\t\t\t\t<\/a>\n\t\t\t\t<a href=\"http:\/\/hochseilgarten-laas.it\" target=\"_blank\" rel=\"noopener\" itemprop=\"url\">\n\t\t\t\t<img decoding=\"async\" src=\"http:\/\/bergerlebnisse.com\/wp-content\/uploads\/2020\/02\/Logo-Hochseilgarten.jpg\" alt=\"Logo corde alte corso\" itemprop=\"image\" title=\"Logo corde alte corso\" onerror=\"this.style.display='none'\"  \/>\n\t\t\t\t<\/a>\n\t\t\t\t<a href=\"https:\/\/www.schweitzer-getraenke.it\/\" target=\"_blank\" rel=\"noopener\" itemprop=\"url\">\n\t\t\t\t<img decoding=\"async\" src=\"http:\/\/bergerlebnisse.com\/wp-content\/uploads\/2020\/02\/Logo-Schweizer.jpg\" alt=\"Logo-Svizzero\" itemprop=\"image\" title=\"Logo-Svizzero\" onerror=\"this.style.display='none'\"  \/>\n\t\t\t\t<\/a>\n\t\t\t\t<a href=\"https:\/\/www.saegemuehle.it\/de\/\" target=\"_blank\" rel=\"noopener\" itemprop=\"url\">\n\t\t\t\t<img decoding=\"async\" src=\"http:\/\/bergerlebnisse.com\/wp-content\/uploads\/2020\/02\/Logo-S\u00e4gem\u00fchle.jpg\" alt=\"Segheria logo\" itemprop=\"image\" title=\"Segheria logo\" onerror=\"this.style.display='none'\"  \/>\n\t\t\t\t<\/a>\n\t\t\t\t<a href=\"https:\/\/www.bergfrieden.com\" target=\"_blank\" rel=\"noopener\" itemprop=\"url\">\n\t\t\t\t<img decoding=\"async\" src=\"http:\/\/bergerlebnisse.com\/wp-content\/uploads\/2020\/02\/Bergfrieden-Logo.jpg\" alt=\"Bergfrieden-Logo\" itemprop=\"image\" title=\"Bergfrieden-Logo\" onerror=\"this.style.display='none'\"  \/>\n\t\t\t\t<\/a>\n\t\t\t\t<a href=\"https:\/\/www.odler.it\/pizzeria-odler-laas\/\" target=\"_blank\" rel=\"noopener\" itemprop=\"url\">\n\t\t\t\t<img decoding=\"async\" src=\"http:\/\/bergerlebnisse.com\/wp-content\/uploads\/2020\/02\/logo_kl.jpg\" alt=\"logo_kl\" itemprop=\"image\" title=\"logo_kl\" onerror=\"this.style.display='none'\"  \/>\n\t\t\t\t<\/a>\n\n","protected":false},"excerpt":{"rendered":"<p>Sci d&#8217;alpinismo &#8211; Arlberg 3 giorni &#8211; appuntamenti su richiesta Servizi: Visita guidata, 3\u00a0x mezza pensione presso l&#8217;hotel vicino a St.Anton e visita guidata (ski pass extra) Partecipanti: 3-5 persone Prezzo: 780 \u20ac a persona Livello di difficolt\u00e0:**\/*** Distanza: Metri di altitudine:Condizioni e padronanza dell&#8217;altalena parallela sulle piste. L&#8217;attrezzatura mancante viene fornita a un cost&hellip;<\/p>\n","protected":false},"author":1,"featured_media":0,"parent":2205,"menu_order":0,"comment_status":"closed","ping_status":"closed","template":"","meta":{"inline_featured_image":false,"footnotes":""},"class_list":["post-2214","page","type-page","status-publish","hentry"],"yoast_head":"<!-- This site is optimized with the Yoast SEO plugin v26.8 - https:\/\/yoast.com\/product\/yoast-seo-wordpress\/ -->\n<title>Sci di neve profonda, corso di neve profonda sull&#039;Arlberg<\/title>\n<meta name=\"description\" content=\"Un vero Eldorado, la magnifica regione di neve profonda sull&#039;Arlberg. Uno dei pi\u00f9 grandi e pi\u00f9 bei paradisi Ski-Plus delle Alpi.\" \/>\n<meta name=\"robots\" content=\"index, follow, max-snippet:-1, max-image-preview:large, max-video-preview:-1\" \/>\n<link rel=\"canonical\" href=\"https:\/\/bergerlebnisse.com\/it\/inverno\/freeride\/fr-04\/\" \/>\n<meta property=\"og:locale\" content=\"it_IT\" \/>\n<meta property=\"og:type\" content=\"article\" \/>\n<meta property=\"og:title\" content=\"Sci di neve profonda, corso di neve profonda sull&#039;Arlberg\" \/>\n<meta property=\"og:description\" content=\"Un vero Eldorado, la magnifica regione di neve profonda sull&#039;Arlberg. Uno dei pi\u00f9 grandi e pi\u00f9 bei paradisi Ski-Plus delle Alpi.\" \/>\n<meta property=\"og:url\" content=\"https:\/\/bergerlebnisse.com\/it\/inverno\/freeride\/fr-04\/\" \/>\n<meta property=\"og:site_name\" content=\"Bergerlebnisse\" \/>\n<meta property=\"article:publisher\" content=\"https:\/\/www.facebook.com\/skischuletrafoi\" \/>\n<meta property=\"article:modified_time\" content=\"2024-09-25T19:39:48+00:00\" \/>\n<meta property=\"og:image\" content=\"http:\/\/bergerlebnisse.com\/wp-content\/uploads\/2020\/02\/Logo-Sonneck.jpg\" \/>\n<meta name=\"twitter:card\" content=\"summary_large_image\" \/>\n<meta name=\"twitter:label1\" content=\"Tempo di lettura stimato\" \/>\n\t<meta name=\"twitter:data1\" content=\"6 minuti\" \/>\n<script type=\"application\/ld+json\" class=\"yoast-schema-graph\">{\"@context\":\"https:\/\/schema.org\",\"@graph\":[{\"@type\":\"WebPage\",\"@id\":\"https:\/\/bergerlebnisse.com\/it\/inverno\/freeride\/fr-04\/\",\"url\":\"https:\/\/bergerlebnisse.com\/it\/inverno\/freeride\/fr-04\/\",\"name\":\"Sci di neve profonda, corso di neve profonda sull'Arlberg\",\"isPartOf\":{\"@id\":\"https:\/\/bergerlebnisse.com\/it\/#website\"},\"primaryImageOfPage\":{\"@id\":\"https:\/\/bergerlebnisse.com\/it\/inverno\/freeride\/fr-04\/#primaryimage\"},\"image\":{\"@id\":\"https:\/\/bergerlebnisse.com\/it\/inverno\/freeride\/fr-04\/#primaryimage\"},\"thumbnailUrl\":\"http:\/\/bergerlebnisse.com\/wp-content\/uploads\/2020\/02\/Logo-Sonneck.jpg\",\"datePublished\":\"2020-03-31T10:49:37+00:00\",\"dateModified\":\"2024-09-25T19:39:48+00:00\",\"description\":\"Un vero Eldorado, la magnifica regione di neve profonda sull'Arlberg. Uno dei pi\u00f9 grandi e pi\u00f9 bei paradisi Ski-Plus delle Alpi.\",\"breadcrumb\":{\"@id\":\"https:\/\/bergerlebnisse.com\/it\/inverno\/freeride\/fr-04\/#breadcrumb\"},\"inLanguage\":\"it-IT\",\"potentialAction\":[{\"@type\":\"ReadAction\",\"target\":[\"https:\/\/bergerlebnisse.com\/it\/inverno\/freeride\/fr-04\/\"]}]},{\"@type\":\"ImageObject\",\"inLanguage\":\"it-IT\",\"@id\":\"https:\/\/bergerlebnisse.com\/it\/inverno\/freeride\/fr-04\/#primaryimage\",\"url\":\"http:\/\/bergerlebnisse.com\/wp-content\/uploads\/2020\/02\/Logo-Sonneck.jpg\",\"contentUrl\":\"http:\/\/bergerlebnisse.com\/wp-content\/uploads\/2020\/02\/Logo-Sonneck.jpg\"},{\"@type\":\"BreadcrumbList\",\"@id\":\"https:\/\/bergerlebnisse.com\/it\/inverno\/freeride\/fr-04\/#breadcrumb\",\"itemListElement\":[{\"@type\":\"ListItem\",\"position\":1,\"name\":\"Startseite\",\"item\":\"https:\/\/bergerlebnisse.com\/it\/\"},{\"@type\":\"ListItem\",\"position\":2,\"name\":\"INVERNO\",\"item\":\"https:\/\/bergerlebnisse.com\/it\/inverno\/\"},{\"@type\":\"ListItem\",\"position\":3,\"name\":\"Freeride\",\"item\":\"https:\/\/bergerlebnisse.com\/it\/inverno\/freeride\/\"},{\"@type\":\"ListItem\",\"position\":4,\"name\":\"fr-04\"}]},{\"@type\":\"WebSite\",\"@id\":\"https:\/\/bergerlebnisse.com\/it\/#website\",\"url\":\"https:\/\/bergerlebnisse.com\/it\/\",\"name\":\"Skischule Trafoi\",\"description\":\"Erlebe die S\u00fcdtiroler Berge mit einem Experten\",\"publisher\":{\"@id\":\"https:\/\/bergerlebnisse.com\/it\/#organization\"},\"potentialAction\":[{\"@type\":\"SearchAction\",\"target\":{\"@type\":\"EntryPoint\",\"urlTemplate\":\"https:\/\/bergerlebnisse.com\/it\/?s={search_term_string}\"},\"query-input\":{\"@type\":\"PropertyValueSpecification\",\"valueRequired\":true,\"valueName\":\"search_term_string\"}}],\"inLanguage\":\"it-IT\"},{\"@type\":\"Organization\",\"@id\":\"https:\/\/bergerlebnisse.com\/it\/#organization\",\"name\":\"Skischule Trafoi\",\"url\":\"https:\/\/bergerlebnisse.com\/it\/\",\"logo\":{\"@type\":\"ImageObject\",\"inLanguage\":\"it-IT\",\"@id\":\"https:\/\/bergerlebnisse.com\/it\/#\/schema\/logo\/image\/\",\"url\":\"\",\"contentUrl\":\"\",\"caption\":\"Skischule Trafoi\"},\"image\":{\"@id\":\"https:\/\/bergerlebnisse.com\/it\/#\/schema\/logo\/image\/\"},\"sameAs\":[\"https:\/\/www.facebook.com\/skischuletrafoi\",\"https:\/\/www.instagram.com\/skischule_trafoi\/\"]}]}<\/script>\n<!-- \/ Yoast SEO plugin. -->","yoast_head_json":{"title":"Sci di neve profonda, corso di neve profonda sull'Arlberg","description":"Un vero Eldorado, la magnifica regione di neve profonda sull'Arlberg. Uno dei pi\u00f9 grandi e pi\u00f9 bei paradisi Ski-Plus delle Alpi.","robots":{"index":"index","follow":"follow","max-snippet":"max-snippet:-1","max-image-preview":"max-image-preview:large","max-video-preview":"max-video-preview:-1"},"canonical":"https:\/\/bergerlebnisse.com\/it\/inverno\/freeride\/fr-04\/","og_locale":"it_IT","og_type":"article","og_title":"Sci di neve profonda, corso di neve profonda sull'Arlberg","og_description":"Un vero Eldorado, la magnifica regione di neve profonda sull'Arlberg. Uno dei pi\u00f9 grandi e pi\u00f9 bei paradisi Ski-Plus delle Alpi.","og_url":"https:\/\/bergerlebnisse.com\/it\/inverno\/freeride\/fr-04\/","og_site_name":"Bergerlebnisse","article_publisher":"https:\/\/www.facebook.com\/skischuletrafoi","article_modified_time":"2024-09-25T19:39:48+00:00","og_image":[{"url":"http:\/\/bergerlebnisse.com\/wp-content\/uploads\/2020\/02\/Logo-Sonneck.jpg","type":"","width":"","height":""}],"twitter_card":"summary_large_image","twitter_misc":{"Tempo di lettura stimato":"6 minuti"},"schema":{"@context":"https:\/\/schema.org","@graph":[{"@type":"WebPage","@id":"https:\/\/bergerlebnisse.com\/it\/inverno\/freeride\/fr-04\/","url":"https:\/\/bergerlebnisse.com\/it\/inverno\/freeride\/fr-04\/","name":"Sci di neve profonda, corso di neve profonda sull'Arlberg","isPartOf":{"@id":"https:\/\/bergerlebnisse.com\/it\/#website"},"primaryImageOfPage":{"@id":"https:\/\/bergerlebnisse.com\/it\/inverno\/freeride\/fr-04\/#primaryimage"},"image":{"@id":"https:\/\/bergerlebnisse.com\/it\/inverno\/freeride\/fr-04\/#primaryimage"},"thumbnailUrl":"http:\/\/bergerlebnisse.com\/wp-content\/uploads\/2020\/02\/Logo-Sonneck.jpg","datePublished":"2020-03-31T10:49:37+00:00","dateModified":"2024-09-25T19:39:48+00:00","description":"Un vero Eldorado, la magnifica regione di neve profonda sull'Arlberg. Uno dei pi\u00f9 grandi e pi\u00f9 bei paradisi Ski-Plus delle Alpi.","breadcrumb":{"@id":"https:\/\/bergerlebnisse.com\/it\/inverno\/freeride\/fr-04\/#breadcrumb"},"inLanguage":"it-IT","potentialAction":[{"@type":"ReadAction","target":["https:\/\/bergerlebnisse.com\/it\/inverno\/freeride\/fr-04\/"]}]},{"@type":"ImageObject","inLanguage":"it-IT","@id":"https:\/\/bergerlebnisse.com\/it\/inverno\/freeride\/fr-04\/#primaryimage","url":"http:\/\/bergerlebnisse.com\/wp-content\/uploads\/2020\/02\/Logo-Sonneck.jpg","contentUrl":"http:\/\/bergerlebnisse.com\/wp-content\/uploads\/2020\/02\/Logo-Sonneck.jpg"},{"@type":"BreadcrumbList","@id":"https:\/\/bergerlebnisse.com\/it\/inverno\/freeride\/fr-04\/#breadcrumb","itemListElement":[{"@type":"ListItem","position":1,"name":"Startseite","item":"https:\/\/bergerlebnisse.com\/it\/"},{"@type":"ListItem","position":2,"name":"INVERNO","item":"https:\/\/bergerlebnisse.com\/it\/inverno\/"},{"@type":"ListItem","position":3,"name":"Freeride","item":"https:\/\/bergerlebnisse.com\/it\/inverno\/freeride\/"},{"@type":"ListItem","position":4,"name":"fr-04"}]},{"@type":"WebSite","@id":"https:\/\/bergerlebnisse.com\/it\/#website","url":"https:\/\/bergerlebnisse.com\/it\/","name":"Skischule Trafoi","description":"Erlebe die S\u00fcdtiroler Berge mit einem Experten","publisher":{"@id":"https:\/\/bergerlebnisse.com\/it\/#organization"},"potentialAction":[{"@type":"SearchAction","target":{"@type":"EntryPoint","urlTemplate":"https:\/\/bergerlebnisse.com\/it\/?s={search_term_string}"},"query-input":{"@type":"PropertyValueSpecification","valueRequired":true,"valueName":"search_term_string"}}],"inLanguage":"it-IT"},{"@type":"Organization","@id":"https:\/\/bergerlebnisse.com\/it\/#organization","name":"Skischule Trafoi","url":"https:\/\/bergerlebnisse.com\/it\/","logo":{"@type":"ImageObject","inLanguage":"it-IT","@id":"https:\/\/bergerlebnisse.com\/it\/#\/schema\/logo\/image\/","url":"","contentUrl":"","caption":"Skischule Trafoi"},"image":{"@id":"https:\/\/bergerlebnisse.com\/it\/#\/schema\/logo\/image\/"},"sameAs":["https:\/\/www.facebook.com\/skischuletrafoi","https:\/\/www.instagram.com\/skischule_trafoi\/"]}]}},"_links":{"self":[{"href":"https:\/\/bergerlebnisse.com\/it\/wp-json\/wp\/v2\/pages\/2214","targetHints":{"allow":["GET"]}}],"collection":[{"href":"https:\/\/bergerlebnisse.com\/it\/wp-json\/wp\/v2\/pages"}],"about":[{"href":"https:\/\/bergerlebnisse.com\/it\/wp-json\/wp\/v2\/types\/page"}],"author":[{"embeddable":true,"href":"https:\/\/bergerlebnisse.com\/it\/wp-json\/wp\/v2\/users\/1"}],"replies":[{"embeddable":true,"href":"https:\/\/bergerlebnisse.com\/it\/wp-json\/wp\/v2\/comments?post=2214"}],"version-history":[{"count":8,"href":"https:\/\/bergerlebnisse.com\/it\/wp-json\/wp\/v2\/pages\/2214\/revisions"}],"predecessor-version":[{"id":5905,"href":"https:\/\/bergerlebnisse.com\/it\/wp-json\/wp\/v2\/pages\/2214\/revisions\/5905"}],"up":[{"embeddable":true,"href":"https:\/\/bergerlebnisse.com\/it\/wp-json\/wp\/v2\/pages\/2205"}],"wp:attachment":[{"href":"https:\/\/bergerlebnisse.com\/it\/wp-json\/wp\/v2\/media?parent=2214"}],"curies":[{"name":"wp","href":"https:\/\/api.w.org\/{rel}","templated":true}]}}