{"id":2213,"date":"2020-03-31T12:48:17","date_gmt":"2020-03-31T10:48:17","guid":{"rendered":"http:\/\/bergerlebnisse.com\/inverno\/freeride\/fr-03\/"},"modified":"2024-09-25T21:40:48","modified_gmt":"2024-09-25T19:40:48","slug":"fr-03","status":"publish","type":"page","link":"https:\/\/bergerlebnisse.com\/it\/inverno\/freeride\/fr-03\/","title":{"rendered":"fr-03"},"content":{"rendered":"\n<h1>\n\t\tGuida in variante &#8211; Dolomiti \n\t<\/h1>\n\t<p><b>3 giorni &#8211; appuntamenti su richiesta<\/b><\/p>\n<strong>Servizi<\/strong>: Visita guidata, 2 x mezza pensione e guida (ski pass extra)<br \/>\n<strong>Partecipanti:<\/strong> 3-5 persone<br \/>\n<strong>Prezzo:<\/strong> \u20ac 420 a persona<br \/>\n<strong>Livello di difficolt\u00e0:**\/***<\/strong><br \/>\n<strong>Distanza:<\/strong><br \/>\n<strong>Metri di elevazione::<\/strong>\n<p>L&#8217;attrezzatura mancante viene fornita a un cost aggiuntivo !<\/p>\n<strong>Programma<\/strong>:<br \/>\nSperimenterai l&#8217;incantevole scenario montano con le sue torri e le sue enormi mura, come la Marmolada e Sass Pordoi o nel Gruppo Sella, filante, lungo sci corre lontano dalle piste da sci.\n<p>Prerequisito: guida sicura in tutti i tipi di neve, anche su terreni pi\u00f9 ripidi e neve profonda.<\/p>\n\t\t\t\t\t<a href=\"#\" id=\"fl-accordion--label-0\" tabindex=\"0\" aria-controls=\"fl-accordion--panel-0\">Note importanti sulla ciasssiglia<\/a>\n\t\t\t\t\t\t\t\t\t\t\t<a href=\"#\" id=\"fl-accordion--icon-0\" tabindex=\"-1\"><i>Expand<\/i><\/a>\n\t\t\t\t\t<p><strong>*<\/strong> ideal f\u00fcr Anf\u00e4nger, keine Voraussetzungen n\u00f6tig. Tempi di percorrenza da 3 a 4 ore.<\/p>\n<p><strong>**<\/strong> E` richiesta una condizione media, in terreni moderatamente inclinati. A piedi da 3 a 5 ore.<\/p>\n<p><strong>**<\/strong> E` necessaria una condizione molto buona. Sale fino a 1.300 mt. anche su terreni pi\u00f9 ripidi. A piedi da 5 a 7 ore.<\/p>\n\t\t\t\t\t<a href=\"#\" id=\"fl-accordion--label-1\" tabindex=\"0\" aria-controls=\"fl-accordion--panel-1\">Note importanti per le escursioni sugli sci<\/a>\n\t\t\t\t\t\t\t\t\t\t\t<a href=\"#\" id=\"fl-accordion--icon-1\" tabindex=\"-1\"><i>Expand<\/i><\/a>\n\t\t\t\t\t<p><strong>*<\/strong> ideale per i nuovi arrivati con salite da 3 a 5 ore in terreni moderatamente inclinati. Padroneggiare lo &#8220;stelo oscillante&#8221; sulla pista \u00e8 un prerequisito. (facile)<\/p>\n<p><strong>** Idealmente,<\/strong> hai gi\u00e0 frequentato un corso di base o hai conoscenze di base sufficienti. Condizioni da medie a buone sono desiderabili. Salite da mt. 800 a 1.100 se si gestiscono discese senza difficolt\u00e0 tecniche. Tuttavia, si dovrebbe gi\u00e0 avere esperienza in neve profonda sci nel terreno.<\/p>\n<p><strong>***<\/strong> Buone condizioni e sci sicuro in tutti i tipi di neve, anche in terreni pi\u00f9 ripidi si dovrebbe padroneggiare cos\u00ec come quelli delle spazzature appuntite nel terreno pi\u00f9 ripido durante la salita. Ogni giorno mt. 1,100 a 1.500 con tempi giornalieri a piedi da 3 a 5 ore.<\/p>\n<p><strong>****<\/strong> Ottimo grado e tecnica sciistica, anche su terreni ripidi, camminare con ramponi sono prerequisiti ma non necessari in tutti i tour (allenamento neve profonda senza ramponi). Dovrebbero essere possibili ascensioni fino a 1.800 mt. Buona o molto buona tecnica di sci per le discese in tutti i tipi di neve sono necessari.<\/p>\n\t\t\t<a href=\"http:\/\/bergerlebnisse.com\/it\/contatto\/\" target=\"_self\" rel=\"noopener\">\n\t\t\t\t\t\tprenotazione vincolante\n\t\t\t\t\t<\/a>\n\t\t\t<a href=\"http:\/\/bergerlebnisse.com\/it\/inverno\/freeride\/\" target=\"_self\" rel=\"noopener\">\n\t\t\t\t\t\tTorna alla panoramica\n\t\t\t\t\t<\/a>\n<h2>\n\t\tSUGGERIMENTO: Buoni regalo\n\t<\/h2>\n\t<h4>Regalare un&#8217;esperienza indimenticabile<\/h4>\nTutti i tour offerti possono anche essere forniti come voucher di avventura.<br \/>\nBasta selezionare il tour e la data desiderati e ti invieremo il tuo voucher regalo personale in PDF, che puoi semplicemente stampare da solo!\n\t\t\t<a href=\"http:\/\/bergerlebnisse.com\/it\/buono-regalo\/\" target=\"_self\" rel=\"noopener\">\n\t\t\t\t\t\tOrdinare un voucher\n\t\t\t\t\t<\/a>\n\t<h2>\n\t\t\t\tI NOSTRI PARTNER\n\t\t\t<\/h2>\n\t\t\t\t<a href=\"http:\/\/www.gasthaus-sonneck.it\/\" target=\"_blank\" rel=\"noopener\" itemprop=\"url\">\n\t\t\t\t<img decoding=\"async\" src=\"http:\/\/bergerlebnisse.com\/wp-content\/uploads\/2020\/02\/Logo-Sonneck.jpg\" alt=\"Logo Sonneck\" itemprop=\"image\" title=\"Logo Sonneck\" onerror=\"this.style.display='none'\"  \/>\n\t\t\t\t<\/a>\n\t\t\t\t<a href=\"http:\/\/hochseilgarten-laas.it\" target=\"_blank\" rel=\"noopener\" itemprop=\"url\">\n\t\t\t\t<img decoding=\"async\" src=\"http:\/\/bergerlebnisse.com\/wp-content\/uploads\/2020\/02\/Logo-Hochseilgarten.jpg\" alt=\"Logo corde alte corso\" itemprop=\"image\" title=\"Logo corde alte corso\" onerror=\"this.style.display='none'\"  \/>\n\t\t\t\t<\/a>\n\t\t\t\t<a href=\"https:\/\/www.schweitzer-getraenke.it\/\" target=\"_blank\" rel=\"noopener\" itemprop=\"url\">\n\t\t\t\t<img decoding=\"async\" src=\"http:\/\/bergerlebnisse.com\/wp-content\/uploads\/2020\/02\/Logo-Schweizer.jpg\" alt=\"Logo-Svizzero\" itemprop=\"image\" title=\"Logo-Svizzero\" onerror=\"this.style.display='none'\"  \/>\n\t\t\t\t<\/a>\n\t\t\t\t<a href=\"https:\/\/www.saegemuehle.it\/de\/\" target=\"_blank\" rel=\"noopener\" itemprop=\"url\">\n\t\t\t\t<img decoding=\"async\" src=\"http:\/\/bergerlebnisse.com\/wp-content\/uploads\/2020\/02\/Logo-S\u00e4gem\u00fchle.jpg\" alt=\"Segheria logo\" itemprop=\"image\" title=\"Segheria logo\" onerror=\"this.style.display='none'\"  \/>\n\t\t\t\t<\/a>\n\t\t\t\t<a href=\"https:\/\/www.bergfrieden.com\" target=\"_blank\" rel=\"noopener\" itemprop=\"url\">\n\t\t\t\t<img decoding=\"async\" src=\"http:\/\/bergerlebnisse.com\/wp-content\/uploads\/2020\/02\/Bergfrieden-Logo.jpg\" alt=\"Bergfrieden-Logo\" itemprop=\"image\" title=\"Bergfrieden-Logo\" onerror=\"this.style.display='none'\"  \/>\n\t\t\t\t<\/a>\n\t\t\t\t<a href=\"https:\/\/www.odler.it\/pizzeria-odler-laas\/\" target=\"_blank\" rel=\"noopener\" itemprop=\"url\">\n\t\t\t\t<img decoding=\"async\" src=\"http:\/\/bergerlebnisse.com\/wp-content\/uploads\/2020\/02\/logo_kl.jpg\" alt=\"logo_kl\" itemprop=\"image\" title=\"logo_kl\" onerror=\"this.style.display='none'\"  \/>\n\t\t\t\t<\/a>\n\n","protected":false},"excerpt":{"rendered":"<p>Guida in variante &#8211; Dolomiti 3 giorni &#8211; appuntamenti su richiesta Servizi: Visita guidata, 2 x mezza pensione e guida (ski pass extra) Partecipanti: 3-5 persone Prezzo: \u20ac 420 a persona Livello di difficolt\u00e0:**\/*** Distanza: Metri di elevazione:: L&#8217;attrezzatura mancante viene fornita a un cost aggiuntivo ! Programma: Sperimenterai l&#8217;incantevole scenario montano con le sue&hellip;<\/p>\n","protected":false},"author":1,"featured_media":0,"parent":2205,"menu_order":0,"comment_status":"closed","ping_status":"closed","template":"","meta":{"inline_featured_image":false,"footnotes":""},"class_list":["post-2213","page","type-page","status-publish","hentry"],"yoast_head":"<!-- This site is optimized with the Yoast SEO plugin v26.8 - https:\/\/yoast.com\/product\/yoast-seo-wordpress\/ -->\n<title>Corso di sci touring nelle Dolomiti<\/title>\n<meta name=\"description\" content=\"Scopri l&#039;incantevole scenario montano della Marmolada e Pordoispitze o del Gruppo Sella, filante e lungo sci corre lontano dalle piste da sci.\" \/>\n<meta name=\"robots\" content=\"index, follow, max-snippet:-1, max-image-preview:large, max-video-preview:-1\" \/>\n<link rel=\"canonical\" href=\"https:\/\/bergerlebnisse.com\/it\/inverno\/freeride\/fr-03\/\" \/>\n<meta property=\"og:locale\" content=\"it_IT\" \/>\n<meta property=\"og:type\" content=\"article\" \/>\n<meta property=\"og:title\" content=\"Corso di sci touring nelle Dolomiti\" \/>\n<meta property=\"og:description\" content=\"Scopri l&#039;incantevole scenario montano della Marmolada e Pordoispitze o del Gruppo Sella, filante e lungo sci corre lontano dalle piste da sci.\" \/>\n<meta property=\"og:url\" content=\"https:\/\/bergerlebnisse.com\/it\/inverno\/freeride\/fr-03\/\" \/>\n<meta property=\"og:site_name\" content=\"Bergerlebnisse\" \/>\n<meta property=\"article:publisher\" content=\"https:\/\/www.facebook.com\/skischuletrafoi\" \/>\n<meta property=\"article:modified_time\" content=\"2024-09-25T19:40:48+00:00\" \/>\n<meta property=\"og:image\" content=\"http:\/\/bergerlebnisse.com\/wp-content\/uploads\/2020\/02\/Logo-Sonneck.jpg\" \/>\n<meta name=\"twitter:card\" content=\"summary_large_image\" \/>\n<meta name=\"twitter:label1\" content=\"Tempo di lettura stimato\" \/>\n\t<meta name=\"twitter:data1\" content=\"5 minuti\" \/>\n<script type=\"application\/ld+json\" class=\"yoast-schema-graph\">{\"@context\":\"https:\/\/schema.org\",\"@graph\":[{\"@type\":\"WebPage\",\"@id\":\"https:\/\/bergerlebnisse.com\/it\/inverno\/freeride\/fr-03\/\",\"url\":\"https:\/\/bergerlebnisse.com\/it\/inverno\/freeride\/fr-03\/\",\"name\":\"Corso di sci touring nelle Dolomiti\",\"isPartOf\":{\"@id\":\"https:\/\/bergerlebnisse.com\/it\/#website\"},\"primaryImageOfPage\":{\"@id\":\"https:\/\/bergerlebnisse.com\/it\/inverno\/freeride\/fr-03\/#primaryimage\"},\"image\":{\"@id\":\"https:\/\/bergerlebnisse.com\/it\/inverno\/freeride\/fr-03\/#primaryimage\"},\"thumbnailUrl\":\"http:\/\/bergerlebnisse.com\/wp-content\/uploads\/2020\/02\/Logo-Sonneck.jpg\",\"datePublished\":\"2020-03-31T10:48:17+00:00\",\"dateModified\":\"2024-09-25T19:40:48+00:00\",\"description\":\"Scopri l'incantevole scenario montano della Marmolada e Pordoispitze o del Gruppo Sella, filante e lungo sci corre lontano dalle piste da sci.\",\"breadcrumb\":{\"@id\":\"https:\/\/bergerlebnisse.com\/it\/inverno\/freeride\/fr-03\/#breadcrumb\"},\"inLanguage\":\"it-IT\",\"potentialAction\":[{\"@type\":\"ReadAction\",\"target\":[\"https:\/\/bergerlebnisse.com\/it\/inverno\/freeride\/fr-03\/\"]}]},{\"@type\":\"ImageObject\",\"inLanguage\":\"it-IT\",\"@id\":\"https:\/\/bergerlebnisse.com\/it\/inverno\/freeride\/fr-03\/#primaryimage\",\"url\":\"http:\/\/bergerlebnisse.com\/wp-content\/uploads\/2020\/02\/Logo-Sonneck.jpg\",\"contentUrl\":\"http:\/\/bergerlebnisse.com\/wp-content\/uploads\/2020\/02\/Logo-Sonneck.jpg\"},{\"@type\":\"BreadcrumbList\",\"@id\":\"https:\/\/bergerlebnisse.com\/it\/inverno\/freeride\/fr-03\/#breadcrumb\",\"itemListElement\":[{\"@type\":\"ListItem\",\"position\":1,\"name\":\"Startseite\",\"item\":\"https:\/\/bergerlebnisse.com\/it\/\"},{\"@type\":\"ListItem\",\"position\":2,\"name\":\"INVERNO\",\"item\":\"https:\/\/bergerlebnisse.com\/it\/inverno\/\"},{\"@type\":\"ListItem\",\"position\":3,\"name\":\"Freeride\",\"item\":\"https:\/\/bergerlebnisse.com\/it\/inverno\/freeride\/\"},{\"@type\":\"ListItem\",\"position\":4,\"name\":\"fr-03\"}]},{\"@type\":\"WebSite\",\"@id\":\"https:\/\/bergerlebnisse.com\/it\/#website\",\"url\":\"https:\/\/bergerlebnisse.com\/it\/\",\"name\":\"Skischule Trafoi\",\"description\":\"Erlebe die S\u00fcdtiroler Berge mit einem Experten\",\"publisher\":{\"@id\":\"https:\/\/bergerlebnisse.com\/it\/#organization\"},\"potentialAction\":[{\"@type\":\"SearchAction\",\"target\":{\"@type\":\"EntryPoint\",\"urlTemplate\":\"https:\/\/bergerlebnisse.com\/it\/?s={search_term_string}\"},\"query-input\":{\"@type\":\"PropertyValueSpecification\",\"valueRequired\":true,\"valueName\":\"search_term_string\"}}],\"inLanguage\":\"it-IT\"},{\"@type\":\"Organization\",\"@id\":\"https:\/\/bergerlebnisse.com\/it\/#organization\",\"name\":\"Skischule Trafoi\",\"url\":\"https:\/\/bergerlebnisse.com\/it\/\",\"logo\":{\"@type\":\"ImageObject\",\"inLanguage\":\"it-IT\",\"@id\":\"https:\/\/bergerlebnisse.com\/it\/#\/schema\/logo\/image\/\",\"url\":\"\",\"contentUrl\":\"\",\"caption\":\"Skischule Trafoi\"},\"image\":{\"@id\":\"https:\/\/bergerlebnisse.com\/it\/#\/schema\/logo\/image\/\"},\"sameAs\":[\"https:\/\/www.facebook.com\/skischuletrafoi\",\"https:\/\/www.instagram.com\/skischule_trafoi\/\"]}]}<\/script>\n<!-- \/ Yoast SEO plugin. -->","yoast_head_json":{"title":"Corso di sci touring nelle Dolomiti","description":"Scopri l'incantevole scenario montano della Marmolada e Pordoispitze o del Gruppo Sella, filante e lungo sci corre lontano dalle piste da sci.","robots":{"index":"index","follow":"follow","max-snippet":"max-snippet:-1","max-image-preview":"max-image-preview:large","max-video-preview":"max-video-preview:-1"},"canonical":"https:\/\/bergerlebnisse.com\/it\/inverno\/freeride\/fr-03\/","og_locale":"it_IT","og_type":"article","og_title":"Corso di sci touring nelle Dolomiti","og_description":"Scopri l'incantevole scenario montano della Marmolada e Pordoispitze o del Gruppo Sella, filante e lungo sci corre lontano dalle piste da sci.","og_url":"https:\/\/bergerlebnisse.com\/it\/inverno\/freeride\/fr-03\/","og_site_name":"Bergerlebnisse","article_publisher":"https:\/\/www.facebook.com\/skischuletrafoi","article_modified_time":"2024-09-25T19:40:48+00:00","og_image":[{"url":"http:\/\/bergerlebnisse.com\/wp-content\/uploads\/2020\/02\/Logo-Sonneck.jpg","type":"","width":"","height":""}],"twitter_card":"summary_large_image","twitter_misc":{"Tempo di lettura stimato":"5 minuti"},"schema":{"@context":"https:\/\/schema.org","@graph":[{"@type":"WebPage","@id":"https:\/\/bergerlebnisse.com\/it\/inverno\/freeride\/fr-03\/","url":"https:\/\/bergerlebnisse.com\/it\/inverno\/freeride\/fr-03\/","name":"Corso di sci touring nelle Dolomiti","isPartOf":{"@id":"https:\/\/bergerlebnisse.com\/it\/#website"},"primaryImageOfPage":{"@id":"https:\/\/bergerlebnisse.com\/it\/inverno\/freeride\/fr-03\/#primaryimage"},"image":{"@id":"https:\/\/bergerlebnisse.com\/it\/inverno\/freeride\/fr-03\/#primaryimage"},"thumbnailUrl":"http:\/\/bergerlebnisse.com\/wp-content\/uploads\/2020\/02\/Logo-Sonneck.jpg","datePublished":"2020-03-31T10:48:17+00:00","dateModified":"2024-09-25T19:40:48+00:00","description":"Scopri l'incantevole scenario montano della Marmolada e Pordoispitze o del Gruppo Sella, filante e lungo sci corre lontano dalle piste da sci.","breadcrumb":{"@id":"https:\/\/bergerlebnisse.com\/it\/inverno\/freeride\/fr-03\/#breadcrumb"},"inLanguage":"it-IT","potentialAction":[{"@type":"ReadAction","target":["https:\/\/bergerlebnisse.com\/it\/inverno\/freeride\/fr-03\/"]}]},{"@type":"ImageObject","inLanguage":"it-IT","@id":"https:\/\/bergerlebnisse.com\/it\/inverno\/freeride\/fr-03\/#primaryimage","url":"http:\/\/bergerlebnisse.com\/wp-content\/uploads\/2020\/02\/Logo-Sonneck.jpg","contentUrl":"http:\/\/bergerlebnisse.com\/wp-content\/uploads\/2020\/02\/Logo-Sonneck.jpg"},{"@type":"BreadcrumbList","@id":"https:\/\/bergerlebnisse.com\/it\/inverno\/freeride\/fr-03\/#breadcrumb","itemListElement":[{"@type":"ListItem","position":1,"name":"Startseite","item":"https:\/\/bergerlebnisse.com\/it\/"},{"@type":"ListItem","position":2,"name":"INVERNO","item":"https:\/\/bergerlebnisse.com\/it\/inverno\/"},{"@type":"ListItem","position":3,"name":"Freeride","item":"https:\/\/bergerlebnisse.com\/it\/inverno\/freeride\/"},{"@type":"ListItem","position":4,"name":"fr-03"}]},{"@type":"WebSite","@id":"https:\/\/bergerlebnisse.com\/it\/#website","url":"https:\/\/bergerlebnisse.com\/it\/","name":"Skischule Trafoi","description":"Erlebe die S\u00fcdtiroler Berge mit einem Experten","publisher":{"@id":"https:\/\/bergerlebnisse.com\/it\/#organization"},"potentialAction":[{"@type":"SearchAction","target":{"@type":"EntryPoint","urlTemplate":"https:\/\/bergerlebnisse.com\/it\/?s={search_term_string}"},"query-input":{"@type":"PropertyValueSpecification","valueRequired":true,"valueName":"search_term_string"}}],"inLanguage":"it-IT"},{"@type":"Organization","@id":"https:\/\/bergerlebnisse.com\/it\/#organization","name":"Skischule Trafoi","url":"https:\/\/bergerlebnisse.com\/it\/","logo":{"@type":"ImageObject","inLanguage":"it-IT","@id":"https:\/\/bergerlebnisse.com\/it\/#\/schema\/logo\/image\/","url":"","contentUrl":"","caption":"Skischule Trafoi"},"image":{"@id":"https:\/\/bergerlebnisse.com\/it\/#\/schema\/logo\/image\/"},"sameAs":["https:\/\/www.facebook.com\/skischuletrafoi","https:\/\/www.instagram.com\/skischule_trafoi\/"]}]}},"_links":{"self":[{"href":"https:\/\/bergerlebnisse.com\/it\/wp-json\/wp\/v2\/pages\/2213","targetHints":{"allow":["GET"]}}],"collection":[{"href":"https:\/\/bergerlebnisse.com\/it\/wp-json\/wp\/v2\/pages"}],"about":[{"href":"https:\/\/bergerlebnisse.com\/it\/wp-json\/wp\/v2\/types\/page"}],"author":[{"embeddable":true,"href":"https:\/\/bergerlebnisse.com\/it\/wp-json\/wp\/v2\/users\/1"}],"replies":[{"embeddable":true,"href":"https:\/\/bergerlebnisse.com\/it\/wp-json\/wp\/v2\/comments?post=2213"}],"version-history":[{"count":4,"href":"https:\/\/bergerlebnisse.com\/it\/wp-json\/wp\/v2\/pages\/2213\/revisions"}],"predecessor-version":[{"id":5907,"href":"https:\/\/bergerlebnisse.com\/it\/wp-json\/wp\/v2\/pages\/2213\/revisions\/5907"}],"up":[{"embeddable":true,"href":"https:\/\/bergerlebnisse.com\/it\/wp-json\/wp\/v2\/pages\/2205"}],"wp:attachment":[{"href":"https:\/\/bergerlebnisse.com\/it\/wp-json\/wp\/v2\/media?parent=2213"}],"curies":[{"name":"wp","href":"https:\/\/api.w.org\/{rel}","templated":true}]}}