{"id":2199,"date":"2020-03-31T12:40:22","date_gmt":"2020-03-31T10:40:22","guid":{"rendered":"http:\/\/bergerlebnisse.com\/inverno\/"},"modified":"2022-09-18T13:40:35","modified_gmt":"2022-09-18T11:40:35","slug":"inverno","status":"publish","type":"page","link":"https:\/\/bergerlebnisse.com\/it\/inverno\/","title":{"rendered":"INVERNO"},"content":{"rendered":"\n<h1>\n\t\tCorsi ski d&#8217;alpinismo, corso d&#8217;arrampicata su ghiaccio, Freeride &amp; escursioni di sci d&#8217;alpinismo\n\t<\/h1>\n\t\t\t\t<img loading=\"lazy\" decoding=\"async\" src=\"http:\/\/bergerlebnisse.com\/wp-content\/uploads\/2021\/11\/Winter-Suedtirol.jpg\" alt=\"Inverno Alto Adige\" itemprop=\"image\" height=\"1200\" width=\"1800\" title=\"Inverno Alto Adige\" onerror=\"this.style.display='none'\">\n<h3>\n\t\tCorsi settimanale di sci d&#8217;alpinismo\n\t<\/h3>\n\t\t\t<a href=\"http:\/\/bergerlebnisse.com\/it\/inverno\/skitourenweeks-courses\/\" target=\"_self\" role=\"button\" rel=\"noopener\">\n\t\t\t\t\t\t\tPer saperne di pi\u00f9\n\t\t\t\t\t<\/a>\n\t\t\t\t<img loading=\"lazy\" decoding=\"async\" src=\"http:\/\/bergerlebnisse.com\/wp-content\/uploads\/2021\/11\/Schneeschuhwandern-1024x683.jpg\" alt=\"Racchette da neve\" itemprop=\"image\" height=\"683\" width=\"1024\" title=\"Racchette da neve\" onerror=\"this.style.display='none'\">\n<h3>\n\t\tEscursioni con le ciaspole\n\t<\/h3>\n\t\t\t<a href=\"http:\/\/bergerlebnisse.com\/it\/inverno\/escursioni-con-le-ciaspole\/\" target=\"_self\" role=\"button\" rel=\"noopener\">\n\t\t\t\t\t\t\tPer saperne di pi\u00f9\n\t\t\t\t\t<\/a>\n\t\t\t\t<img loading=\"lazy\" decoding=\"async\" src=\"http:\/\/bergerlebnisse.com\/wp-content\/uploads\/2021\/11\/verlaengertes-Wochenende-1024x683.jpg\" alt=\"verl\u00e4ngertes-Wochenende\" itemprop=\"image\" height=\"683\" width=\"1024\" title=\"verl\u00e4ngertes-Wochenende\" onerror=\"this.style.display='none'\">\n<h3>\n\t\tFine settimana prolungato\n\t<\/h3>\n\t\t\t<a href=\"http:\/\/bergerlebnisse.com\/it\/inverno\/inverno-fine-settimana-prolungato\/\" target=\"_self\" role=\"button\" rel=\"noopener\">\n\t\t\t\t\t\t\tPer saperne di pi\u00f9\n\t\t\t\t\t<\/a>\n\t\t\t\t<img loading=\"lazy\" decoding=\"async\" src=\"http:\/\/bergerlebnisse.com\/wp-content\/uploads\/2020\/01\/P1010833-1024x400.jpg\" alt=\"P1010833\" itemprop=\"image\" height=\"400\" width=\"1024\" title=\"P1010833\" onerror=\"this.style.display='none'\">\n<h3>\n\t\tFreeride\n\t<\/h3>\n\t\t\t<a href=\"http:\/\/bergerlebnisse.com\/it\/inverno\/freeride\/\" target=\"_self\" role=\"button\" rel=\"noopener\">\n\t\t\t\t\t\t\tPer saperne di pi\u00f9\n\t\t\t\t\t<\/a>\n\t\t\t\t<img loading=\"lazy\" decoding=\"async\" src=\"http:\/\/bergerlebnisse.com\/wp-content\/uploads\/2021\/11\/Tagesskitouren-1.jpg\" alt=\"Tagesskitouren\" itemprop=\"image\" height=\"1200\" width=\"1800\" title=\"Tagesskitouren\" onerror=\"this.style.display='none'\">\n<h3>\n\t\tTour giornalieri\n\t<\/h3>\n\t\t\t<a href=\"http:\/\/bergerlebnisse.com\/tagestouren\/\" target=\"_self\" role=\"button\" rel=\"noopener\">\n\t\t\t\t\t\t\tPer saperne di pi\u00f9\n\t\t\t\t\t<\/a>\n<h2>\n\t\tSUGGERIMENTO: Buoni regalo\n\t<\/h2>\n\t<h4>Regalare un&#8217;esperienza indimenticabile<\/h4>\nTutti i tour offerti possono anche essere forniti come voucher di avventura.<br>\nBasta selezionare il tour e la data desiderati e ti invieremo il tuo voucher regalo personale in PDF, che puoi semplicemente stampare da solo!\n\t\t\t<a href=\"http:\/\/bergerlebnisse.com\/it\/buono-regalo\/\" target=\"_self\" role=\"button\" rel=\"noopener\">\n\t\t\t\t\t\tOrdinare un voucher\n\t\t\t\t\t<\/a>\n","protected":false},"excerpt":{"rendered":"<p>Corsi ski d&#8217;alpinismo, corso d&#8217;arrampicata su ghiaccio, Freeride &amp; escursioni di sci d&#8217;alpinismo Corsi settimanale di sci d&#8217;alpinismo Per saperne di pi\u00f9 Escursioni con le ciaspole Per saperne di pi\u00f9 Fine settimana prolungato Per saperne di pi\u00f9 Freeride Per saperne di pi\u00f9 Tour giornalieri Per saperne di pi\u00f9 SUGGERIMENTO: Buoni regalo Regalare un&#8217;esperienza indimenticabile Tutti&hellip;<\/p>\n","protected":false},"author":1,"featured_media":0,"parent":0,"menu_order":7,"comment_status":"closed","ping_status":"closed","template":"","meta":{"inline_featured_image":false,"footnotes":""},"class_list":["post-2199","page","type-page","status-publish","hentry"],"yoast_head":"<!-- This site is optimized with the Yoast SEO plugin v26.8 - https:\/\/yoast.com\/product\/yoast-seo-wordpress\/ -->\n<title>Corsi di neve profonda, corsi di tourismo sci, freeride, corsi di arrampicata su ghiaccio<\/title>\n<meta name=\"description\" content=\"Corsi di neve profonda, corsi di sci touring, freeride, corsi di arrampicata su ghiaccio in Alto Adige \/ Vinschgau, per principianti e sciatori avanzati\" \/>\n<meta name=\"robots\" content=\"index, follow, max-snippet:-1, max-image-preview:large, max-video-preview:-1\" \/>\n<link rel=\"canonical\" href=\"https:\/\/bergerlebnisse.com\/it\/inverno\/\" \/>\n<meta property=\"og:locale\" content=\"it_IT\" \/>\n<meta property=\"og:type\" content=\"article\" \/>\n<meta property=\"og:title\" content=\"Corsi di neve profonda, corsi di tourismo sci, freeride, corsi di arrampicata su ghiaccio\" \/>\n<meta property=\"og:description\" content=\"Corsi di neve profonda, corsi di sci touring, freeride, corsi di arrampicata su ghiaccio in Alto Adige \/ Vinschgau, per principianti e sciatori avanzati\" \/>\n<meta property=\"og:url\" content=\"https:\/\/bergerlebnisse.com\/it\/inverno\/\" \/>\n<meta property=\"og:site_name\" content=\"Bergerlebnisse\" \/>\n<meta property=\"article:publisher\" content=\"https:\/\/www.facebook.com\/skischuletrafoi\" \/>\n<meta property=\"article:modified_time\" content=\"2022-09-18T11:40:35+00:00\" \/>\n<meta property=\"og:image\" content=\"http:\/\/bergerlebnisse.com\/wp-content\/uploads\/2021\/11\/Winter-Suedtirol.jpg\" \/>\n<meta name=\"twitter:card\" content=\"summary_large_image\" \/>\n<script type=\"application\/ld+json\" class=\"yoast-schema-graph\">{\"@context\":\"https:\/\/schema.org\",\"@graph\":[{\"@type\":\"WebPage\",\"@id\":\"https:\/\/bergerlebnisse.com\/it\/inverno\/\",\"url\":\"https:\/\/bergerlebnisse.com\/it\/inverno\/\",\"name\":\"Corsi di neve profonda, corsi di tourismo sci, freeride, corsi di arrampicata su ghiaccio\",\"isPartOf\":{\"@id\":\"https:\/\/bergerlebnisse.com\/it\/#website\"},\"primaryImageOfPage\":{\"@id\":\"https:\/\/bergerlebnisse.com\/it\/inverno\/#primaryimage\"},\"image\":{\"@id\":\"https:\/\/bergerlebnisse.com\/it\/inverno\/#primaryimage\"},\"thumbnailUrl\":\"http:\/\/bergerlebnisse.com\/wp-content\/uploads\/2021\/11\/Winter-Suedtirol.jpg\",\"datePublished\":\"2020-03-31T10:40:22+00:00\",\"dateModified\":\"2022-09-18T11:40:35+00:00\",\"description\":\"Corsi di neve profonda, corsi di sci touring, freeride, corsi di arrampicata su ghiaccio in Alto Adige \/ Vinschgau, per principianti e sciatori avanzati\",\"breadcrumb\":{\"@id\":\"https:\/\/bergerlebnisse.com\/it\/inverno\/#breadcrumb\"},\"inLanguage\":\"it-IT\",\"potentialAction\":[{\"@type\":\"ReadAction\",\"target\":[\"https:\/\/bergerlebnisse.com\/it\/inverno\/\"]}]},{\"@type\":\"ImageObject\",\"inLanguage\":\"it-IT\",\"@id\":\"https:\/\/bergerlebnisse.com\/it\/inverno\/#primaryimage\",\"url\":\"http:\/\/bergerlebnisse.com\/wp-content\/uploads\/2021\/11\/Winter-Suedtirol.jpg\",\"contentUrl\":\"http:\/\/bergerlebnisse.com\/wp-content\/uploads\/2021\/11\/Winter-Suedtirol.jpg\"},{\"@type\":\"BreadcrumbList\",\"@id\":\"https:\/\/bergerlebnisse.com\/it\/inverno\/#breadcrumb\",\"itemListElement\":[{\"@type\":\"ListItem\",\"position\":1,\"name\":\"Startseite\",\"item\":\"https:\/\/bergerlebnisse.com\/it\/\"},{\"@type\":\"ListItem\",\"position\":2,\"name\":\"INVERNO\"}]},{\"@type\":\"WebSite\",\"@id\":\"https:\/\/bergerlebnisse.com\/it\/#website\",\"url\":\"https:\/\/bergerlebnisse.com\/it\/\",\"name\":\"Skischule Trafoi\",\"description\":\"Erlebe die S\u00fcdtiroler Berge mit einem Experten\",\"publisher\":{\"@id\":\"https:\/\/bergerlebnisse.com\/it\/#organization\"},\"potentialAction\":[{\"@type\":\"SearchAction\",\"target\":{\"@type\":\"EntryPoint\",\"urlTemplate\":\"https:\/\/bergerlebnisse.com\/it\/?s={search_term_string}\"},\"query-input\":{\"@type\":\"PropertyValueSpecification\",\"valueRequired\":true,\"valueName\":\"search_term_string\"}}],\"inLanguage\":\"it-IT\"},{\"@type\":\"Organization\",\"@id\":\"https:\/\/bergerlebnisse.com\/it\/#organization\",\"name\":\"Skischule Trafoi\",\"url\":\"https:\/\/bergerlebnisse.com\/it\/\",\"logo\":{\"@type\":\"ImageObject\",\"inLanguage\":\"it-IT\",\"@id\":\"https:\/\/bergerlebnisse.com\/it\/#\/schema\/logo\/image\/\",\"url\":\"\",\"contentUrl\":\"\",\"caption\":\"Skischule Trafoi\"},\"image\":{\"@id\":\"https:\/\/bergerlebnisse.com\/it\/#\/schema\/logo\/image\/\"},\"sameAs\":[\"https:\/\/www.facebook.com\/skischuletrafoi\",\"https:\/\/www.instagram.com\/skischule_trafoi\/\"]}]}<\/script>\n<!-- \/ Yoast SEO plugin. -->","yoast_head_json":{"title":"Corsi di neve profonda, corsi di tourismo sci, freeride, corsi di arrampicata su ghiaccio","description":"Corsi di neve profonda, corsi di sci touring, freeride, corsi di arrampicata su ghiaccio in Alto Adige \/ Vinschgau, per principianti e sciatori avanzati","robots":{"index":"index","follow":"follow","max-snippet":"max-snippet:-1","max-image-preview":"max-image-preview:large","max-video-preview":"max-video-preview:-1"},"canonical":"https:\/\/bergerlebnisse.com\/it\/inverno\/","og_locale":"it_IT","og_type":"article","og_title":"Corsi di neve profonda, corsi di tourismo sci, freeride, corsi di arrampicata su ghiaccio","og_description":"Corsi di neve profonda, corsi di sci touring, freeride, corsi di arrampicata su ghiaccio in Alto Adige \/ Vinschgau, per principianti e sciatori avanzati","og_url":"https:\/\/bergerlebnisse.com\/it\/inverno\/","og_site_name":"Bergerlebnisse","article_publisher":"https:\/\/www.facebook.com\/skischuletrafoi","article_modified_time":"2022-09-18T11:40:35+00:00","og_image":[{"url":"http:\/\/bergerlebnisse.com\/wp-content\/uploads\/2021\/11\/Winter-Suedtirol.jpg","type":"","width":"","height":""}],"twitter_card":"summary_large_image","schema":{"@context":"https:\/\/schema.org","@graph":[{"@type":"WebPage","@id":"https:\/\/bergerlebnisse.com\/it\/inverno\/","url":"https:\/\/bergerlebnisse.com\/it\/inverno\/","name":"Corsi di neve profonda, corsi di tourismo sci, freeride, corsi di arrampicata su ghiaccio","isPartOf":{"@id":"https:\/\/bergerlebnisse.com\/it\/#website"},"primaryImageOfPage":{"@id":"https:\/\/bergerlebnisse.com\/it\/inverno\/#primaryimage"},"image":{"@id":"https:\/\/bergerlebnisse.com\/it\/inverno\/#primaryimage"},"thumbnailUrl":"http:\/\/bergerlebnisse.com\/wp-content\/uploads\/2021\/11\/Winter-Suedtirol.jpg","datePublished":"2020-03-31T10:40:22+00:00","dateModified":"2022-09-18T11:40:35+00:00","description":"Corsi di neve profonda, corsi di sci touring, freeride, corsi di arrampicata su ghiaccio in Alto Adige \/ Vinschgau, per principianti e sciatori avanzati","breadcrumb":{"@id":"https:\/\/bergerlebnisse.com\/it\/inverno\/#breadcrumb"},"inLanguage":"it-IT","potentialAction":[{"@type":"ReadAction","target":["https:\/\/bergerlebnisse.com\/it\/inverno\/"]}]},{"@type":"ImageObject","inLanguage":"it-IT","@id":"https:\/\/bergerlebnisse.com\/it\/inverno\/#primaryimage","url":"http:\/\/bergerlebnisse.com\/wp-content\/uploads\/2021\/11\/Winter-Suedtirol.jpg","contentUrl":"http:\/\/bergerlebnisse.com\/wp-content\/uploads\/2021\/11\/Winter-Suedtirol.jpg"},{"@type":"BreadcrumbList","@id":"https:\/\/bergerlebnisse.com\/it\/inverno\/#breadcrumb","itemListElement":[{"@type":"ListItem","position":1,"name":"Startseite","item":"https:\/\/bergerlebnisse.com\/it\/"},{"@type":"ListItem","position":2,"name":"INVERNO"}]},{"@type":"WebSite","@id":"https:\/\/bergerlebnisse.com\/it\/#website","url":"https:\/\/bergerlebnisse.com\/it\/","name":"Skischule Trafoi","description":"Erlebe die S\u00fcdtiroler Berge mit einem Experten","publisher":{"@id":"https:\/\/bergerlebnisse.com\/it\/#organization"},"potentialAction":[{"@type":"SearchAction","target":{"@type":"EntryPoint","urlTemplate":"https:\/\/bergerlebnisse.com\/it\/?s={search_term_string}"},"query-input":{"@type":"PropertyValueSpecification","valueRequired":true,"valueName":"search_term_string"}}],"inLanguage":"it-IT"},{"@type":"Organization","@id":"https:\/\/bergerlebnisse.com\/it\/#organization","name":"Skischule Trafoi","url":"https:\/\/bergerlebnisse.com\/it\/","logo":{"@type":"ImageObject","inLanguage":"it-IT","@id":"https:\/\/bergerlebnisse.com\/it\/#\/schema\/logo\/image\/","url":"","contentUrl":"","caption":"Skischule Trafoi"},"image":{"@id":"https:\/\/bergerlebnisse.com\/it\/#\/schema\/logo\/image\/"},"sameAs":["https:\/\/www.facebook.com\/skischuletrafoi","https:\/\/www.instagram.com\/skischule_trafoi\/"]}]}},"_links":{"self":[{"href":"https:\/\/bergerlebnisse.com\/it\/wp-json\/wp\/v2\/pages\/2199","targetHints":{"allow":["GET"]}}],"collection":[{"href":"https:\/\/bergerlebnisse.com\/it\/wp-json\/wp\/v2\/pages"}],"about":[{"href":"https:\/\/bergerlebnisse.com\/it\/wp-json\/wp\/v2\/types\/page"}],"author":[{"embeddable":true,"href":"https:\/\/bergerlebnisse.com\/it\/wp-json\/wp\/v2\/users\/1"}],"replies":[{"embeddable":true,"href":"https:\/\/bergerlebnisse.com\/it\/wp-json\/wp\/v2\/comments?post=2199"}],"version-history":[{"count":6,"href":"https:\/\/bergerlebnisse.com\/it\/wp-json\/wp\/v2\/pages\/2199\/revisions"}],"predecessor-version":[{"id":3905,"href":"https:\/\/bergerlebnisse.com\/it\/wp-json\/wp\/v2\/pages\/2199\/revisions\/3905"}],"wp:attachment":[{"href":"https:\/\/bergerlebnisse.com\/it\/wp-json\/wp\/v2\/media?parent=2199"}],"curies":[{"name":"wp","href":"https:\/\/api.w.org\/{rel}","templated":true}]}}