{"id":2163,"date":"2020-03-20T22:05:15","date_gmt":"2020-03-20T21:05:15","guid":{"rendered":"http:\/\/bergerlebnisse.com\/estate\/escursioni-darrampicata\/klr-01\/"},"modified":"2024-10-19T17:07:33","modified_gmt":"2024-10-19T15:07:33","slug":"klr-01","status":"publish","type":"page","link":"https:\/\/bergerlebnisse.com\/it\/estate\/escursioni-darrampicata\/klr-01\/","title":{"rendered":"klr-01"},"content":{"rendered":"\n<h1>\n\t\tViaggio in arrampicata in Sardegna\n\t<\/h1>\n\t<p><b>28.04.-04.05.2025<\/b><\/p>\n<p><strong>Servizi<\/strong>: 6 giorni di arrampicata sulla roccia migliore, guida e organizzazione.<\/p>\n<p><strong>Prezzo:<\/strong>\u00a0\u20ac 700 a pers.<\/p>\n<p><strong>Costi aggiuntivi:<\/strong>\u00a0volo, auto a noleggio, pernottamento\/mezza pensione in hotel o appartamento.<\/p>\n<p><strong>Prerequisito:<\/strong>\u00a0Arrampicata da 4 o 5 gradi.<\/p>\n<p><strong>Suggerimento:<\/strong>\u00a0L&#8217;attrezzatura mancante viene fornita gratuitamente!<\/p>\n<p><strong>Suggerimento:<\/strong> L&#8217;attrezzatura mancante viene fornita gratuitamente!<\/p>\n<b><br \/>\nProgramma:<br \/>\n<\/b>Sardines \u00e8 un&#8217;isola per l&#8217;arrampicata, soprattutto nella zona di Cala Conone, che si trova direttamente sul mare. Dai principianti ai professionisti, tutti avranno sicuramente il loro valore dei soldi.<br \/>\nQuesta settimana, gli studenti riceveranno un corso di arrampicata e, a seconda delle loro abilit\u00e0 di arrampicata, un corso avanzato.\n\t\t\t\t\t<a href=\"#\" id=\"fl-accordion--label-0\" tabindex=\"0\" aria-controls=\"fl-accordion--panel-0\">Klettern Schwierigkeitsgrad UIAA Skala<\/a>\n\t\t\t\t\t\t\t\t\t\t\t<a href=\"#\" id=\"fl-accordion--icon-0\" tabindex=\"-1\"><i>Expand<\/i><\/a>\n\t\t\t\t\t<p><strong>1<\/strong>\u00a0&#8211; Geringe Schwierigkeiten, einfachste Form der Felskletterei (jedoch\u00a0kein\u00a0leichtes Gehgel\u00e4nde). Die H\u00e4nde sind zur Unterst\u00fctzung des Gleichgewichtes erforderlich. Anf\u00e4nger m\u00fcssen am Seil gesichert werden. Schwindelfreiheit ist bereits erforderlich.<\/p>\n<p><strong>2<\/strong> &#8211; M\u00e4\u00dfige Schwierigkeiten. Hier beginnt die Kletterei, welche die\u00a0Drei-Punkt-Haltung\u00a0erforderlich macht.<\/p>\n<p><strong>3<\/strong> &#8211; Mittlere Schwierigkeiten. Ge\u00fcbte und erfahrene Kletterer k\u00f6nnen Passagen dieser Schwierigkeit noch ohne Seilsicherung erklettern. Senkrechte Stellen verlangen bereits Kraftaufwand.<\/p>\n<p><strong>4<\/strong> -Gro\u00dfe Schwierigkeiten. Hier beginnt die Kletterei sch\u00e4rferer Richtung. Erhebliche Klettererfahrung notwendig. L\u00e4ngere Kletterstellen bed\u00fcrfen meist mehrerer Zwischensicherungen. Auch ge\u00fcbte und erfahrene Kletterer bew\u00e4ltigen Passagen dieser Schwierigkeit gew\u00f6hnlich nicht mehr ohne Seilsicherung.<\/p>\n<p><strong>5<\/strong> &#8211; Sehr gro\u00dfe Schwierigkeiten. Zunehmende Anzahl an Zwischensicherungen ist die Regel. Erh\u00f6hte Anforderungen an k\u00f6rperliche Voraussetzungen, Klettertechnik und Erfahrung. Lange hochalpine Routen im Schwierigkeitsgrad V z\u00e4hlen bereits zu den ganz gro\u00dfen Unternehmungen in den Alpen und au\u00dferalpinen Regionen.<\/p>\n<p><strong>6<\/strong> &#8211; \u00dcberaus gro\u00dfe Schwierigkeiten. Die Kletterei erfordert weit \u00fcberdurchschnittliches K\u00f6nnen und hervorragenden Trainingsstand. Gro\u00dfe Ausgesetztheit, oft verbunden mit kleinen Standpl\u00e4tzen. Passagen dieser Schwierigkeit k\u00f6nnen in der Regel nur bei guten Bedingungen bezwungen werden.<\/p>\n<p><strong>7<\/strong> &#8211; Au\u00dfergew\u00f6hnliche Schwierigkeiten. Ein durch gesteigertes Training und verbesserte Ausr\u00fcstung erreichter Schwierigkeitsgrad. Auch die besten Kletterer ben\u00f6tigen ein an die Gesteinsart angepasstes Training, um Passagen dieser Schwierigkeit nahe der Sturzgrenze zu meistern. Neben akrobatischem Kletterverm\u00f6gen ist das Beherrschen ausgefeilter Sicherungstechnik unerl\u00e4sslich.<\/p>\n<p><strong>8 und \u00a0mehr<\/strong> &#8211; Eine verbale Definition ist hier nicht m\u00f6glich. Es handelt sich um eine weitere Steigerung der zu bew\u00e4ltigenden Schwierigkeiten, die an das Kletterk\u00f6nnen und die physische wie auch psychische Leistungsf\u00e4higkeit immer h\u00f6here Anforderungen stellen.<\/p>\n\t\t\t<a href=\"http:\/\/bergerlebnisse.com\/kontakt\/\" target=\"_self\" rel=\"noopener\">\n\t\t\t\t\t\tverbindlich Buchen\n\t\t\t\t\t<\/a>\n\t\t\t<a href=\"http:\/\/bergerlebnisse.com\/sommer\/\" target=\"_self\" rel=\"noopener\">\n\t\t\t\t\t\tZur\u00fcck zur \u00dcbersicht\n\t\t\t\t\t<\/a>\n<h2>\n\t\tSUGGERIMENTO: Buoni regalo\n\t<\/h2>\n\t<h4>Regalare un&#8217;esperienza indimenticabile<\/h4>\nTutti i tour offerti possono anche essere forniti come voucher di avventura.<br \/>\nBasta selezionare il tour e la data desiderati e ti invieremo il tuo voucher regalo personale in PDF, che puoi semplicemente stampare da solo!\n\t\t\t<a href=\"http:\/\/bergerlebnisse.com\/it\/buono-regalo\/\" target=\"_self\" rel=\"noopener\">\n\t\t\t\t\t\tOrdinare un voucher\n\t\t\t\t\t<\/a>\n\t<h2>\n\t\t\t\tI NOSTRI PARTNER\n\t\t\t<\/h2>\n\t\t\t\t<a href=\"http:\/\/www.gasthaus-sonneck.it\/\" target=\"_blank\" rel=\"noopener\" itemprop=\"url\">\n\t\t\t\t<img decoding=\"async\" src=\"http:\/\/bergerlebnisse.com\/wp-content\/uploads\/2020\/02\/Logo-Sonneck.jpg\" alt=\"Logo Sonneck\" itemprop=\"image\" title=\"Logo Sonneck\" onerror=\"this.style.display='none'\"  \/>\n\t\t\t\t<\/a>\n\t\t\t\t<a href=\"http:\/\/hochseilgarten-laas.it\" target=\"_blank\" rel=\"noopener\" itemprop=\"url\">\n\t\t\t\t<img decoding=\"async\" src=\"http:\/\/bergerlebnisse.com\/wp-content\/uploads\/2020\/02\/Logo-Hochseilgarten.jpg\" alt=\"Logo corde alte corso\" itemprop=\"image\" title=\"Logo corde alte corso\" onerror=\"this.style.display='none'\"  \/>\n\t\t\t\t<\/a>\n\t\t\t\t<a href=\"https:\/\/www.schweitzer-getraenke.it\/\" target=\"_blank\" rel=\"noopener\" itemprop=\"url\">\n\t\t\t\t<img decoding=\"async\" src=\"http:\/\/bergerlebnisse.com\/wp-content\/uploads\/2020\/02\/Logo-Schweizer.jpg\" alt=\"Logo-Svizzero\" itemprop=\"image\" title=\"Logo-Svizzero\" onerror=\"this.style.display='none'\"  \/>\n\t\t\t\t<\/a>\n\t\t\t\t<a href=\"https:\/\/www.saegemuehle.it\/de\/\" target=\"_blank\" rel=\"noopener\" itemprop=\"url\">\n\t\t\t\t<img decoding=\"async\" src=\"http:\/\/bergerlebnisse.com\/wp-content\/uploads\/2020\/02\/Logo-S\u00e4gem\u00fchle.jpg\" alt=\"Segheria logo\" itemprop=\"image\" title=\"Segheria logo\" onerror=\"this.style.display='none'\"  \/>\n\t\t\t\t<\/a>\n\t\t\t\t<a href=\"https:\/\/www.bergfrieden.com\" target=\"_blank\" rel=\"noopener\" itemprop=\"url\">\n\t\t\t\t<img decoding=\"async\" src=\"http:\/\/bergerlebnisse.com\/wp-content\/uploads\/2020\/02\/Bergfrieden-Logo.jpg\" alt=\"Bergfrieden-Logo\" itemprop=\"image\" title=\"Bergfrieden-Logo\" onerror=\"this.style.display='none'\"  \/>\n\t\t\t\t<\/a>\n\t\t\t\t<a href=\"https:\/\/www.odler.it\/pizzeria-odler-laas\/\" target=\"_blank\" rel=\"noopener\" itemprop=\"url\">\n\t\t\t\t<img decoding=\"async\" src=\"http:\/\/bergerlebnisse.com\/wp-content\/uploads\/2020\/02\/logo_kl.jpg\" alt=\"logo_kl\" itemprop=\"image\" title=\"logo_kl\" onerror=\"this.style.display='none'\"  \/>\n\t\t\t\t<\/a>\n\n","protected":false},"excerpt":{"rendered":"<p>Viaggio in arrampicata in Sardegna 28.04.-04.05.2025 Servizi: 6 giorni di arrampicata sulla roccia migliore, guida e organizzazione. Prezzo:\u00a0\u20ac 700 a pers. Costi aggiuntivi:\u00a0volo, auto a noleggio, pernottamento\/mezza pensione in hotel o appartamento. Prerequisito:\u00a0Arrampicata da 4 o 5 gradi. Suggerimento:\u00a0L&#8217;attrezzatura mancante viene fornita gratuitamente! Suggerimento: L&#8217;attrezzatura mancante viene fornita gratuitamente! Programma: Sardines \u00e8 un&#8217;isola per l&#8217;arrampicata,&hellip;<\/p>\n","protected":false},"author":1,"featured_media":0,"parent":2162,"menu_order":0,"comment_status":"closed","ping_status":"closed","template":"","meta":{"inline_featured_image":false,"footnotes":""},"class_list":["post-2163","page","type-page","status-publish","hentry"],"yoast_head":"<!-- This site is optimized with the Yoast SEO plugin v26.8 - https:\/\/yoast.com\/product\/yoast-seo-wordpress\/ -->\n<title>Viaggio in Sardegna con la guida alpina Georg MaschlerSardinen<\/title>\n<meta name=\"description\" content=\"Sardines \u00e8 un&#039;isola per l&#039;arrampicata. Dai principianti ai professionisti, tutti avranno sicuramente il loro valore dei soldi.\" \/>\n<meta name=\"robots\" content=\"index, follow, max-snippet:-1, max-image-preview:large, max-video-preview:-1\" \/>\n<link rel=\"canonical\" href=\"https:\/\/bergerlebnisse.com\/it\/estate\/escursioni-darrampicata\/klr-01\/\" \/>\n<meta property=\"og:locale\" content=\"it_IT\" \/>\n<meta property=\"og:type\" content=\"article\" \/>\n<meta property=\"og:title\" content=\"Viaggio in Sardegna con la guida alpina Georg MaschlerSardinen\" \/>\n<meta property=\"og:description\" content=\"Sardines \u00e8 un&#039;isola per l&#039;arrampicata. Dai principianti ai professionisti, tutti avranno sicuramente il loro valore dei soldi.\" \/>\n<meta property=\"og:url\" content=\"https:\/\/bergerlebnisse.com\/it\/estate\/escursioni-darrampicata\/klr-01\/\" \/>\n<meta property=\"og:site_name\" content=\"Bergerlebnisse\" \/>\n<meta property=\"article:publisher\" content=\"https:\/\/www.facebook.com\/skischuletrafoi\" \/>\n<meta property=\"article:modified_time\" content=\"2024-10-19T15:07:33+00:00\" \/>\n<meta property=\"og:image\" content=\"http:\/\/bergerlebnisse.com\/wp-content\/uploads\/2020\/02\/Logo-Sonneck.jpg\" \/>\n<meta name=\"twitter:card\" content=\"summary_large_image\" \/>\n<meta name=\"twitter:label1\" content=\"Tempo di lettura stimato\" \/>\n\t<meta name=\"twitter:data1\" content=\"5 minuti\" \/>\n<script type=\"application\/ld+json\" class=\"yoast-schema-graph\">{\"@context\":\"https:\/\/schema.org\",\"@graph\":[{\"@type\":\"WebPage\",\"@id\":\"https:\/\/bergerlebnisse.com\/it\/estate\/escursioni-darrampicata\/klr-01\/\",\"url\":\"https:\/\/bergerlebnisse.com\/it\/estate\/escursioni-darrampicata\/klr-01\/\",\"name\":\"Viaggio in Sardegna con la guida alpina Georg MaschlerSardinen\",\"isPartOf\":{\"@id\":\"https:\/\/bergerlebnisse.com\/it\/#website\"},\"primaryImageOfPage\":{\"@id\":\"https:\/\/bergerlebnisse.com\/it\/estate\/escursioni-darrampicata\/klr-01\/#primaryimage\"},\"image\":{\"@id\":\"https:\/\/bergerlebnisse.com\/it\/estate\/escursioni-darrampicata\/klr-01\/#primaryimage\"},\"thumbnailUrl\":\"http:\/\/bergerlebnisse.com\/wp-content\/uploads\/2020\/02\/Logo-Sonneck.jpg\",\"datePublished\":\"2020-03-20T21:05:15+00:00\",\"dateModified\":\"2024-10-19T15:07:33+00:00\",\"description\":\"Sardines \u00e8 un'isola per l'arrampicata. Dai principianti ai professionisti, tutti avranno sicuramente il loro valore dei soldi.\",\"breadcrumb\":{\"@id\":\"https:\/\/bergerlebnisse.com\/it\/estate\/escursioni-darrampicata\/klr-01\/#breadcrumb\"},\"inLanguage\":\"it-IT\",\"potentialAction\":[{\"@type\":\"ReadAction\",\"target\":[\"https:\/\/bergerlebnisse.com\/it\/estate\/escursioni-darrampicata\/klr-01\/\"]}]},{\"@type\":\"ImageObject\",\"inLanguage\":\"it-IT\",\"@id\":\"https:\/\/bergerlebnisse.com\/it\/estate\/escursioni-darrampicata\/klr-01\/#primaryimage\",\"url\":\"http:\/\/bergerlebnisse.com\/wp-content\/uploads\/2020\/02\/Logo-Sonneck.jpg\",\"contentUrl\":\"http:\/\/bergerlebnisse.com\/wp-content\/uploads\/2020\/02\/Logo-Sonneck.jpg\"},{\"@type\":\"BreadcrumbList\",\"@id\":\"https:\/\/bergerlebnisse.com\/it\/estate\/escursioni-darrampicata\/klr-01\/#breadcrumb\",\"itemListElement\":[{\"@type\":\"ListItem\",\"position\":1,\"name\":\"Startseite\",\"item\":\"https:\/\/bergerlebnisse.com\/it\/\"},{\"@type\":\"ListItem\",\"position\":2,\"name\":\"ESTATE\",\"item\":\"https:\/\/bergerlebnisse.com\/it\/estate\/\"},{\"@type\":\"ListItem\",\"position\":3,\"name\":\"ESCURSIONI D&#8217;ARRAMPICATA\",\"item\":\"https:\/\/bergerlebnisse.com\/it\/estate\/escursioni-darrampicata\/\"},{\"@type\":\"ListItem\",\"position\":4,\"name\":\"klr-01\"}]},{\"@type\":\"WebSite\",\"@id\":\"https:\/\/bergerlebnisse.com\/it\/#website\",\"url\":\"https:\/\/bergerlebnisse.com\/it\/\",\"name\":\"Skischule Trafoi\",\"description\":\"Erlebe die S\u00fcdtiroler Berge mit einem Experten\",\"publisher\":{\"@id\":\"https:\/\/bergerlebnisse.com\/it\/#organization\"},\"potentialAction\":[{\"@type\":\"SearchAction\",\"target\":{\"@type\":\"EntryPoint\",\"urlTemplate\":\"https:\/\/bergerlebnisse.com\/it\/?s={search_term_string}\"},\"query-input\":{\"@type\":\"PropertyValueSpecification\",\"valueRequired\":true,\"valueName\":\"search_term_string\"}}],\"inLanguage\":\"it-IT\"},{\"@type\":\"Organization\",\"@id\":\"https:\/\/bergerlebnisse.com\/it\/#organization\",\"name\":\"Skischule Trafoi\",\"url\":\"https:\/\/bergerlebnisse.com\/it\/\",\"logo\":{\"@type\":\"ImageObject\",\"inLanguage\":\"it-IT\",\"@id\":\"https:\/\/bergerlebnisse.com\/it\/#\/schema\/logo\/image\/\",\"url\":\"\",\"contentUrl\":\"\",\"caption\":\"Skischule Trafoi\"},\"image\":{\"@id\":\"https:\/\/bergerlebnisse.com\/it\/#\/schema\/logo\/image\/\"},\"sameAs\":[\"https:\/\/www.facebook.com\/skischuletrafoi\",\"https:\/\/www.instagram.com\/skischule_trafoi\/\"]}]}<\/script>\n<!-- \/ Yoast SEO plugin. -->","yoast_head_json":{"title":"Viaggio in Sardegna con la guida alpina Georg MaschlerSardinen","description":"Sardines \u00e8 un'isola per l'arrampicata. Dai principianti ai professionisti, tutti avranno sicuramente il loro valore dei soldi.","robots":{"index":"index","follow":"follow","max-snippet":"max-snippet:-1","max-image-preview":"max-image-preview:large","max-video-preview":"max-video-preview:-1"},"canonical":"https:\/\/bergerlebnisse.com\/it\/estate\/escursioni-darrampicata\/klr-01\/","og_locale":"it_IT","og_type":"article","og_title":"Viaggio in Sardegna con la guida alpina Georg MaschlerSardinen","og_description":"Sardines \u00e8 un'isola per l'arrampicata. Dai principianti ai professionisti, tutti avranno sicuramente il loro valore dei soldi.","og_url":"https:\/\/bergerlebnisse.com\/it\/estate\/escursioni-darrampicata\/klr-01\/","og_site_name":"Bergerlebnisse","article_publisher":"https:\/\/www.facebook.com\/skischuletrafoi","article_modified_time":"2024-10-19T15:07:33+00:00","og_image":[{"url":"http:\/\/bergerlebnisse.com\/wp-content\/uploads\/2020\/02\/Logo-Sonneck.jpg","type":"","width":"","height":""}],"twitter_card":"summary_large_image","twitter_misc":{"Tempo di lettura stimato":"5 minuti"},"schema":{"@context":"https:\/\/schema.org","@graph":[{"@type":"WebPage","@id":"https:\/\/bergerlebnisse.com\/it\/estate\/escursioni-darrampicata\/klr-01\/","url":"https:\/\/bergerlebnisse.com\/it\/estate\/escursioni-darrampicata\/klr-01\/","name":"Viaggio in Sardegna con la guida alpina Georg MaschlerSardinen","isPartOf":{"@id":"https:\/\/bergerlebnisse.com\/it\/#website"},"primaryImageOfPage":{"@id":"https:\/\/bergerlebnisse.com\/it\/estate\/escursioni-darrampicata\/klr-01\/#primaryimage"},"image":{"@id":"https:\/\/bergerlebnisse.com\/it\/estate\/escursioni-darrampicata\/klr-01\/#primaryimage"},"thumbnailUrl":"http:\/\/bergerlebnisse.com\/wp-content\/uploads\/2020\/02\/Logo-Sonneck.jpg","datePublished":"2020-03-20T21:05:15+00:00","dateModified":"2024-10-19T15:07:33+00:00","description":"Sardines \u00e8 un'isola per l'arrampicata. Dai principianti ai professionisti, tutti avranno sicuramente il loro valore dei soldi.","breadcrumb":{"@id":"https:\/\/bergerlebnisse.com\/it\/estate\/escursioni-darrampicata\/klr-01\/#breadcrumb"},"inLanguage":"it-IT","potentialAction":[{"@type":"ReadAction","target":["https:\/\/bergerlebnisse.com\/it\/estate\/escursioni-darrampicata\/klr-01\/"]}]},{"@type":"ImageObject","inLanguage":"it-IT","@id":"https:\/\/bergerlebnisse.com\/it\/estate\/escursioni-darrampicata\/klr-01\/#primaryimage","url":"http:\/\/bergerlebnisse.com\/wp-content\/uploads\/2020\/02\/Logo-Sonneck.jpg","contentUrl":"http:\/\/bergerlebnisse.com\/wp-content\/uploads\/2020\/02\/Logo-Sonneck.jpg"},{"@type":"BreadcrumbList","@id":"https:\/\/bergerlebnisse.com\/it\/estate\/escursioni-darrampicata\/klr-01\/#breadcrumb","itemListElement":[{"@type":"ListItem","position":1,"name":"Startseite","item":"https:\/\/bergerlebnisse.com\/it\/"},{"@type":"ListItem","position":2,"name":"ESTATE","item":"https:\/\/bergerlebnisse.com\/it\/estate\/"},{"@type":"ListItem","position":3,"name":"ESCURSIONI D&#8217;ARRAMPICATA","item":"https:\/\/bergerlebnisse.com\/it\/estate\/escursioni-darrampicata\/"},{"@type":"ListItem","position":4,"name":"klr-01"}]},{"@type":"WebSite","@id":"https:\/\/bergerlebnisse.com\/it\/#website","url":"https:\/\/bergerlebnisse.com\/it\/","name":"Skischule Trafoi","description":"Erlebe die S\u00fcdtiroler Berge mit einem Experten","publisher":{"@id":"https:\/\/bergerlebnisse.com\/it\/#organization"},"potentialAction":[{"@type":"SearchAction","target":{"@type":"EntryPoint","urlTemplate":"https:\/\/bergerlebnisse.com\/it\/?s={search_term_string}"},"query-input":{"@type":"PropertyValueSpecification","valueRequired":true,"valueName":"search_term_string"}}],"inLanguage":"it-IT"},{"@type":"Organization","@id":"https:\/\/bergerlebnisse.com\/it\/#organization","name":"Skischule Trafoi","url":"https:\/\/bergerlebnisse.com\/it\/","logo":{"@type":"ImageObject","inLanguage":"it-IT","@id":"https:\/\/bergerlebnisse.com\/it\/#\/schema\/logo\/image\/","url":"","contentUrl":"","caption":"Skischule Trafoi"},"image":{"@id":"https:\/\/bergerlebnisse.com\/it\/#\/schema\/logo\/image\/"},"sameAs":["https:\/\/www.facebook.com\/skischuletrafoi","https:\/\/www.instagram.com\/skischule_trafoi\/"]}]}},"_links":{"self":[{"href":"https:\/\/bergerlebnisse.com\/it\/wp-json\/wp\/v2\/pages\/2163","targetHints":{"allow":["GET"]}}],"collection":[{"href":"https:\/\/bergerlebnisse.com\/it\/wp-json\/wp\/v2\/pages"}],"about":[{"href":"https:\/\/bergerlebnisse.com\/it\/wp-json\/wp\/v2\/types\/page"}],"author":[{"embeddable":true,"href":"https:\/\/bergerlebnisse.com\/it\/wp-json\/wp\/v2\/users\/1"}],"replies":[{"embeddable":true,"href":"https:\/\/bergerlebnisse.com\/it\/wp-json\/wp\/v2\/comments?post=2163"}],"version-history":[{"count":8,"href":"https:\/\/bergerlebnisse.com\/it\/wp-json\/wp\/v2\/pages\/2163\/revisions"}],"predecessor-version":[{"id":6228,"href":"https:\/\/bergerlebnisse.com\/it\/wp-json\/wp\/v2\/pages\/2163\/revisions\/6228"}],"up":[{"embeddable":true,"href":"https:\/\/bergerlebnisse.com\/it\/wp-json\/wp\/v2\/pages\/2162"}],"wp:attachment":[{"href":"https:\/\/bergerlebnisse.com\/it\/wp-json\/wp\/v2\/media?parent=2163"}],"curies":[{"name":"wp","href":"https:\/\/api.w.org\/{rel}","templated":true}]}}