{"id":2138,"date":"2020-03-20T21:47:12","date_gmt":"2020-03-20T20:47:12","guid":{"rendered":"http:\/\/bergerlebnisse.com\/estate\/esteso-lestate-del-fine-settimana\/vws-05\/"},"modified":"2021-11-15T12:01:26","modified_gmt":"2021-11-15T11:01:26","slug":"vws-05","status":"publish","type":"page","link":"https:\/\/bergerlebnisse.com\/it\/estate\/esteso-lestate-del-fine-settimana\/vws-05\/","title":{"rendered":"vws-05"},"content":{"rendered":"","protected":false},"excerpt":{"rendered":"","protected":false},"author":1,"featured_media":0,"parent":2130,"menu_order":2,"comment_status":"closed","ping_status":"closed","template":"","meta":{"inline_featured_image":false,"footnotes":""},"class_list":["post-2138","page","type-page","status-publish","hentry"],"yoast_head":"<!-- This site is optimized with the Yoast SEO plugin v26.8 - https:\/\/yoast.com\/product\/yoast-seo-wordpress\/ -->\n<title>PIZ PAL\u00dc &amp; BERNINA (4,049 m) con la guida alpina Georg Maschler<\/title>\n<meta name=\"description\" content=\"Un must per molti alpinisti, poich\u00e9 il Piz Bernina \u00e8 l&#039;unica montagna lunga 4.000 miglia in tutte le Alpi orientali.\" \/>\n<meta name=\"robots\" content=\"index, follow, max-snippet:-1, max-image-preview:large, max-video-preview:-1\" \/>\n<link rel=\"canonical\" href=\"https:\/\/bergerlebnisse.com\/it\/estate\/esteso-lestate-del-fine-settimana\/vws-05\/\" \/>\n<meta property=\"og:locale\" content=\"it_IT\" \/>\n<meta property=\"og:type\" content=\"article\" \/>\n<meta property=\"og:title\" content=\"PIZ PAL\u00dc &amp; BERNINA (4,049 m) con la guida alpina Georg Maschler\" \/>\n<meta property=\"og:description\" content=\"Un must per molti alpinisti, poich\u00e9 il Piz Bernina \u00e8 l&#039;unica montagna lunga 4.000 miglia in tutte le Alpi orientali.\" \/>\n<meta property=\"og:url\" content=\"https:\/\/bergerlebnisse.com\/it\/estate\/esteso-lestate-del-fine-settimana\/vws-05\/\" \/>\n<meta property=\"og:site_name\" content=\"Bergerlebnisse\" \/>\n<meta property=\"article:publisher\" content=\"https:\/\/www.facebook.com\/skischuletrafoi\" \/>\n<meta property=\"article:modified_time\" content=\"2021-11-15T11:01:26+00:00\" \/>\n<meta name=\"twitter:card\" content=\"summary_large_image\" \/>\n<script type=\"application\/ld+json\" class=\"yoast-schema-graph\">{\"@context\":\"https:\/\/schema.org\",\"@graph\":[{\"@type\":\"WebPage\",\"@id\":\"https:\/\/bergerlebnisse.com\/it\/estate\/esteso-lestate-del-fine-settimana\/vws-05\/\",\"url\":\"https:\/\/bergerlebnisse.com\/it\/estate\/esteso-lestate-del-fine-settimana\/vws-05\/\",\"name\":\"PIZ PAL\u00dc & BERNINA (4,049 m) con la guida alpina Georg Maschler\",\"isPartOf\":{\"@id\":\"https:\/\/bergerlebnisse.com\/it\/#website\"},\"datePublished\":\"2020-03-20T20:47:12+00:00\",\"dateModified\":\"2021-11-15T11:01:26+00:00\",\"description\":\"Un must per molti alpinisti, poich\u00e9 il Piz Bernina \u00e8 l'unica montagna lunga 4.000 miglia in tutte le Alpi orientali.\",\"breadcrumb\":{\"@id\":\"https:\/\/bergerlebnisse.com\/it\/estate\/esteso-lestate-del-fine-settimana\/vws-05\/#breadcrumb\"},\"inLanguage\":\"it-IT\",\"potentialAction\":[{\"@type\":\"ReadAction\",\"target\":[\"https:\/\/bergerlebnisse.com\/it\/estate\/esteso-lestate-del-fine-settimana\/vws-05\/\"]}]},{\"@type\":\"BreadcrumbList\",\"@id\":\"https:\/\/bergerlebnisse.com\/it\/estate\/esteso-lestate-del-fine-settimana\/vws-05\/#breadcrumb\",\"itemListElement\":[{\"@type\":\"ListItem\",\"position\":1,\"name\":\"Startseite\",\"item\":\"https:\/\/bergerlebnisse.com\/it\/\"},{\"@type\":\"ListItem\",\"position\":2,\"name\":\"ESTATE\",\"item\":\"https:\/\/bergerlebnisse.com\/it\/estate\/\"},{\"@type\":\"ListItem\",\"position\":3,\"name\":\"ESTESO L&#8217;ESTATE DEL FINE SETTIMANA\",\"item\":\"https:\/\/bergerlebnisse.com\/it\/estate\/esteso-lestate-del-fine-settimana\/\"},{\"@type\":\"ListItem\",\"position\":4,\"name\":\"vws-05\"}]},{\"@type\":\"WebSite\",\"@id\":\"https:\/\/bergerlebnisse.com\/it\/#website\",\"url\":\"https:\/\/bergerlebnisse.com\/it\/\",\"name\":\"Skischule Trafoi\",\"description\":\"Erlebe die S\u00fcdtiroler Berge mit einem Experten\",\"publisher\":{\"@id\":\"https:\/\/bergerlebnisse.com\/it\/#organization\"},\"potentialAction\":[{\"@type\":\"SearchAction\",\"target\":{\"@type\":\"EntryPoint\",\"urlTemplate\":\"https:\/\/bergerlebnisse.com\/it\/?s={search_term_string}\"},\"query-input\":{\"@type\":\"PropertyValueSpecification\",\"valueRequired\":true,\"valueName\":\"search_term_string\"}}],\"inLanguage\":\"it-IT\"},{\"@type\":\"Organization\",\"@id\":\"https:\/\/bergerlebnisse.com\/it\/#organization\",\"name\":\"Skischule Trafoi\",\"url\":\"https:\/\/bergerlebnisse.com\/it\/\",\"logo\":{\"@type\":\"ImageObject\",\"inLanguage\":\"it-IT\",\"@id\":\"https:\/\/bergerlebnisse.com\/it\/#\/schema\/logo\/image\/\",\"url\":\"\",\"contentUrl\":\"\",\"caption\":\"Skischule Trafoi\"},\"image\":{\"@id\":\"https:\/\/bergerlebnisse.com\/it\/#\/schema\/logo\/image\/\"},\"sameAs\":[\"https:\/\/www.facebook.com\/skischuletrafoi\",\"https:\/\/www.instagram.com\/skischule_trafoi\/\"]}]}<\/script>\n<!-- \/ Yoast SEO plugin. -->","yoast_head_json":{"title":"PIZ PAL\u00dc & BERNINA (4,049 m) con la guida alpina Georg Maschler","description":"Un must per molti alpinisti, poich\u00e9 il Piz Bernina \u00e8 l'unica montagna lunga 4.000 miglia in tutte le Alpi orientali.","robots":{"index":"index","follow":"follow","max-snippet":"max-snippet:-1","max-image-preview":"max-image-preview:large","max-video-preview":"max-video-preview:-1"},"canonical":"https:\/\/bergerlebnisse.com\/it\/estate\/esteso-lestate-del-fine-settimana\/vws-05\/","og_locale":"it_IT","og_type":"article","og_title":"PIZ PAL\u00dc & BERNINA (4,049 m) con la guida alpina Georg Maschler","og_description":"Un must per molti alpinisti, poich\u00e9 il Piz Bernina \u00e8 l'unica montagna lunga 4.000 miglia in tutte le Alpi orientali.","og_url":"https:\/\/bergerlebnisse.com\/it\/estate\/esteso-lestate-del-fine-settimana\/vws-05\/","og_site_name":"Bergerlebnisse","article_publisher":"https:\/\/www.facebook.com\/skischuletrafoi","article_modified_time":"2021-11-15T11:01:26+00:00","twitter_card":"summary_large_image","schema":{"@context":"https:\/\/schema.org","@graph":[{"@type":"WebPage","@id":"https:\/\/bergerlebnisse.com\/it\/estate\/esteso-lestate-del-fine-settimana\/vws-05\/","url":"https:\/\/bergerlebnisse.com\/it\/estate\/esteso-lestate-del-fine-settimana\/vws-05\/","name":"PIZ PAL\u00dc & BERNINA (4,049 m) con la guida alpina Georg Maschler","isPartOf":{"@id":"https:\/\/bergerlebnisse.com\/it\/#website"},"datePublished":"2020-03-20T20:47:12+00:00","dateModified":"2021-11-15T11:01:26+00:00","description":"Un must per molti alpinisti, poich\u00e9 il Piz Bernina \u00e8 l'unica montagna lunga 4.000 miglia in tutte le Alpi orientali.","breadcrumb":{"@id":"https:\/\/bergerlebnisse.com\/it\/estate\/esteso-lestate-del-fine-settimana\/vws-05\/#breadcrumb"},"inLanguage":"it-IT","potentialAction":[{"@type":"ReadAction","target":["https:\/\/bergerlebnisse.com\/it\/estate\/esteso-lestate-del-fine-settimana\/vws-05\/"]}]},{"@type":"BreadcrumbList","@id":"https:\/\/bergerlebnisse.com\/it\/estate\/esteso-lestate-del-fine-settimana\/vws-05\/#breadcrumb","itemListElement":[{"@type":"ListItem","position":1,"name":"Startseite","item":"https:\/\/bergerlebnisse.com\/it\/"},{"@type":"ListItem","position":2,"name":"ESTATE","item":"https:\/\/bergerlebnisse.com\/it\/estate\/"},{"@type":"ListItem","position":3,"name":"ESTESO L&#8217;ESTATE DEL FINE SETTIMANA","item":"https:\/\/bergerlebnisse.com\/it\/estate\/esteso-lestate-del-fine-settimana\/"},{"@type":"ListItem","position":4,"name":"vws-05"}]},{"@type":"WebSite","@id":"https:\/\/bergerlebnisse.com\/it\/#website","url":"https:\/\/bergerlebnisse.com\/it\/","name":"Skischule Trafoi","description":"Erlebe die S\u00fcdtiroler Berge mit einem Experten","publisher":{"@id":"https:\/\/bergerlebnisse.com\/it\/#organization"},"potentialAction":[{"@type":"SearchAction","target":{"@type":"EntryPoint","urlTemplate":"https:\/\/bergerlebnisse.com\/it\/?s={search_term_string}"},"query-input":{"@type":"PropertyValueSpecification","valueRequired":true,"valueName":"search_term_string"}}],"inLanguage":"it-IT"},{"@type":"Organization","@id":"https:\/\/bergerlebnisse.com\/it\/#organization","name":"Skischule Trafoi","url":"https:\/\/bergerlebnisse.com\/it\/","logo":{"@type":"ImageObject","inLanguage":"it-IT","@id":"https:\/\/bergerlebnisse.com\/it\/#\/schema\/logo\/image\/","url":"","contentUrl":"","caption":"Skischule Trafoi"},"image":{"@id":"https:\/\/bergerlebnisse.com\/it\/#\/schema\/logo\/image\/"},"sameAs":["https:\/\/www.facebook.com\/skischuletrafoi","https:\/\/www.instagram.com\/skischule_trafoi\/"]}]}},"_links":{"self":[{"href":"https:\/\/bergerlebnisse.com\/it\/wp-json\/wp\/v2\/pages\/2138","targetHints":{"allow":["GET"]}}],"collection":[{"href":"https:\/\/bergerlebnisse.com\/it\/wp-json\/wp\/v2\/pages"}],"about":[{"href":"https:\/\/bergerlebnisse.com\/it\/wp-json\/wp\/v2\/types\/page"}],"author":[{"embeddable":true,"href":"https:\/\/bergerlebnisse.com\/it\/wp-json\/wp\/v2\/users\/1"}],"replies":[{"embeddable":true,"href":"https:\/\/bergerlebnisse.com\/it\/wp-json\/wp\/v2\/comments?post=2138"}],"version-history":[{"count":1,"href":"https:\/\/bergerlebnisse.com\/it\/wp-json\/wp\/v2\/pages\/2138\/revisions"}],"predecessor-version":[{"id":2323,"href":"https:\/\/bergerlebnisse.com\/it\/wp-json\/wp\/v2\/pages\/2138\/revisions\/2323"}],"up":[{"embeddable":true,"href":"https:\/\/bergerlebnisse.com\/it\/wp-json\/wp\/v2\/pages\/2130"}],"wp:attachment":[{"href":"https:\/\/bergerlebnisse.com\/it\/wp-json\/wp\/v2\/media?parent=2138"}],"curies":[{"name":"wp","href":"https:\/\/api.w.org\/{rel}","templated":true}]}}