{"id":2130,"date":"2020-03-20T21:27:05","date_gmt":"2020-03-20T20:27:05","guid":{"rendered":"http:\/\/bergerlebnisse.com\/estate\/esteso-lestate-del-fine-settimana\/"},"modified":"2024-10-26T09:00:29","modified_gmt":"2024-10-26T07:00:29","slug":"esteso-lestate-del-fine-settimana","status":"publish","type":"page","link":"https:\/\/bergerlebnisse.com\/it\/estate\/esteso-lestate-del-fine-settimana\/","title":{"rendered":"ESTESO L&#8217;ESTATE DEL FINE SETTIMANA"},"content":{"rendered":"\n<h1>\n\t\tEscursioni di due giorni\n\t<\/h1>\n\t\t\t\t<img decoding=\"async\" src=\"http:\/\/bergerlebnisse.com\/wp-content\/uploads\/2020\/03\/Cevedale-1.jpg\" alt=\"Cevedale\" itemprop=\"image\" title=\"Cevedale\" onerror=\"this.style.display='none'\"  \/>\n<h3>\n\t\tCima Cevedale 3.757 m e Cevedale 3.769 m\n\t<\/h3>\n\t<p><b>2 giorni &#8211; appuntamenti su richiesta<\/b><\/p>\n\t\t\t<a href=\"http:\/\/bergerlebnisse.com\/it\/estate\/esteso-lestate-del-fine-settimana\/vws-01\/\" target=\"_self\" rel=\"noopener\">\n\t\t\t\t\t\t\tPer saperne di pi\u00f9\n\t\t\t\t\t<\/a>\n\t\t\t\t<img decoding=\"async\" src=\"http:\/\/bergerlebnisse.com\/wp-content\/uploads\/2020\/03\/Ortlerdurchquerung3.jpg\" alt=\"Ortlerdurchquerung3\" itemprop=\"image\" title=\"Ortlerdurchquerung3\" onerror=\"this.style.display='none'\"  \/>\n<h3>\n\t\tCima Venezia 3.386 m\n\t<\/h3>\n\t<p><b>2 giorni &#8211; appuntamenti su richiesta<\/b><\/p>\n\t\t\t<a href=\"http:\/\/bergerlebnisse.com\/it\/estate\/esteso-lestate-del-fine-settimana\/vws-02\/\" target=\"_self\" rel=\"noopener\">\n\t\t\t\t\t\t\tPer saperne di pi\u00f9\n\t\t\t\t\t<\/a>\n\t\t\t\t<img decoding=\"async\" src=\"http:\/\/bergerlebnisse.com\/wp-content\/uploads\/2020\/03\/zweitagestour-Ortler.jpg\" alt=\"due giorni tour Ortles\" itemprop=\"image\" title=\"due giorni tour Ortles\" onerror=\"this.style.display='none'\"  \/>\n<h3>\n\t\tOrtles 3.905 m\n\t<\/h3>\n\t<p><b>2 giorni &#8211; appuntamenti su richiesta<\/b><\/p>\n\t\t\t<a href=\"http:\/\/bergerlebnisse.com\/it\/estate\/esteso-lestate-del-fine-settimana\/vws-03\/\" target=\"_self\" rel=\"noopener\">\n\t\t\t\t\t\t\tPer saperne di pi\u00f9\n\t\t\t\t\t<\/a>\n\t\t\t\t<img decoding=\"async\" src=\"http:\/\/bergerlebnisse.com\/wp-content\/uploads\/2020\/04\/Ko\u0308nigsspitze3.jpg\" alt=\"Ko\u0308nigsspitze3\" itemprop=\"image\" title=\"Ko\u0308nigsspitze3\" onerror=\"this.style.display='none'\"  \/>\n<h3>\n\t\tGran Zebru 3.858 m\n\t<\/h3>\n\t<p><b>20.-21.06. \/ 27.-28.06.2025\u00a0<\/b><\/p>\n\t\t\t<a href=\"http:\/\/bergerlebnisse.com\/it\/estate\/esteso-lestate-del-fine-settimana\/vws-04\/\" target=\"_self\" rel=\"noopener\">\n\t\t\t\t\t\t\tPer saperne di pi\u00f9\n\t\t\t\t\t<\/a>\n\t\t\t\t<img decoding=\"async\" src=\"http:\/\/bergerlebnisse.com\/wp-content\/uploads\/2020\/03\/Bernina6.jpg\" alt=\"Bernina6\" itemprop=\"image\" title=\"Bernina6\" onerror=\"this.style.display='none'\"  \/>\n<h3>\n\t\tPiz pal\u00fc 3.905 e Piz Bernina 4.049 m\n\t<\/h3>\n\t<p><b>2 giorni &#8211; appuntamenti su richiesta<\/b><\/p>\n\t\t\t<a href=\"http:\/\/bergerlebnisse.com\/it\/estate\/esteso-lestate-del-fine-settimana\/vws-05\/\" target=\"_self\" rel=\"noopener\">\n\t\t\t\t\t\t\tPer saperne di pi\u00f9\n\t\t\t\t\t<\/a>\n<h3>\n\t\tIl tuo tour dei desideri non \u00e8 incluso?\n\t<\/h3>\n\t<p><b>Se chiedi in anticipo, i tour individuali sono possibili in qualsiasi momento, pianifico il tour dei tuoi sogni insieme a te!<\/b><\/p>\n\t\t\t<a href=\"http:\/\/bergerlebnisse.com\/it\/?page_id=2680\" target=\"_self\" rel=\"noopener\">\n\t\t\t\t\t\t\tPer saperne di pi\u00f9\n\t\t\t\t\t<\/a>\n<h2>\n\t\tSUGGERIMENTO: Buoni regalo\n\t<\/h2>\n\t<h4>Regalare un&#8217;esperienza indimenticabile<\/h4>\nTutti i tour offerti possono anche essere forniti come voucher di avventura.<br \/>\nBasta selezionare il tour e la data desiderati e ti invieremo il tuo voucher regalo personale in PDF, che puoi semplicemente stampare da solo!\n\t\t\t<a href=\"http:\/\/bergerlebnisse.com\/it\/buono-regalo\/\" target=\"_self\" rel=\"noopener\">\n\t\t\t\t\t\tOrdinare un voucher\n\t\t\t\t\t<\/a>\n\t<h2>\n\t\t\t\tI NOSTRI PARTNER\n\t\t\t<\/h2>\n\t\t\t\t<a href=\"http:\/\/www.gasthaus-sonneck.it\/\" target=\"_blank\" rel=\"noopener\" itemprop=\"url\">\n\t\t\t\t<img decoding=\"async\" src=\"http:\/\/bergerlebnisse.com\/wp-content\/uploads\/2020\/02\/Logo-Sonneck.jpg\" alt=\"Logo Sonneck\" itemprop=\"image\" title=\"Logo Sonneck\" onerror=\"this.style.display='none'\"  \/>\n\t\t\t\t<\/a>\n\t\t\t\t<a href=\"http:\/\/hochseilgarten-laas.it\" target=\"_blank\" rel=\"noopener\" itemprop=\"url\">\n\t\t\t\t<img decoding=\"async\" src=\"http:\/\/bergerlebnisse.com\/wp-content\/uploads\/2020\/02\/Logo-Hochseilgarten.jpg\" alt=\"Logo corde alte corso\" itemprop=\"image\" title=\"Logo corde alte corso\" onerror=\"this.style.display='none'\"  \/>\n\t\t\t\t<\/a>\n\t\t\t\t<a href=\"https:\/\/www.schweitzer-getraenke.it\/\" target=\"_blank\" rel=\"noopener\" itemprop=\"url\">\n\t\t\t\t<img decoding=\"async\" src=\"http:\/\/bergerlebnisse.com\/wp-content\/uploads\/2020\/02\/Logo-Schweizer.jpg\" alt=\"Logo-Svizzero\" itemprop=\"image\" title=\"Logo-Svizzero\" onerror=\"this.style.display='none'\"  \/>\n\t\t\t\t<\/a>\n\t\t\t\t<a href=\"https:\/\/www.saegemuehle.it\/de\/\" target=\"_blank\" rel=\"noopener\" itemprop=\"url\">\n\t\t\t\t<img decoding=\"async\" src=\"http:\/\/bergerlebnisse.com\/wp-content\/uploads\/2020\/02\/Logo-S\u00e4gem\u00fchle.jpg\" alt=\"Segheria logo\" itemprop=\"image\" title=\"Segheria logo\" onerror=\"this.style.display='none'\"  \/>\n\t\t\t\t<\/a>\n\t\t\t\t<a href=\"https:\/\/www.bergfrieden.com\" target=\"_blank\" rel=\"noopener\" itemprop=\"url\">\n\t\t\t\t<img decoding=\"async\" src=\"http:\/\/bergerlebnisse.com\/wp-content\/uploads\/2020\/02\/Bergfrieden-Logo.jpg\" alt=\"Bergfrieden-Logo\" itemprop=\"image\" title=\"Bergfrieden-Logo\" onerror=\"this.style.display='none'\"  \/>\n\t\t\t\t<\/a>\n\t\t\t\t<a href=\"https:\/\/www.odler.it\/pizzeria-odler-laas\/\" target=\"_blank\" rel=\"noopener\" itemprop=\"url\">\n\t\t\t\t<img decoding=\"async\" src=\"http:\/\/bergerlebnisse.com\/wp-content\/uploads\/2020\/02\/logo_kl.jpg\" alt=\"logo_kl\" itemprop=\"image\" title=\"logo_kl\" onerror=\"this.style.display='none'\"  \/>\n\t\t\t\t<\/a>\n\n","protected":false},"excerpt":{"rendered":"<p>Escursioni di due giorni Cima Cevedale 3.757 m e Cevedale 3.769 m 2 giorni &#8211; appuntamenti su richiesta Per saperne di pi\u00f9 Cima Venezia 3.386 m 2 giorni &#8211; appuntamenti su richiesta Per saperne di pi\u00f9 Ortles 3.905 m 2 giorni &#8211; appuntamenti su richiesta Per saperne di pi\u00f9 Gran Zebru 3.858 m 20.-21.06. \/&hellip;<\/p>\n","protected":false},"author":1,"featured_media":0,"parent":2120,"menu_order":0,"comment_status":"closed","ping_status":"closed","template":"","meta":{"inline_featured_image":false,"footnotes":""},"class_list":["post-2130","page","type-page","status-publish","hentry"],"yoast_head":"<!-- This site is optimized with the Yoast SEO plugin v26.8 - https:\/\/yoast.com\/product\/yoast-seo-wordpress\/ -->\n<title>Tour di 2 giorni sulle montagne altoatesine, scalare le vette pi\u00f9 belle<\/title>\n<meta name=\"description\" content=\"I tour di 2 giorni sono l&#039;occasione ideale per scalare le vette pi\u00f9 belle dell&#039;Alto Adige, da Cevedale a Ortles (3905m)\" \/>\n<meta name=\"robots\" content=\"index, follow, max-snippet:-1, max-image-preview:large, max-video-preview:-1\" \/>\n<link rel=\"canonical\" href=\"https:\/\/bergerlebnisse.com\/it\/estate\/esteso-lestate-del-fine-settimana\/\" \/>\n<meta property=\"og:locale\" content=\"it_IT\" \/>\n<meta property=\"og:type\" content=\"article\" \/>\n<meta property=\"og:title\" content=\"Tour di 2 giorni sulle montagne altoatesine, scalare le vette pi\u00f9 belle\" \/>\n<meta property=\"og:description\" content=\"I tour di 2 giorni sono l&#039;occasione ideale per scalare le vette pi\u00f9 belle dell&#039;Alto Adige, da Cevedale a Ortles (3905m)\" \/>\n<meta property=\"og:url\" content=\"https:\/\/bergerlebnisse.com\/it\/estate\/esteso-lestate-del-fine-settimana\/\" \/>\n<meta property=\"og:site_name\" content=\"Bergerlebnisse\" \/>\n<meta property=\"article:publisher\" content=\"https:\/\/www.facebook.com\/skischuletrafoi\" \/>\n<meta property=\"article:modified_time\" content=\"2024-10-26T07:00:29+00:00\" \/>\n<meta property=\"og:image\" content=\"http:\/\/bergerlebnisse.com\/wp-content\/uploads\/2020\/03\/Cevedale-1.jpg\" \/>\n<meta name=\"twitter:card\" content=\"summary_large_image\" \/>\n<meta name=\"twitter:label1\" content=\"Tempo di lettura stimato\" \/>\n\t<meta name=\"twitter:data1\" content=\"4 minuti\" \/>\n<script type=\"application\/ld+json\" class=\"yoast-schema-graph\">{\"@context\":\"https:\/\/schema.org\",\"@graph\":[{\"@type\":\"WebPage\",\"@id\":\"https:\/\/bergerlebnisse.com\/it\/estate\/esteso-lestate-del-fine-settimana\/\",\"url\":\"https:\/\/bergerlebnisse.com\/it\/estate\/esteso-lestate-del-fine-settimana\/\",\"name\":\"Tour di 2 giorni sulle montagne altoatesine, scalare le vette pi\u00f9 belle\",\"isPartOf\":{\"@id\":\"https:\/\/bergerlebnisse.com\/it\/#website\"},\"primaryImageOfPage\":{\"@id\":\"https:\/\/bergerlebnisse.com\/it\/estate\/esteso-lestate-del-fine-settimana\/#primaryimage\"},\"image\":{\"@id\":\"https:\/\/bergerlebnisse.com\/it\/estate\/esteso-lestate-del-fine-settimana\/#primaryimage\"},\"thumbnailUrl\":\"http:\/\/bergerlebnisse.com\/wp-content\/uploads\/2020\/03\/Cevedale-1.jpg\",\"datePublished\":\"2020-03-20T20:27:05+00:00\",\"dateModified\":\"2024-10-26T07:00:29+00:00\",\"description\":\"I tour di 2 giorni sono l'occasione ideale per scalare le vette pi\u00f9 belle dell'Alto Adige, da Cevedale a Ortles (3905m)\",\"breadcrumb\":{\"@id\":\"https:\/\/bergerlebnisse.com\/it\/estate\/esteso-lestate-del-fine-settimana\/#breadcrumb\"},\"inLanguage\":\"it-IT\",\"potentialAction\":[{\"@type\":\"ReadAction\",\"target\":[\"https:\/\/bergerlebnisse.com\/it\/estate\/esteso-lestate-del-fine-settimana\/\"]}]},{\"@type\":\"ImageObject\",\"inLanguage\":\"it-IT\",\"@id\":\"https:\/\/bergerlebnisse.com\/it\/estate\/esteso-lestate-del-fine-settimana\/#primaryimage\",\"url\":\"http:\/\/bergerlebnisse.com\/wp-content\/uploads\/2020\/03\/Cevedale-1.jpg\",\"contentUrl\":\"http:\/\/bergerlebnisse.com\/wp-content\/uploads\/2020\/03\/Cevedale-1.jpg\"},{\"@type\":\"BreadcrumbList\",\"@id\":\"https:\/\/bergerlebnisse.com\/it\/estate\/esteso-lestate-del-fine-settimana\/#breadcrumb\",\"itemListElement\":[{\"@type\":\"ListItem\",\"position\":1,\"name\":\"Startseite\",\"item\":\"https:\/\/bergerlebnisse.com\/it\/\"},{\"@type\":\"ListItem\",\"position\":2,\"name\":\"ESTATE\",\"item\":\"https:\/\/bergerlebnisse.com\/it\/estate\/\"},{\"@type\":\"ListItem\",\"position\":3,\"name\":\"ESTESO L&#8217;ESTATE DEL FINE SETTIMANA\"}]},{\"@type\":\"WebSite\",\"@id\":\"https:\/\/bergerlebnisse.com\/it\/#website\",\"url\":\"https:\/\/bergerlebnisse.com\/it\/\",\"name\":\"Skischule Trafoi\",\"description\":\"Erlebe die S\u00fcdtiroler Berge mit einem Experten\",\"publisher\":{\"@id\":\"https:\/\/bergerlebnisse.com\/it\/#organization\"},\"potentialAction\":[{\"@type\":\"SearchAction\",\"target\":{\"@type\":\"EntryPoint\",\"urlTemplate\":\"https:\/\/bergerlebnisse.com\/it\/?s={search_term_string}\"},\"query-input\":{\"@type\":\"PropertyValueSpecification\",\"valueRequired\":true,\"valueName\":\"search_term_string\"}}],\"inLanguage\":\"it-IT\"},{\"@type\":\"Organization\",\"@id\":\"https:\/\/bergerlebnisse.com\/it\/#organization\",\"name\":\"Skischule Trafoi\",\"url\":\"https:\/\/bergerlebnisse.com\/it\/\",\"logo\":{\"@type\":\"ImageObject\",\"inLanguage\":\"it-IT\",\"@id\":\"https:\/\/bergerlebnisse.com\/it\/#\/schema\/logo\/image\/\",\"url\":\"\",\"contentUrl\":\"\",\"caption\":\"Skischule Trafoi\"},\"image\":{\"@id\":\"https:\/\/bergerlebnisse.com\/it\/#\/schema\/logo\/image\/\"},\"sameAs\":[\"https:\/\/www.facebook.com\/skischuletrafoi\",\"https:\/\/www.instagram.com\/skischule_trafoi\/\"]}]}<\/script>\n<!-- \/ Yoast SEO plugin. -->","yoast_head_json":{"title":"Tour di 2 giorni sulle montagne altoatesine, scalare le vette pi\u00f9 belle","description":"I tour di 2 giorni sono l'occasione ideale per scalare le vette pi\u00f9 belle dell'Alto Adige, da Cevedale a Ortles (3905m)","robots":{"index":"index","follow":"follow","max-snippet":"max-snippet:-1","max-image-preview":"max-image-preview:large","max-video-preview":"max-video-preview:-1"},"canonical":"https:\/\/bergerlebnisse.com\/it\/estate\/esteso-lestate-del-fine-settimana\/","og_locale":"it_IT","og_type":"article","og_title":"Tour di 2 giorni sulle montagne altoatesine, scalare le vette pi\u00f9 belle","og_description":"I tour di 2 giorni sono l'occasione ideale per scalare le vette pi\u00f9 belle dell'Alto Adige, da Cevedale a Ortles (3905m)","og_url":"https:\/\/bergerlebnisse.com\/it\/estate\/esteso-lestate-del-fine-settimana\/","og_site_name":"Bergerlebnisse","article_publisher":"https:\/\/www.facebook.com\/skischuletrafoi","article_modified_time":"2024-10-26T07:00:29+00:00","og_image":[{"url":"http:\/\/bergerlebnisse.com\/wp-content\/uploads\/2020\/03\/Cevedale-1.jpg","type":"","width":"","height":""}],"twitter_card":"summary_large_image","twitter_misc":{"Tempo di lettura stimato":"4 minuti"},"schema":{"@context":"https:\/\/schema.org","@graph":[{"@type":"WebPage","@id":"https:\/\/bergerlebnisse.com\/it\/estate\/esteso-lestate-del-fine-settimana\/","url":"https:\/\/bergerlebnisse.com\/it\/estate\/esteso-lestate-del-fine-settimana\/","name":"Tour di 2 giorni sulle montagne altoatesine, scalare le vette pi\u00f9 belle","isPartOf":{"@id":"https:\/\/bergerlebnisse.com\/it\/#website"},"primaryImageOfPage":{"@id":"https:\/\/bergerlebnisse.com\/it\/estate\/esteso-lestate-del-fine-settimana\/#primaryimage"},"image":{"@id":"https:\/\/bergerlebnisse.com\/it\/estate\/esteso-lestate-del-fine-settimana\/#primaryimage"},"thumbnailUrl":"http:\/\/bergerlebnisse.com\/wp-content\/uploads\/2020\/03\/Cevedale-1.jpg","datePublished":"2020-03-20T20:27:05+00:00","dateModified":"2024-10-26T07:00:29+00:00","description":"I tour di 2 giorni sono l'occasione ideale per scalare le vette pi\u00f9 belle dell'Alto Adige, da Cevedale a Ortles (3905m)","breadcrumb":{"@id":"https:\/\/bergerlebnisse.com\/it\/estate\/esteso-lestate-del-fine-settimana\/#breadcrumb"},"inLanguage":"it-IT","potentialAction":[{"@type":"ReadAction","target":["https:\/\/bergerlebnisse.com\/it\/estate\/esteso-lestate-del-fine-settimana\/"]}]},{"@type":"ImageObject","inLanguage":"it-IT","@id":"https:\/\/bergerlebnisse.com\/it\/estate\/esteso-lestate-del-fine-settimana\/#primaryimage","url":"http:\/\/bergerlebnisse.com\/wp-content\/uploads\/2020\/03\/Cevedale-1.jpg","contentUrl":"http:\/\/bergerlebnisse.com\/wp-content\/uploads\/2020\/03\/Cevedale-1.jpg"},{"@type":"BreadcrumbList","@id":"https:\/\/bergerlebnisse.com\/it\/estate\/esteso-lestate-del-fine-settimana\/#breadcrumb","itemListElement":[{"@type":"ListItem","position":1,"name":"Startseite","item":"https:\/\/bergerlebnisse.com\/it\/"},{"@type":"ListItem","position":2,"name":"ESTATE","item":"https:\/\/bergerlebnisse.com\/it\/estate\/"},{"@type":"ListItem","position":3,"name":"ESTESO L&#8217;ESTATE DEL FINE SETTIMANA"}]},{"@type":"WebSite","@id":"https:\/\/bergerlebnisse.com\/it\/#website","url":"https:\/\/bergerlebnisse.com\/it\/","name":"Skischule Trafoi","description":"Erlebe die S\u00fcdtiroler Berge mit einem Experten","publisher":{"@id":"https:\/\/bergerlebnisse.com\/it\/#organization"},"potentialAction":[{"@type":"SearchAction","target":{"@type":"EntryPoint","urlTemplate":"https:\/\/bergerlebnisse.com\/it\/?s={search_term_string}"},"query-input":{"@type":"PropertyValueSpecification","valueRequired":true,"valueName":"search_term_string"}}],"inLanguage":"it-IT"},{"@type":"Organization","@id":"https:\/\/bergerlebnisse.com\/it\/#organization","name":"Skischule Trafoi","url":"https:\/\/bergerlebnisse.com\/it\/","logo":{"@type":"ImageObject","inLanguage":"it-IT","@id":"https:\/\/bergerlebnisse.com\/it\/#\/schema\/logo\/image\/","url":"","contentUrl":"","caption":"Skischule Trafoi"},"image":{"@id":"https:\/\/bergerlebnisse.com\/it\/#\/schema\/logo\/image\/"},"sameAs":["https:\/\/www.facebook.com\/skischuletrafoi","https:\/\/www.instagram.com\/skischule_trafoi\/"]}]}},"_links":{"self":[{"href":"https:\/\/bergerlebnisse.com\/it\/wp-json\/wp\/v2\/pages\/2130","targetHints":{"allow":["GET"]}}],"collection":[{"href":"https:\/\/bergerlebnisse.com\/it\/wp-json\/wp\/v2\/pages"}],"about":[{"href":"https:\/\/bergerlebnisse.com\/it\/wp-json\/wp\/v2\/types\/page"}],"author":[{"embeddable":true,"href":"https:\/\/bergerlebnisse.com\/it\/wp-json\/wp\/v2\/users\/1"}],"replies":[{"embeddable":true,"href":"https:\/\/bergerlebnisse.com\/it\/wp-json\/wp\/v2\/comments?post=2130"}],"version-history":[{"count":9,"href":"https:\/\/bergerlebnisse.com\/it\/wp-json\/wp\/v2\/pages\/2130\/revisions"}],"predecessor-version":[{"id":6420,"href":"https:\/\/bergerlebnisse.com\/it\/wp-json\/wp\/v2\/pages\/2130\/revisions\/6420"}],"up":[{"embeddable":true,"href":"https:\/\/bergerlebnisse.com\/it\/wp-json\/wp\/v2\/pages\/2120"}],"wp:attachment":[{"href":"https:\/\/bergerlebnisse.com\/it\/wp-json\/wp\/v2\/media?parent=2130"}],"curies":[{"name":"wp","href":"https:\/\/api.w.org\/{rel}","templated":true}]}}